{"id":51913,"date":"2018-09-10T13:13:00","date_gmt":"2018-09-10T11:13:00","guid":{"rendered":"https:\/\/integratek.es\/?page_id=51913"},"modified":"2025-08-25T11:04:51","modified_gmt":"2025-08-25T09:04:51","slug":"curriculum-jesus-c-guillen","status":"publish","type":"page","link":"https:\/\/integratek.es\/ca\/curriculum-jesus-c-guillen\/","title":{"rendered":"Jes\u00fas C. Guill\u00e9n | Equip de formadors d&#8217;Integratek"},"content":{"rendered":"\n<div class=\"row\"  id=\"row-1302600500\">\n\n\n\t<div id=\"col-669529228\" class=\"col small-12 large-12\"  >\n\t\t\t\t<div class=\"col-inner\"  >\n\t\t\t\n\t\t\t\n\n\t<div id=\"gap-1009804224\" class=\"gap-element clearfix\" style=\"display:block; height:auto;\">\n\t\t\n<style>\n#gap-1009804224 {\n  padding-top: 30px;\n}\n<\/style>\n\t<\/div>\n\t\n\n\n\t\t<\/div>\n\t\t\t\t\t<\/div>\n\n\t\n\n<\/div>\n<div class=\"row\"  id=\"row-1559966666\">\n\n\n\t<div id=\"col-708909667\" class=\"col medium-6 small-12 large-6\"  >\n\t\t\t\t<div class=\"col-inner\"  >\n\t\t\t\n\t\t\t\n\n\t<div id=\"gap-1161807150\" class=\"gap-element clearfix\" style=\"display:block; height:auto;\">\n\t\t\n<style>\n#gap-1161807150 {\n  padding-top: 30px;\n}\n<\/style>\n\t<\/div>\n\t\n\n<h1><span style=\"font-size: 160%;\">JES\u00daS C. <span style=\"color: #ff8300;\">GUILL\u00c9N<\/span><\/span><\/h1>\n\n\t\t<\/div>\n\t\t\t\t\t<\/div>\n\n\t\n\n\t<div id=\"col-41227157\" class=\"col medium-6 small-12 large-6\"  >\n\t\t\t\t<div class=\"col-inner\"  >\n\t\t\t\n\t\t\t\n\n\n\t\t<\/div>\n\t\t\t\t\t<\/div>\n\n\t\n\n<\/div>\n<div class=\"row\"  id=\"row-415432408\">\n\n\n\t<div id=\"col-1394502608\" class=\"col medium-6 small-12 large-6\"  >\n\t\t\t\t<div class=\"col-inner\"  >\n\t\t\t\n\t\t\t\n\n<p><b>Professor de postgrau, de m\u00e0ster i diplomatura.<\/b>  Creador del bloc \u201cEscola amb Cervell\u201d. Autor i coautor de llibres sobre neuroci\u00e8ncia. <\/p>\n<ul>\n<li>Professor del postgrau de neuroeducaci\u00f3 de la Universitat de Barcelona.<\/li>\n<li>Professor del m\u00e0ster de neurodid\u00e0ctica de CADE a Madrid.<\/li>\n<li>Professor de la diplomatura Neuroci\u00e8ncies i emocions en l&#8217;aprenentatge de la Universitat Nacional Villa Mar\u00eda de Argentina,<\/li>\n<li>Creador del bloc sobre neuroeducaci\u00f3 &#8220;Escola amb Cervell&#8221;.<\/li>\n<li>Autor del llibre &#8220;Neuroeducaci\u00f3 a l&#8217;aula. De la teoria a la pr\u00e0ctica&#8221;.<\/li>\n<li>Coautor de &#8220;Neuromits en educaci\u00f3. L&#8217;aprenentatge des de la neuroci\u00e8ncia&#8221;.<\/li>\n<li>Col\u00b7laborador a la revista Quaderns de Pedagogia de la qual \u00e9s membre del Consell Assessor.<\/li>\n<\/ul>\n\n\t\t<\/div>\n\t\t\t\t\t<\/div>\n\n\t\n\n\t<div id=\"col-1573463370\" class=\"col medium-6 small-12 large-6\"  >\n\t\t\t\t<div class=\"col-inner\"  >\n\t\t\t\n\t\t\t\n\n    <div class=\"box has-hover has-hover box-none box-text-bottom\" >\n\n                  <div class=\"box-image \" style=\"width:65%;\">\n           <div class=\"box-image-inner image-cover\" style=\"border-radius:100%;padding-top:100%;\">\n              <img loading=\"lazy\" decoding=\"async\" width=\"745\" height=\"663\" src=\"https:\/\/integratek.es\/wp-content\/uploads\/2018\/11\/Jesu\u0301s-2.jpg\" class=\"attachment- size-\" alt=\"\" srcset=\"https:\/\/integratek.es\/wp-content\/uploads\/2018\/11\/Jesu\u0301s-2.jpg 745w, https:\/\/integratek.es\/wp-content\/uploads\/2018\/11\/Jesu\u0301s-2-510x454.jpg 510w, https:\/\/integratek.es\/wp-content\/uploads\/2018\/11\/Jesu\u0301s-2-449x400.jpg 449w\" sizes=\"auto, (max-width: 745px) 100vw, 745px\" \/>                         <\/div>\n          <\/div>\n         \n          <div class=\"box-text text-center\" >\n                <div class=\"box-text-inner\">\n                  <h4 class=\"uppercase\">\n                    <span class=\"person-name\">Ola Nordmann<\/span><br\/>\n                    <span class=\"person-title is-small thin-font op-7\">\n                      Customer Support                    <\/span>\n                  <\/h4>\n\t\t\t\t\t\n\n<p>Lorem ipsum..<\/p>\n\n                <\/div>\n          <\/div>\n    <\/div>\n\n\t\n    \n\n\t\t<\/div>\n\t\t\t\t\t<\/div>\n\n\t\n\n<\/div>\n<div class=\"text-center\"><div class=\"is-divider divider clearfix\" style=\"max-width:1050px;background-color:rgb(209, 209, 209);\"><\/div><\/div>\n\n<div class=\"row\"  id=\"row-93354288\">\n\n\n\t<div id=\"col-194936554\" class=\"col medium-6 small-12 large-6\"  >\n\t\t\t\t<div class=\"col-inner\"  >\n\t\t\t\n\t\t\t\n\n<p><span style=\"font-size: 160%;\"><strong>V\u00eddeos de Jes\u00fas Guill\u00e9n<\/strong><\/span><\/p>\n\n\t\t<\/div>\n\t\t\t\t\t<\/div>\n\n\t\n\n\t<div id=\"col-436214171\" class=\"col medium-6 small-12 large-6\"  >\n\t\t\t\t<div class=\"col-inner\"  >\n\t\t\t\n\t\t\t\n\n\n\t\t<\/div>\n\t\t\t\t\t<\/div>\n\n\t\n\n<\/div>\n<div class=\"row\"  id=\"row-1919328929\">\n\n\n\t<div id=\"col-2012312504\" class=\"col medium-6 small-12 large-6\"  >\n\t\t\t\t<div class=\"col-inner text-center\"  >\n\t\t\t\n\t\t\t\n\n<h6 style=\"text-align: center;\"><span style=\"font-size: 100%;\">Neuroeducaci\u00f3 a l&#8217;aula: de la teoria a la pr\u00e0ctica<\/span><\/h6>\n<div class=\"video video-fit mb\" style=\"padding-top:56.25%;\"><iframe loading=\"lazy\" src=\"https:\/\/player.vimeo.com\/video\/293695416?app_id=122963\" width=\"1020\" height=\"574\" frameborder=\"0\" title=\"Neuroeducaci&oacute;n en el aula: de la teor&iacute;a a la pr&aacute;ctica | Jes&uacute;s Guill&eacute;n | Cursos Integratek\" webkitallowfullscreen mozallowfullscreen allowfullscreen><\/iframe><\/div>\n\n<h6 style=\"text-align: center;\"><span style=\"font-size: 100%;\">Qu\u00e8 s\u00f3n les funcions executives?<\/span><\/h6>\n<div class=\"video video-fit mb\" style=\"padding-top:56.25%;\"><p><iframe loading=\"lazy\" src=\"https:\/\/player.vimeo.com\/video\/291898966?app_id=122963\" width=\"1020\" height=\"574\" frameborder=\"0\" title=\"&iquest;Qu&eacute; son las funciones ejecutivas? | Neuroeducaci&oacute;n en el aula: de la teor&iacute;a a la pr&aacute;ctica\" webkitallowfullscreen mozallowfullscreen allowfullscreen><\/iframe><\/p>\n<\/div>\n\n\n\t\t<\/div>\n\t\t\t\t\t<\/div>\n\n\t\n\n\t<div id=\"col-515590886\" class=\"col medium-6 small-12 large-6\"  >\n\t\t\t\t<div class=\"col-inner\"  >\n\t\t\t\n\t\t\t\n\n<h6 style=\"text-align: center;\"><span style=\"font-size: 100%;\">Qu\u00e8 \u00e9s la neuroeducaci\u00f3?<\/span><\/h6>\n<div class=\"video video-fit mb\" style=\"padding-top:56.25%;\"><p><iframe loading=\"lazy\" src=\"https:\/\/player.vimeo.com\/video\/291901444?app_id=122963\" width=\"1020\" height=\"574\" frameborder=\"0\" title=\"&iquest;Qu&eacute; es la neuroeducaci&oacute;n? | Neuroeducaci&oacute;n en el aula: de la teor&iacute;a a la pr&aacute;ctica\" webkitallowfullscreen mozallowfullscreen allowfullscreen><\/iframe><\/p>\n<\/div>\n\n<h6 style=\"text-align: center;\"><span style=\"font-size: 100%;\">Plasticitat cerebral i mentalitat de creixement<\/span><\/h6>\n<div class=\"video video-fit mb\" style=\"padding-top:56.25%;\"><p><iframe loading=\"lazy\" src=\"https:\/\/player.vimeo.com\/video\/291901844?app_id=122963\" width=\"1020\" height=\"574\" frameborder=\"0\" title=\"Plasticidad cerebral y mentalidad de crecimiento | Neuroeducaci&oacute;n en el aula: de la teor&iacute;a a la pr&aacute;ctica\" webkitallowfullscreen mozallowfullscreen allowfullscreen><\/iframe><\/p>\n<\/div>\n\n\n\t\t<\/div>\n\t\t\t\t\t<\/div>\n\n\t\n\n<\/div>\n<div class=\"row\"  id=\"row-2018205356\">\n\n\n\t<div id=\"col-1434566032\" class=\"col medium-6 small-12 large-6\"  >\n\t\t\t\t<div class=\"col-inner\"  >\n\t\t\t\n\t\t\t\n\n<p><span style=\"font-size: 160%;\"><strong>Entrevistes i articles a Jes\u00fas C. Guill\u00e9n<\/strong><\/span><\/p>\n<p>&nbsp;<\/p>\n<p>&nbsp;<\/p>\n\n\t\t<\/div>\n\t\t\t\t\t<\/div>\n\n\t\n\n\t<div id=\"col-1469931639\" class=\"col medium-4 small-12 large-4\"  >\n\t\t\t\t<div class=\"col-inner\"  >\n\t\t\t\n\t\t\t\n\n\n\t\t<\/div>\n\t\t\t\t\t<\/div>\n\n\t\n\n\t<div id=\"col-198789404\" class=\"col medium-4 small-12 large-4\"  >\n\t\t\t\t<div class=\"col-inner\"  >\n\t\t\t\n\t\t\t\n\n<p>Jes\u00fas C. Guill\u00e9n: &#8220;No podem separar all\u00f2 emocional del cognitiu&#8221;: <a href=\"https:\/\/integratek.es\/ca\/2018\/10\/25\/jesus-c-guillen-no-podem-separar-allo-emocional-del-cognitiu\/\" target=\"_blank\" rel=\"noopener\">www.integratek.es\/no-podemos-separar-lo-emocional-de-lo-cognitivo-jesus-guillen<\/a><\/p>\n<p>&nbsp;<\/p>\n\n\t\t<\/div>\n\t\t\t\t\t<\/div>\n\n\t\n\n\t<div id=\"col-1372746505\" class=\"col medium-6 small-12 large-6\"  >\n\t\t\t\t<div class=\"col-inner\"  >\n\t\t\t\n\t\t\t\n\n<p>Articles sobre neuroeducaci\u00f3 i les seves implicacions pedag\u00f2giques: <a href=\"https:\/\/integratek.es\/ca\/articles-sobre-neuroeducacio-i-les-seves-implicacions-pedagogiques\/\" target=\"_blank\" rel=\"noopener\">www.integratek.es\/articulos-sobre-neuroeducacion-y-sus-implicaciones-pedagogicas<\/a><\/p>\n\n\t\t<\/div>\n\t\t\t\t\t<\/div>\n\n\t\n\n<\/div>\n<div class=\"row\"  id=\"row-340627776\">\n\n\n\t<div id=\"col-1995117293\" class=\"col small-12 large-12\"  >\n\t\t\t\t<div class=\"col-inner\"  >\n\t\t\t\n\t\t\t\n\n<a href=\"https:\/\/integratek.es\/ca\/equip-formadors-integratek\/\" target=\"_blank\" class=\"button primary is-large lowercase expand\" rel=\"noopener\" style=\"border-radius:99px;\">\n\t\t<span>Descobreix m\u00e9s formadors d&#039;Integratek<\/span>\n\t<\/a>\n\n\n\n\t\t<\/div>\n\t\t\t\t\t<\/div>\n\n\t\n\n<\/div>\n\t<div id=\"gap-501211006\" class=\"gap-element clearfix\" style=\"display:block; height:auto;\">\n\t\t\n<style>\n#gap-501211006 {\n  padding-top: 30px;\n}\n<\/style>\n\t<\/div>\n\t\n\n<div class=\"row\"  id=\"row-1221416560\">\n\n\n\t<div id=\"col-880507442\" class=\"col medium-6 small-12 large-6\"  >\n\t\t\t\t<div class=\"col-inner\"  >\n\t\t\t\n\t\t\t\n\n<p><span style=\"font-size: 160%;\"><strong>Formacions d&#8217;Integratek amb Jes\u00fas C. Guill\u00e9n<\/strong><\/span><\/p>\n\n\t\t<\/div>\n\t\t\t\t\t<\/div>\n\n\t\n\n\t<div id=\"col-1575681207\" class=\"col medium-6 small-12 large-6\"  >\n\t\t\t\t<div class=\"col-inner\"  >\n\t\t\t\n\t\t\t\n\n\n\t\t<\/div>\n\t\t\t\t\t<\/div>\n\n\t\n\n<\/div>\n<ul class=\"ux-products-list product_list_widget\"><\/ul>\n\n<div class=\"row\"  id=\"row-1104667320\">\n\n\n\t<div id=\"col-1863674528\" class=\"col small-12 large-12\"  >\n\t\t\t\t<div class=\"col-inner\"  >\n\t\t\t\n\t\t\t\n\n<ul class=\"ux-products-list product_list_widget\">\n\t\t\t\t\t<li>\n\t<a href=\"https:\/\/integratek.es\/ca\/botiga\/cursos-online-ca\/neurociencia-ca-2\/neuroeducacio-a-laula-de-la-teoria-a-la-practica\/\" title=\"Neuroeducaci\u00f3 a l&#039;aula: de la teoria a la pr\u00e0ctica\">\n\t\t<img loading=\"lazy\" decoding=\"async\" width=\"100\" height=\"100\" src=\"https:\/\/integratek.es\/wp-content\/uploads\/2020\/07\/NUEVOS-CURSOS9-100x100.jpg\" class=\"attachment-woocommerce_gallery_thumbnail size-woocommerce_gallery_thumbnail\" alt=\"Neuroeducaci\u00f3 a l&#039;aula: de la teoria a la pr\u00e0ctica\" srcset=\"https:\/\/integratek.es\/wp-content\/uploads\/2020\/07\/NUEVOS-CURSOS9-100x100.jpg 100w, https:\/\/integratek.es\/wp-content\/uploads\/2020\/07\/NUEVOS-CURSOS9-280x280.jpg 280w\" sizes=\"auto, (max-width: 100px) 100vw, 100px\" \/>\t\t<span class=\"product-title\">Neuroeducaci\u00f3 a l'aula: de la teoria a la pr\u00e0ctica<\/span>\n\t<\/a>\n\t<div class=\"star-rating\" role=\"img\" aria-label=\"Puntuat amb 4.61 de 5\"><span style=\"width:92.2%\">Valorat <strong class=\"rating\">4.61<\/strong> sobre 5 en funci\u00f3 de <span class=\"rating\">350<\/span> valoracions de clients<\/span><\/div>\t<span class=\"wcpbc-price wcpbc-price-204287\" data-product-id=\"204287\"><del aria-hidden=\"true\"><span class=\"woocommerce-Price-amount amount\"><bdi>215,00<span class=\"woocommerce-Price-currencySymbol\">&euro;<\/span><\/bdi><\/span><\/del> <span class=\"screen-reader-text\">El preu original era: 215,00&euro;.<\/span><ins aria-hidden=\"true\"><span class=\"woocommerce-Price-amount amount\"><bdi>109,00<span class=\"woocommerce-Price-currencySymbol\">&euro;<\/span><\/bdi><\/span><\/ins><span class=\"screen-reader-text\">El preu actual \u00e9s: 109,00&euro;.<\/span><\/span><\/li>\n\t\t\t\t\t<li>\n\t<a href=\"https:\/\/integratek.es\/ca\/botiga\/cursos-online-ca\/educacio-i-escola\/neurociencia-la-gran-oportunitat-del-cervell-infantil-i-adolescent\/\" title=\"Neuroci\u00e8ncia: la gran oportunitat del cervell infantil i adolescent\">\n\t\t<img loading=\"lazy\" decoding=\"async\" width=\"100\" height=\"100\" src=\"https:\/\/integratek.es\/wp-content\/uploads\/2023\/08\/RAFA-GUERRERO_Banner-100x100.png\" class=\"attachment-woocommerce_gallery_thumbnail size-woocommerce_gallery_thumbnail\" alt=\"Neuroci\u00e8ncia: la gran oportunitat del cervell infantil i adolescent\" srcset=\"https:\/\/integratek.es\/wp-content\/uploads\/2023\/08\/RAFA-GUERRERO_Banner-100x100.png 100w, https:\/\/integratek.es\/wp-content\/uploads\/2023\/08\/RAFA-GUERRERO_Banner-280x280.png 280w\" sizes=\"auto, (max-width: 100px) 100vw, 100px\" \/>\t\t<span class=\"product-title\">Neuroci\u00e8ncia: la gran oportunitat del cervell infantil i adolescent<\/span>\n\t<\/a>\n\t<div class=\"star-rating\" role=\"img\" aria-label=\"Puntuat amb 4.76 de 5\"><span style=\"width:95.2%\">Valorat <strong class=\"rating\">4.76<\/strong> sobre 5 en funci\u00f3 de <span class=\"rating\">17<\/span> valoracions de clients<\/span><\/div>\t<span class=\"wcpbc-price wcpbc-price-204145\" data-product-id=\"204145\"><del aria-hidden=\"true\"><span class=\"woocommerce-Price-amount amount\"><bdi>215,00<span class=\"woocommerce-Price-currencySymbol\">&euro;<\/span><\/bdi><\/span><\/del> <span class=\"screen-reader-text\">El preu original era: 215,00&euro;.<\/span><ins aria-hidden=\"true\"><span class=\"woocommerce-Price-amount amount\"><bdi>129,00<span class=\"woocommerce-Price-currencySymbol\">&euro;<\/span><\/bdi><\/span><\/ins><span class=\"screen-reader-text\">El preu actual \u00e9s: 129,00&euro;.<\/span><\/span><\/li>\n\t\t\t\t\t<li>\n\t<a href=\"https:\/\/integratek.es\/ca\/botiga\/cursos-online-ca\/neurociencia-ca-2\/funcions-executives-a-leducacio-i-a-la-vida\/\" title=\"Funcions executives a l&#039;educaci\u00f3 i a la vida\">\n\t\t<img loading=\"lazy\" decoding=\"async\" width=\"100\" height=\"100\" src=\"https:\/\/integratek.es\/wp-content\/uploads\/2022\/03\/220319_CUO_FEJEDVI__BANNER-100x100.jpg\" class=\"attachment-woocommerce_gallery_thumbnail size-woocommerce_gallery_thumbnail\" alt=\"Funcions executives a l&#039;educaci\u00f3 i a la vida\" srcset=\"https:\/\/integratek.es\/wp-content\/uploads\/2022\/03\/220319_CUO_FEJEDVI__BANNER-100x100.jpg 100w, https:\/\/integratek.es\/wp-content\/uploads\/2022\/03\/220319_CUO_FEJEDVI__BANNER-280x280.jpg 280w\" sizes=\"auto, (max-width: 100px) 100vw, 100px\" \/>\t\t<span class=\"product-title\">Funcions executives a l'educaci\u00f3 i a la vida<\/span>\n\t<\/a>\n\t<div class=\"star-rating\" role=\"img\" aria-label=\"Puntuat amb 4.44 de 5\"><span style=\"width:88.8%\">Valorat <strong class=\"rating\">4.44<\/strong> sobre 5 en funci\u00f3 de <span class=\"rating\">68<\/span> valoracions de clients<\/span><\/div>\t<span class=\"wcpbc-price wcpbc-price-204214\" data-product-id=\"204214\"><del aria-hidden=\"true\"><span class=\"woocommerce-Price-amount amount\"><bdi>110,00<span class=\"woocommerce-Price-currencySymbol\">&euro;<\/span><\/bdi><\/span><\/del> <span class=\"screen-reader-text\">El preu original era: 110,00&euro;.<\/span><ins aria-hidden=\"true\"><span class=\"woocommerce-Price-amount amount\"><bdi>65,00<span class=\"woocommerce-Price-currencySymbol\">&euro;<\/span><\/bdi><\/span><\/ins><span class=\"screen-reader-text\">El preu actual \u00e9s: 65,00&euro;.<\/span><\/span><\/li>\n\t\t\n\t\t<\/ul>\n\n\n\t\t<\/div>\n\t\t\t\t\t<\/div>\n\n\t\n\n<\/div>\n\t<div id=\"gap-1607838414\" class=\"gap-element clearfix\" style=\"display:block; height:auto;\">\n\t\t\n<style>\n#gap-1607838414 {\n  padding-top: 30px;\n}\n<\/style>\n\t<\/div>\n\t\n\n<div class=\"row\"  id=\"row-1918019523\">\n\n\n\t<div id=\"col-1946713911\" class=\"col small-12 large-12\"  >\n\t\t\t\t<div class=\"col-inner\"  >\n\t\t\t\n\t\t\t\n\n<a href=\"https:\/\/integratek.es\/ca\/cursos-online-homologats\/\" target=\"_blank\" class=\"button primary is-large lowercase expand\" rel=\"noopener\" style=\"border-radius:99px;\">\n\t\t<span>Descobreix m\u00e9s cursos d&#039;Integratek<\/span>\n\t<\/a>\n\n\n\n\t\t<\/div>\n\t\t\t\t\t<\/div>\n\n\t\n\n<\/div>\n<div class=\"row\"  id=\"row-1678475816\">\n\n\n<\/div>\n\n","protected":false},"excerpt":{"rendered":"","protected":false},"author":1,"featured_media":0,"parent":0,"menu_order":0,"comment_status":"closed","ping_status":"closed","template":"","meta":{"_acf_changed":false,"productId":0,"footnotes":""},"class_list":["post-51913","page","type-page","status-publish","hentry"],"acf":[],"_links":{"self":[{"href":"https:\/\/integratek.es\/ca\/wp-json\/wp\/v2\/pages\/51913","targetHints":{"allow":["GET"]}}],"collection":[{"href":"https:\/\/integratek.es\/ca\/wp-json\/wp\/v2\/pages"}],"about":[{"href":"https:\/\/integratek.es\/ca\/wp-json\/wp\/v2\/types\/page"}],"author":[{"embeddable":true,"href":"https:\/\/integratek.es\/ca\/wp-json\/wp\/v2\/users\/1"}],"replies":[{"embeddable":true,"href":"https:\/\/integratek.es\/ca\/wp-json\/wp\/v2\/comments?post=51913"}],"version-history":[{"count":5,"href":"https:\/\/integratek.es\/ca\/wp-json\/wp\/v2\/pages\/51913\/revisions"}],"predecessor-version":[{"id":207124,"href":"https:\/\/integratek.es\/ca\/wp-json\/wp\/v2\/pages\/51913\/revisions\/207124"}],"wp:attachment":[{"href":"https:\/\/integratek.es\/ca\/wp-json\/wp\/v2\/media?parent=51913"}],"curies":[{"name":"wp","href":"https:\/\/api.w.org\/{rel}","templated":true}]}}