{"id":50802,"date":"2018-07-03T14:47:54","date_gmt":"2018-07-03T12:47:54","guid":{"rendered":"https:\/\/integratek.es\/?page_id=50802"},"modified":"2025-07-24T15:21:10","modified_gmt":"2025-07-24T13:21:10","slug":"curriculum-anna-lopez","status":"publish","type":"page","link":"https:\/\/integratek.es\/ca\/curriculum-anna-lopez\/","title":{"rendered":"Anna L\u00f3pez | Equip de formadors d&#8217;Integratek"},"content":{"rendered":"\n\t<div id=\"gap-516196721\" class=\"gap-element clearfix\" style=\"display:block; height:auto;\">\n\t\t\n<style>\n#gap-516196721 {\n  padding-top: 50px;\n}\n<\/style>\n\t<\/div>\n\t\n\n<div class=\"row\"  id=\"row-731942354\">\n\n\n\t<div id=\"col-198863388\" class=\"col medium-6 small-12 large-6\"  >\n\t\t\t\t<div class=\"col-inner\"  >\n\t\t\t\n\t\t\t\n\n<h1><span style=\"font-size: 160%;\">ANNA\u00a0<span style=\"color: #ff8300;\">L\u00d3PEZ<\/span><\/span><\/h1>\n<p>Experta en Neuropsicologia Infantil. Adjunta al Servei de Neurologia de l\u2019Hospital Sant Joan de D\u00e9u de Barcelona i a la UTAE. Les seves l\u00ednies de treball principals s\u00f3n el diagn\u00f2stic i l\u2019abordatge dels trastorns d\u2019aprenentatge escolar (disl\u00e8xia, TDAH, discalc\u00falia, etc.), l\u2019estudi neuropsicol\u00f2gic i els programes de rehabilitaci\u00f3 d\u2019infants amb dany cerebral adquirit (DCA, TCE, epil\u00e8psia, etc.). Participa activament en activitats de doc\u00e8ncia i en tallers per millorar l\u2019abordatge escolar dels infants amb difer\u00e8ncies d\u2019aprenentatge.<\/p>\n<div class=\"wpb_text_column wpb_content_elementvc_custom_1516366974312\">\n<div class=\"wpb_wrapper\">\n<div class=\"wpb_text_column-text-style\">\n<ul>\n<li>Doctora en Psicologia. Universitat Aut\u00f2noma de Barcelona, 2011.<\/li>\n<li>M\u00e0ster en Neuropsicologia. Universitat Aut\u00f2noma de Barcelona, 2002.<\/li>\n<li>Llicenciada en Psicologia. Universitat\u00a0de Barcelona, 1996.<\/li>\n<li>Codirectora de tesis doctorals (quatre tesis el 2018).<\/li>\n<li>Grup de treball de Neuropsicologia Infantil al COPC.<\/li>\n<li>Investigadora en el desenvolupament del projecte ACADOM, 2010 &#8211; 2016.<\/li>\n<li>Coordinadora en el conveni (inici al 2016) amb les Escoles Vedruna de Catalunya i l\u2019Hospital Sant Joan de D\u00e9u Barcelona.<\/li>\n<li>Investigadora del projecte de La Marat\u00f3 de TV3, 2009 &#8211; 2012.<\/li>\n<li>Docent del m\u00e0ster de Neuropsicologia de la Universitat\u00a0Aut\u00f2noma de Barcelona\u00a0, des del 2003.<\/li>\n<li>Docent del m\u00e0ster de Neuropediatria de la Universitat\u00a0de Barcelona, des del 2003.<\/li>\n<li>Col\u00b7laboradora docent de la Universitat Oberta de Catalunya, UOC\u00a0, des del 2009.<\/li>\n<li>Participa en m\u00faltiples sessions formatives i cursos a Catalunya sobre els trastorns de l\u2019aprenentatge i el seu abordatge.<\/li>\n<\/ul>\n<\/div>\n<\/div>\n<\/div>\n\n\t\t<\/div>\n\t\t\t\t\t<\/div>\n\n\t\n\n\t<div id=\"col-2037849169\" class=\"col medium-6 small-12 large-6\"  >\n\t\t\t\t<div class=\"col-inner\"  >\n\t\t\t\n\t\t\t\n\n    <div class=\"box has-hover has-hover box-none box-text-bottom\" >\n\n                  <div class=\"box-image \" style=\"width:65%;\">\n           <div class=\"box-image-inner image-cover\" style=\"border-radius:100%;padding-top:100%;\">\n              <img loading=\"lazy\" decoding=\"async\" width=\"346\" height=\"346\" src=\"https:\/\/integratek.es\/wp-content\/uploads\/2018\/07\/lopez_sala_anna_hospital_sant_joan_deu_barcelona.jpg\" class=\"attachment- size-\" alt=\"\" srcset=\"https:\/\/integratek.es\/wp-content\/uploads\/2018\/07\/lopez_sala_anna_hospital_sant_joan_deu_barcelona.jpg 346w, https:\/\/integratek.es\/wp-content\/uploads\/2018\/07\/lopez_sala_anna_hospital_sant_joan_deu_barcelona-100x100.jpg 100w, https:\/\/integratek.es\/wp-content\/uploads\/2018\/07\/lopez_sala_anna_hospital_sant_joan_deu_barcelona-280x280.jpg 280w\" sizes=\"auto, (max-width: 346px) 100vw, 346px\" \/>                         <\/div>\n          <\/div>\n         \n          <div class=\"box-text text-center\" >\n                <div class=\"box-text-inner\">\n                  <h4 class=\"uppercase\">\n                    <span class=\"person-name\"><\/span><br\/>\n                    <span class=\"person-title is-small thin-font op-7\">\n                                          <\/span>\n                  <\/h4>\n\t\t\t\t\t\n\n\n                <\/div>\n          <\/div>\n    <\/div>\n\n\t\n    \n\n\t\t<\/div>\n\t\t\t\t\t<\/div>\n\n\t\n\n<\/div>\n\n","protected":false},"excerpt":{"rendered":"","protected":false},"author":119844,"featured_media":0,"parent":0,"menu_order":0,"comment_status":"closed","ping_status":"closed","template":"","meta":{"_acf_changed":false,"productId":0,"courseId":0,"footnotes":""},"class_list":["post-50802","page","type-page","status-publish","hentry"],"acf":[],"_links":{"self":[{"href":"https:\/\/integratek.es\/ca\/wp-json\/wp\/v2\/pages\/50802","targetHints":{"allow":["GET"]}}],"collection":[{"href":"https:\/\/integratek.es\/ca\/wp-json\/wp\/v2\/pages"}],"about":[{"href":"https:\/\/integratek.es\/ca\/wp-json\/wp\/v2\/types\/page"}],"author":[{"embeddable":true,"href":"https:\/\/integratek.es\/ca\/wp-json\/wp\/v2\/users\/119844"}],"replies":[{"embeddable":true,"href":"https:\/\/integratek.es\/ca\/wp-json\/wp\/v2\/comments?post=50802"}],"version-history":[{"count":0,"href":"https:\/\/integratek.es\/ca\/wp-json\/wp\/v2\/pages\/50802\/revisions"}],"wp:attachment":[{"href":"https:\/\/integratek.es\/ca\/wp-json\/wp\/v2\/media?parent=50802"}],"curies":[{"name":"wp","href":"https:\/\/api.w.org\/{rel}","templated":true}]}}