{"id":50263,"date":"2018-06-25T12:20:42","date_gmt":"2018-06-25T10:20:42","guid":{"rendered":"http:\/\/integratek.es\/?page_id=50263"},"modified":"2025-07-22T16:42:50","modified_gmt":"2025-07-22T14:42:50","slug":"politica-de-privadesa","status":"publish","type":"page","link":"https:\/\/integratek.es\/ca\/politica-de-privadesa\/","title":{"rendered":"Pol\u00edtica de privadesa"},"content":{"rendered":"<p><strong>1.- RESPONSABLE<\/strong><\/p>\n<p>Integra-Tek, SL i Associaci\u00f3 Integratek \u2013 CIF B65086654<\/p>\n<p>Adre\u00e7a de contacte: C\/ Zamora, 45 08005-Barcelona<\/p>\n<p>Correu electr\u00f2nic: <a href=\"mailto:info@integratek.es%20\">info@integratek.es<\/a>  <\/p>\n<p>Tel\u00e8fon de contacte: 932107024<\/p>\n<p>P\u00e0gina web: <a href=\"http:\/\/www.integratek.es\">www.integratek.es<\/a><\/p>\n<p><strong>2.- PROCED\u00c8NCIA, FINALITAT I DESTINATARIS<\/strong><\/p>\n<p>S&#8217;hauran d&#8217;emplenar vera\u00e7ment totes les dades sol\u00b7licitades al formulari de contacte.<\/p>\n<p>&#8211; Dades personals de sol\u00b7licitant.<\/p>\n<p>Les dades personals s\u00f3n proporcionades directament pels mateixos interessats amb la finalitat de gestionar la sol\u00b7licitud dinformaci\u00f3. Podem recollir dades personals identificatives i de contacte. <\/p>\n<p>Finalment, s&#8217;enviar\u00e0 informaci\u00f3 per mitjans electr\u00f2nics sobre les activitats futures que dugui a terme l&#8217;entitat a aquells interessats que, degudament informats durant la recollida de dades, no s&#8217;hi oposin.<\/p>\n<p>&#8211; Sol\u00b7licitants d&#8217;informaci\u00f3<\/p>\n<p>Les dades personals procedeixen del mateix interessat el qual ens les proporciona en completar el formulari de contacte a la p\u00e0gina web, en trucar-nos per tel\u00e8fon, en enviar-nos un correu electr\u00f2nic oa trav\u00e9s de consultes a les xarxes socials on t\u00e9 pres\u00e8ncia l&#8217;entitat.<\/p>\n<p>Aquestes dades es fan servir amb la finalitat de resoldre les consultes i proporcionar informaci\u00f3 de car\u00e0cter comercial a aquells que ho demanin o ho autoritzin expressament, principalment per mitj\u00e0 del correu electr\u00f2nic.<\/p>\n<p><strong>3.- LEGITIMACI\u00d3 I CONSERVACI\u00d3<\/strong><\/p>\n<p>Legitimaci\u00f3 \u2013 En primer lloc, podem tractar les dades perqu\u00e8 els mateixos interessats o els seus responsables ens les proporcionen per gestionar el seu registre com a usuari a la web.<\/p>\n<p>Tamb\u00e9 demanem perm\u00eds a aquestes persones per al tractament de les vostres dades, per als casos en qu\u00e8 la legislaci\u00f3 vigent aix\u00ed ens ho exigeix, principalment en relaci\u00f3 amb l&#8217;enviament de correus electr\u00f2nics comercials.<\/p>\n<p>Finalment, de vegades alguna llei ens demanar\u00e0 que presentem o conservem determinada documentaci\u00f3 en qu\u00e8 poden apar\u00e8ixer dades personals dels nostres clients com pot ser la Llei General Tribut\u00e0ria, per la qual cosa haurem de tractar aquestes dades en el seu compliment.<\/p>\n<p>Conservaci\u00f3 \u2013 Un cop les dades no siguin necess\u00e0ries per als fins amb qu\u00e8 van ser recollides, es conservaran a disposici\u00f3 de les administracions p\u00fabliques competents, jutges i tribunals durant els terminis legals de conservaci\u00f3, \u00e9s a dir mentre una llei ens pugui exigir que els presentem. Expirats aquests terminis es mantindran bloquejats fins que sigui possible la posterior destrucci\u00f3 o supressi\u00f3. <\/p>\n<p><strong>4.- DESTINATARIS FORA DE LA UNI\u00d3 EUROPEA<\/strong><\/p>\n<p>No cedim dades personals a tercers ni comptem amb prove\u00efdors que ens prestin serveis basats fora de la Uni\u00f3 Europea.<\/p>\n<p><strong>5.- CONSENTIMENT<\/strong><\/p>\n<p>El consentiment per als tractaments seg\u00fcents es recull de manera lliure, espec\u00edfica, informada i inequ\u00edvoca mitjan\u00e7ant caselles als propis formularis.<\/p>\n<p>A m\u00e9s, si no voleu rebre comunicacions per correu electr\u00f2nic podreu oposar-vos de manera senzilla en els mateixos formularis.<\/p>\n<p>&#8211; Oposici\u00f3 a rebre comunicacions electr\u00f2niques.<\/p>\n<p><strong>6.- DRETS<\/strong><\/p>\n<p>Vost\u00e8 podr\u00e0:<\/p>\n<p>&#8211; Retirar el seu consentiment o exercir els seus drets de:<\/p>\n<ul>\n<li>Acc\u00e9s, o con\u00e8ixer quines dades personals tractem de vost\u00e8.<\/li>\n<li>Rectificaci\u00f3, o corregir dades personals incorrectes o inexactes.<\/li>\n<li>Supressi\u00f3, o eliminar les dades personals que tenim de vost\u00e8.<\/li>\n<li>Oposici\u00f3, o que deixem de tractar les vostres dades personals.<\/li>\n<li>Limitaci\u00f3, oa restringir el tractament que fem.<\/li>\n<li>Portabilitat, oa que us proporcionem les vostres dades personals.<\/li>\n<\/ul>\n<p>Sobre les dades de car\u00e0cter personal presentant una c\u00f2pia d&#8217;un document identificatiu i exposant-ne breument el cas i el dret que vol exercir, mitjan\u00e7ant carta adre\u00e7ada a Integra-Tek, SL i Associaci\u00f3 Integratek C\/ Zamora, 45 08005-Barcelona oa <a href=\"mailto:info@integratek.es\">info@integratek.es<\/a><\/p>\n<p>Podeu trobar m\u00e9s informaci\u00f3 sobre els vostres drets o presentar una reclamaci\u00f3 davant l&#8217;autoritat de control competent a l&#8217;Ag\u00e8ncia Espanyola de Protecci\u00f3 de Dades http:\/\/www.agpd.es &#8211; C\/ Jorge Juan, 6. 28001 \u2013 Madrid (901 100 099 &#8211; 912 663 517) <\/p>","protected":false},"excerpt":{"rendered":"<p>1.- RESPONSABLE Integra-Tek, SL i Associaci\u00f3 Integratek \u2013 CIF B65086654 Adre\u00e7a de contacte: C\/ Zamora, 45 08005-Barcelona Correu electr\u00f2nic: info@integratek.es Tel\u00e8fon de contacte: 932107024 P\u00e0gina web: www.integratek.es 2.- PROCED\u00c8NCIA, FINALITAT I DESTINATARIS S&#8217;hauran d&#8217;emplenar vera\u00e7ment totes les dades sol\u00b7licitades al formulari de contacte. &#8211; Dades personals de sol\u00b7licitant. Les dades personals s\u00f3n proporcionades directament pels [&#8230;]\n","protected":false},"author":1,"featured_media":0,"parent":0,"menu_order":0,"comment_status":"closed","ping_status":"closed","template":"page-blank-title-center.php","meta":{"_acf_changed":false,"productId":0,"footnotes":""},"class_list":["post-50263","page","type-page","status-publish","hentry"],"acf":[],"_links":{"self":[{"href":"https:\/\/integratek.es\/ca\/wp-json\/wp\/v2\/pages\/50263","targetHints":{"allow":["GET"]}}],"collection":[{"href":"https:\/\/integratek.es\/ca\/wp-json\/wp\/v2\/pages"}],"about":[{"href":"https:\/\/integratek.es\/ca\/wp-json\/wp\/v2\/types\/page"}],"author":[{"embeddable":true,"href":"https:\/\/integratek.es\/ca\/wp-json\/wp\/v2\/users\/1"}],"replies":[{"embeddable":true,"href":"https:\/\/integratek.es\/ca\/wp-json\/wp\/v2\/comments?post=50263"}],"version-history":[{"count":2,"href":"https:\/\/integratek.es\/ca\/wp-json\/wp\/v2\/pages\/50263\/revisions"}],"predecessor-version":[{"id":203493,"href":"https:\/\/integratek.es\/ca\/wp-json\/wp\/v2\/pages\/50263\/revisions\/203493"}],"wp:attachment":[{"href":"https:\/\/integratek.es\/ca\/wp-json\/wp\/v2\/media?parent=50263"}],"curies":[{"name":"wp","href":"https:\/\/api.w.org\/{rel}","templated":true}]}}