{"id":49561,"date":"2018-06-11T12:50:39","date_gmt":"2018-06-11T10:50:39","guid":{"rendered":"http:\/\/integratek.es\/?page_id=49561"},"modified":"2025-08-25T10:26:43","modified_gmt":"2025-08-25T08:26:43","slug":"curriculum-pablo-fernandez-berrocal","status":"publish","type":"page","link":"https:\/\/integratek.es\/ca\/curriculum-pablo-fernandez-berrocal\/","title":{"rendered":"Curr\u00edculum Pablo Fern\u00e1ndez Berrocal"},"content":{"rendered":"\n<div class=\"row\"  id=\"row-1627287627\">\n\n\n\t<div id=\"col-108384566\" class=\"col small-12 large-12\"  >\n\t\t\t\t<div class=\"col-inner\"  >\n\t\t\t\n\t\t\t\n\n\t<div id=\"gap-2122711473\" class=\"gap-element clearfix\" style=\"display:block; height:auto;\">\n\t\t\n<style>\n#gap-2122711473 {\n  padding-top: 30px;\n}\n<\/style>\n\t<\/div>\n\t\n\n\n\t\t<\/div>\n\t\t\t\t\t<\/div>\n\n\t\n\n<\/div>\n<div class=\"row\"  id=\"row-1016027827\">\n\n\n\t<div id=\"col-1607961389\" class=\"col medium-6 small-12 large-6\"  >\n\t\t\t\t<div class=\"col-inner\"  >\n\t\t\t\n\t\t\t\n\n<h1><span style=\"font-size: 160%;\">PABLO&nbsp;<span style=\"color: #ff8300;\">FERN\u00c1NDEZ-BERROCAL<\/span><\/span><\/h1>\n\n\t\t<\/div>\n\t\t\t\t\t<\/div>\n\n\t\n\n\t<div id=\"col-1584703761\" class=\"col medium-6 small-12 large-6\"  >\n\t\t\t\t<div class=\"col-inner\"  >\n\t\t\t\n\t\t\t\n\n\n\t\t<\/div>\n\t\t\t\t\t<\/div>\n\n\t\n\n<\/div>\n<div class=\"row\"  id=\"row-1662415001\">\n\n\n\t<div id=\"col-1513172389\" class=\"col medium-6 small-12 large-6\"  >\n\t\t\t\t<div class=\"col-inner\"  >\n\t\t\t\n\t\t\t\n\n<p>Catedr\u00e0tic de Psicologia. Director i expert en avaluaci\u00f3 i desenvolupament de la Intel\u00b7lig\u00e8ncia Emocional. Coautor de llibres i col\u00b7laborador de nombroses revistes cient\u00edfiques nacionals i internacionals.  <\/p>\n<ul>\n<li>Catedr\u00e0tic de Psicologia a la Universitat de M\u00e0laga.<\/li>\n<li>Director de diferents projectes d&#8217;R+D relacionats amb l&#8217;avaluaci\u00f3 i el desenvolupament de la intel\u00b7lig\u00e8ncia emocional.<\/li>\n<li>Col\u00b7laborador de nombroses revistes cient\u00edfiques nacionals i internacionals.<\/li>\n<li>Coautor entre altres llibres de Cors Intel\u00b7ligents (2002) \u201cAutocontrol emocional (2002)\u201d, \u201cDesenvolupa la teva Intel\u00b7lig\u00e8ncia Emocional (2004)\u201d \u201cManual d&#8217;Intel\u00b7lig\u00e8ncia Emocional (2007)\u201d.<\/li>\n<li>Desenvolupa programes de millora de la Intel\u00b7lig\u00e8ncia Emocional en diferents \u00e0mbits i organitzacions tant educatives, sanit\u00e0ries i empresarials.<\/li>\n<\/ul>\n\n\t\t<\/div>\n\t\t\t\t\t<\/div>\n\n\t\n\n\t<div id=\"col-1424014403\" class=\"col medium-6 small-12 large-6\"  >\n\t\t\t\t<div class=\"col-inner\"  >\n\t\t\t\n\t\t\t\n\n\t<div class=\"img has-hover x md-x lg-x y md-y lg-y\" id=\"image_805534718\">\n\t\t\t\t\t\t\t\t<div class=\"img-inner dark\" style=\"margin:35px 0px 0px 0px;\">\n\t\t\t<img loading=\"lazy\" decoding=\"async\" width=\"346\" height=\"325\" src=\"https:\/\/integratek.es\/wp-content\/uploads\/2018\/06\/Berrocal-e1518534467519.jpg\" class=\"attachment-large size-large\" alt=\"\" \/>\t\t\t\t\t\t\n\t\t\t\t\t<\/div>\n\t\t\t\t\t\t\t\t\n<style>\n#image_805534718 {\n  width: 80%;\n}\n<\/style>\n\t<\/div>\n\t\n\n\n\t\t<\/div>\n\t\t\t\t\t<\/div>\n\n\t\n\n<\/div>\n<div class=\"row\"  id=\"row-1788266350\">\n\n\n\t<div id=\"col-472813350\" class=\"col small-12 large-12\"  >\n\t\t\t\t<div class=\"col-inner text-center\"  >\n\t\t\t\n\t\t\t\n\n<a href=\"https:\/\/integratek.es\/ca\/equip-formadors-integratek\/\" target=\"_blank\" class=\"button primary is-large\" rel=\"noopener\" style=\"border-radius:99px;\">\n\t\t<span>Descobreix m\u00e9s formadors<\/span>\n\t<\/a>\n\n\n\n\t\t<\/div>\n\t\t\t\t\t<\/div>\n\n\t\n\n<\/div>\n\n","protected":false},"excerpt":{"rendered":"","protected":false},"author":119844,"featured_media":0,"parent":0,"menu_order":0,"comment_status":"closed","ping_status":"closed","template":"","meta":{"_acf_changed":false,"productId":0,"courseId":0,"footnotes":""},"class_list":["post-49561","page","type-page","status-publish","hentry"],"acf":[],"_links":{"self":[{"href":"https:\/\/integratek.es\/ca\/wp-json\/wp\/v2\/pages\/49561","targetHints":{"allow":["GET"]}}],"collection":[{"href":"https:\/\/integratek.es\/ca\/wp-json\/wp\/v2\/pages"}],"about":[{"href":"https:\/\/integratek.es\/ca\/wp-json\/wp\/v2\/types\/page"}],"author":[{"embeddable":true,"href":"https:\/\/integratek.es\/ca\/wp-json\/wp\/v2\/users\/119844"}],"replies":[{"embeddable":true,"href":"https:\/\/integratek.es\/ca\/wp-json\/wp\/v2\/comments?post=49561"}],"version-history":[{"count":0,"href":"https:\/\/integratek.es\/ca\/wp-json\/wp\/v2\/pages\/49561\/revisions"}],"wp:attachment":[{"href":"https:\/\/integratek.es\/ca\/wp-json\/wp\/v2\/media?parent=49561"}],"curies":[{"name":"wp","href":"https:\/\/api.w.org\/{rel}","templated":true}]}}