{"id":48254,"date":"2025-07-22T07:08:29","date_gmt":"2025-07-22T05:08:29","guid":{"rendered":"http:\/\/integratek.es\/?page_id=48254"},"modified":"2025-08-25T10:20:05","modified_gmt":"2025-08-25T08:20:05","slug":"curriculum-cristina-garcia","status":"publish","type":"page","link":"https:\/\/integratek.es\/ca\/curriculum-cristina-garcia\/","title":{"rendered":"Cristina Garc\u00eda | Equipo de formadores de UTAE"},"content":{"rendered":"\n\t<div id=\"gap-854910149\" class=\"gap-element clearfix\" style=\"display:block; height:auto;\">\n\t\t\n<style>\n#gap-854910149 {\n  padding-top: 50px;\n}\n<\/style>\n\t<\/div>\n\t\n\n<div class=\"row\"  id=\"row-196676460\">\n\n\n\t<div id=\"col-1684585938\" class=\"col medium-6 small-12 large-6\"  >\n\t\t\t\t<div class=\"col-inner\"  >\n\t\t\t\n\t\t\t\n\n<h1><span style=\"font-size: 160%;\">CRISTINA <span style=\"color: #ff8300;\">GARC\u00cdA<\/span><\/span><\/h1>\n<p>Doctora en Psicologia, UNED. M\u00e0ster oficial en Intervenci\u00f3 Educativa i Psicol\u00f2gica, Universitat de Navarra. Llicenciada en Psicologia, Universitat de Barcelona.  <\/p>\n<p>Ha realitzat estada i formaci\u00f3 espec\u00edfica a Trastorns de l&#8217;Espectre de l&#8217;Autisme (TEA) als Centres TEACCH, University of North Carolina, Estats Units.<\/p>\n<p>Treballa com a psic\u00f2loga a la Unitat de Trastorns de l&#8217;Aprenentatge Escolar (UTAE) de l&#8217;Institut Pedi\u00e0tric de l&#8217;Hospital Sant Joan de D\u00e9u, fent avaluacions, diagn\u00f2stic i intervenci\u00f3 psicol\u00f2gica de nens amb diferents trastorns del desenvolupament i la conducta.<\/p>\n<p>A nivell docent, forma part del programa de M\u00e0ster en TEA de la UNED i del Grau de Psicologia de la UIC, impartint assignatures relacionades amb el neurodesenvolupament i els TEA. Participa en diversos projectes de recerca i \u00e9s membre del Grup de Recerca IMIENS \u2013 UNED i Institut de Salut Carles III. Ha publicat diversos articles a revistes nacionals i internacionals.  <\/p>\n\n\t\t<\/div>\n\t\t\t\t\t<\/div>\n\n\t\n\n\t<div id=\"col-1768675102\" class=\"col medium-6 small-12 large-6\"  >\n\t\t\t\t<div class=\"col-inner\"  >\n\t\t\t\n\t\t\t\n\n    <div class=\"box has-hover has-hover box-none box-text-bottom\" >\n\n                  <div class=\"box-image \" style=\"width:65%;\">\n           <div class=\"box-image-inner image-cover\" style=\"border-radius:100%;padding-top:100%;\">\n              <img loading=\"lazy\" decoding=\"async\" width=\"245\" height=\"245\" src=\"https:\/\/integratek.es\/wp-content\/uploads\/2018\/07\/ip_prof_cristina_garcia_lopez.jpg\" class=\"attachment- size-\" alt=\"\" srcset=\"https:\/\/integratek.es\/wp-content\/uploads\/2018\/07\/ip_prof_cristina_garcia_lopez.jpg 245w, https:\/\/integratek.es\/wp-content\/uploads\/2018\/07\/ip_prof_cristina_garcia_lopez-100x100.jpg 100w\" sizes=\"auto, (max-width: 245px) 100vw, 245px\" \/>                         <\/div>\n          <\/div>\n         \n          <div class=\"box-text text-center\" >\n                <div class=\"box-text-inner\">\n                  <h4 class=\"uppercase\">\n                    <span class=\"person-name\">Ola Nordmann<\/span><br\/>\n                    <span class=\"person-title is-small thin-font op-7\">\n                      Customer Support                    <\/span>\n                  <\/h4>\n\t\t\t\t\t\n\n<p> Lorem ipsum.. <\/p>\n\n                <\/div>\n          <\/div>\n    <\/div>\n\n\t\n    \n\n\t\t<\/div>\n\t\t\t\t\t<\/div>\n\n\t\n\n<\/div>\n<div class=\"row\"  id=\"row-866017434\">\n\n\n\t<div id=\"col-171051440\" class=\"col medium-6 small-12 large-6\"  >\n\t\t\t\t<div class=\"col-inner\"  >\n\t\t\t\n\t\t\t\n\n<a href=\"https:\/\/integratek.es\/ca\/equip-formadors-utae\/\" target=\"_blank\" class=\"button primary lowercase expand\" rel=\"noopener\" style=\"border-radius:99px;\">\n\t\t<span>Descobreix m\u00e9s formadors d&#039;UTAE<\/span>\n\t<\/a>\n\n\n\n\t\t<\/div>\n\t\t\t\t\t<\/div>\n\n\t\n\n\t<div id=\"col-69574079\" class=\"col medium-6 small-12 large-6\"  >\n\t\t\t\t<div class=\"col-inner\"  >\n\t\t\t\n\t\t\t\n\n\n\t\t<\/div>\n\t\t\t\t\t<\/div>\n\n\t\n\n<\/div>\n\n","protected":false},"excerpt":{"rendered":"","protected":false},"author":158732,"featured_media":0,"parent":0,"menu_order":0,"comment_status":"closed","ping_status":"closed","template":"","meta":{"_acf_changed":false,"productId":0,"footnotes":""},"class_list":["post-48254","page","type-page","status-publish","hentry"],"acf":[],"_links":{"self":[{"href":"https:\/\/integratek.es\/ca\/wp-json\/wp\/v2\/pages\/48254","targetHints":{"allow":["GET"]}}],"collection":[{"href":"https:\/\/integratek.es\/ca\/wp-json\/wp\/v2\/pages"}],"about":[{"href":"https:\/\/integratek.es\/ca\/wp-json\/wp\/v2\/types\/page"}],"author":[{"embeddable":true,"href":"https:\/\/integratek.es\/ca\/wp-json\/wp\/v2\/users\/158732"}],"replies":[{"embeddable":true,"href":"https:\/\/integratek.es\/ca\/wp-json\/wp\/v2\/comments?post=48254"}],"version-history":[{"count":5,"href":"https:\/\/integratek.es\/ca\/wp-json\/wp\/v2\/pages\/48254\/revisions"}],"predecessor-version":[{"id":207058,"href":"https:\/\/integratek.es\/ca\/wp-json\/wp\/v2\/pages\/48254\/revisions\/207058"}],"wp:attachment":[{"href":"https:\/\/integratek.es\/ca\/wp-json\/wp\/v2\/media?parent=48254"}],"curies":[{"name":"wp","href":"https:\/\/api.w.org\/{rel}","templated":true}]}}