{"id":45653,"date":"2018-04-30T12:34:10","date_gmt":"2018-04-30T10:34:10","guid":{"rendered":"http:\/\/integratek.es\/?page_id=45653"},"modified":"2025-07-25T09:35:16","modified_gmt":"2025-07-25T07:35:16","slug":"descarrega-claroread-chrome","status":"publish","type":"page","link":"https:\/\/integratek.es\/ca\/descarrega-claroread-chrome\/","title":{"rendered":"Instruccions de desc\u00e0rrega i instal\u00b7laci\u00f3 de ClaroRead per a Chrome"},"content":{"rendered":"\n<p>Si sou propietari d&#8217;una llic\u00e8ncia de ClaroRead per a Chrome Premium o en teniu una de proporcionada pel centre educatiu, seguiu les instruccions per descarregar la vostra c\u00f2pia i activar-la amb la vostra clau. Si encara no tens ClaroRead abans has de comprar la teva llic\u00e8ncia <\/p>\n<div class=\"is-divider divider clearfix\" style=\"max-width:1200px;background-color:rgb(243, 243, 243);\"><\/div>\n\n<p><strong>1. Desc\u00e0rrega de ClaroRead Chrome<\/strong><\/p>\n<p>Per comen\u00e7ar a treballar amb ClaroRead Chrome al vostre navegador heu d&#8217;instal\u00b7lar l&#8217;extensi\u00f3. Per fer-ho clica l&#8217;enlla\u00e7 de la botiga de Google: <a href=\"https:\/\/support.texthelp.com\/help\/activating-claroread-chrome\">Instal\u00b7lar Extensi\u00f3<\/a> <\/p>\n<p>Seguiu les instruccions d&#8217;instal\u00b7laci\u00f3.<\/p>\n<div class=\"row\"  id=\"row-2100441111\">\n\n\n\t<div id=\"col-1050725830\" class=\"col medium-8 small-12 large-8\"  >\n\t\t\t\t<div class=\"col-inner\"  >\n\t\t\t\n\t\t\t\n\n<p><strong>2. Activaci\u00f3 de la versi\u00f3 Premium<\/strong><\/p>\n<p>Un cop instal\u00b7lada l&#8217;extensi\u00f3 haureu d&#8217;introduir la clau d&#8217;activaci\u00f3 que us ha estat proporcionada per poder gaudir de totes les funcionalitats. Per aix\u00f2: <\/p>\n<p>A la part superior dreta del vostre navegador Chrome trobareu la icona de l&#8217;extensi\u00f3.<\/p>\n<p>Clica sobre la icona i t&#8217;apareixer\u00e0 el men\u00fa:<\/p>\n\n\t\t<\/div>\n\t\t\t\t\t<\/div>\n\n\t\n\n\t<div id=\"col-608733422\" class=\"col medium-4 small-12 large-4\"  >\n\t\t\t\t<div class=\"col-inner\"  >\n\t\t\t\n\t\t\t\n\n\t<div class=\"img has-hover x md-x lg-x y md-y lg-y\" id=\"image_292755086\">\n\t\t\t\t\t\t\t\t<div class=\"img-inner dark\" >\n\t\t\t<img loading=\"lazy\" decoding=\"async\" width=\"166\" height=\"300\" src=\"https:\/\/integratek.es\/wp-content\/uploads\/2018\/04\/ClaroRead-Chrome-Enter-Key-HIGHLIGHTED.png\" class=\"attachment-original size-original\" alt=\"\" \/>\t\t\t\t\t\t\n\t\t\t\t\t<\/div>\n\t\t\t\t\t\t\t\t\n<style>\n#image_292755086 {\n  width: 74%;\n}\n<\/style>\n\t<\/div>\n\t\n\n\n\t\t<\/div>\n\t\t\t\t\t<\/div>\n\n\t\n\n<\/div>\n<p><strong>3. Activaci\u00f3 i desactivaci\u00f3 de lextensi\u00f3<\/strong><\/p>\n<p>Recordeu que per defecte tindreu funcionant l&#8217;extensi\u00f3 cada vegada que executeu Google Chrome. Per activar i desactivar l&#8217;extensi\u00f3 heu d&#8217;anar al men\u00fa de configuraci\u00f3 de Chrome i marcar o desmarcar l&#8217;opci\u00f3 \u201cActiva\u201d. <\/p>\n\t<div class=\"img has-hover x md-x lg-x y md-y lg-y\" id=\"image_1888376642\">\n\t\t\t\t\t\t\t\t<div class=\"img-inner dark\" >\n\t\t\t<img loading=\"lazy\" decoding=\"async\" width=\"792\" height=\"132\" src=\"https:\/\/integratek.es\/wp-content\/uploads\/2018\/04\/Captura-de-pantalla-2017-09-14-a-les-11.14.48-1.png\" class=\"attachment-original size-original\" alt=\"\" srcset=\"https:\/\/integratek.es\/wp-content\/uploads\/2018\/04\/Captura-de-pantalla-2017-09-14-a-les-11.14.48-1.png 792w, https:\/\/integratek.es\/wp-content\/uploads\/2018\/04\/Captura-de-pantalla-2017-09-14-a-les-11.14.48-1-510x85.png 510w, https:\/\/integratek.es\/wp-content\/uploads\/2018\/04\/Captura-de-pantalla-2017-09-14-a-les-11.14.48-1-768x128.png 768w\" sizes=\"auto, (max-width: 792px) 100vw, 792px\" \/>\t\t\t\t\t\t\n\t\t\t\t\t<\/div>\n\t\t\t\t\t\t\t\t\n<style>\n#image_1888376642 {\n  width: 74%;\n}\n<\/style>\n\t<\/div>\n\t\n\n<p><strong>Recordeu que si tens algun problema pots contactar amb el nostre servei de suport t\u00e8cnic:<\/strong> <a href=\"https:\/\/integratek.es\/ca\/soporte\/\" target=\"_blank\" rel=\"noopener\">Suport t\u00e8cnic.<\/a><\/p>\n\n","protected":false},"excerpt":{"rendered":"","protected":false},"author":1,"featured_media":0,"parent":0,"menu_order":0,"comment_status":"closed","ping_status":"closed","template":"page-blank-title-center.php","meta":{"_acf_changed":false,"productId":0,"footnotes":""},"class_list":["post-45653","page","type-page","status-publish","hentry"],"acf":[],"_links":{"self":[{"href":"https:\/\/integratek.es\/ca\/wp-json\/wp\/v2\/pages\/45653","targetHints":{"allow":["GET"]}}],"collection":[{"href":"https:\/\/integratek.es\/ca\/wp-json\/wp\/v2\/pages"}],"about":[{"href":"https:\/\/integratek.es\/ca\/wp-json\/wp\/v2\/types\/page"}],"author":[{"embeddable":true,"href":"https:\/\/integratek.es\/ca\/wp-json\/wp\/v2\/users\/1"}],"replies":[{"embeddable":true,"href":"https:\/\/integratek.es\/ca\/wp-json\/wp\/v2\/comments?post=45653"}],"version-history":[{"count":3,"href":"https:\/\/integratek.es\/ca\/wp-json\/wp\/v2\/pages\/45653\/revisions"}],"predecessor-version":[{"id":205052,"href":"https:\/\/integratek.es\/ca\/wp-json\/wp\/v2\/pages\/45653\/revisions\/205052"}],"wp:attachment":[{"href":"https:\/\/integratek.es\/ca\/wp-json\/wp\/v2\/media?parent=45653"}],"curies":[{"name":"wp","href":"https:\/\/api.w.org\/{rel}","templated":true}]}}