{"id":45152,"date":"2018-02-16T12:54:34","date_gmt":"2018-02-16T11:54:34","guid":{"rendered":"http:\/\/integratek.es\/?page_id=45152"},"modified":"2025-08-25T11:10:49","modified_gmt":"2025-08-25T09:10:49","slug":"curriculum-jose-ramon-gamo","status":"publish","type":"page","link":"https:\/\/integratek.es\/ca\/curriculum-jose-ramon-gamo\/","title":{"rendered":"Jos\u00e9 Ram\u00f3n Gamo | Equip de formadors d&#8217;Integratek"},"content":{"rendered":"\n\t<div id=\"gap-361863134\" class=\"gap-element clearfix\" style=\"display:block; height:auto;\">\n\t\t\n<style>\n#gap-361863134 {\n  padding-top: 50px;\n}\n<\/style>\n\t<\/div>\n\t\n\n<div class=\"row\"  id=\"row-1010051525\">\n\n\n\t<div id=\"col-1945239310\" class=\"col medium-6 small-12 large-6\"  >\n\t\t\t\t<div class=\"col-inner\"  >\n\t\t\t\n\t\t\t\n\n<h1><span style=\"font-size: 160%;\">JOS\u00c9 <span style=\"color: #ff8300;\">RAM\u00d3N GAMMO<\/span><\/span><\/h1>\n<p>Soci fundador de Centres CADE. Especialista en Audici\u00f3 i Llenguatge, neuropsicologia infantil i del desenvolupament. Director t\u00e8cnic de la Fundaci\u00f3 Educaci\u00f3 Activa i director psicopedag\u00f2gic del Projecte Lumen datenci\u00f3 educativa i psicol\u00f2gica. Cofundador de Niuco.   <\/p>\n<p>Jos\u00e9 Ram\u00f3n Gamo \u00e9s soci fundador de Centres CADE (Centre d&#8217;Atenci\u00f3 a la Diversitat Educativa) amb pres\u00e8ncia de 4 a Madrid i 1 a Seg\u00f2via. CADE \u00e9s un projecte de la Fundaci\u00f3 Educaci\u00f3 Activa i ofereix avaluaci\u00f3 i tractament de patologies de l&#8217;aprenentatge relacionades amb el frac\u00e0s escolar i social de nens que presenten dificultats espec\u00edfiques com ara: Disl\u00e8xia, retards del llenguatge, hiperactivitat, disf\u00e0sies, trastorn de l&#8217;aprenentatge no verbal (TANV), dificultats socials, etc. <\/p>\n<p>Va passar de la patologia a la vocaci\u00f3. Amb 16 anys va tenir la sort de trobar un grup d&#8217;especialistes que el van ajudar a superar la seva disl\u00e8xia i d\u00e8ficit d&#8217;atenci\u00f3, i que el van motivar a estudiar sobre els trastorns de l&#8217;aprenentatge per ajudar nens. \u00c9s especialista en Audici\u00f3 i Llenguatge, neuropsicologia infantil i del Desenvolupament, M\u00e0ster especialista en neuropsiquiatria infantil, director pedag\u00f2gic del Centre d&#8217;Atenci\u00f3 a la Diversitat Educativa, CADE, director t\u00e8cnic de la Fundaci\u00f3 Educaci\u00f3 Activa, director psicopedag\u00f2gic del Projecte Lumen d&#8217;atenci\u00f3 educativa i psicol\u00f2gica d&#8217;un grup de nens i adolescents en centres d&#8217;acollida congressos del TDAH a nivell nacional. \u00c9s Cofundador de Niuco, projecte que t\u00e9 com a objectiu transformar l&#8217;educaci\u00f3 i les institucions a trav\u00e9s de la Neurodid\u00e0ctica, liderant un canvi de cultura a l&#8217;entorn educatiu sustentat en la ci\u00e8ncia.   <\/p>\n<p>Fa formacions i confer\u00e8ncies a nivell nacional per a docents, professionals de l&#8217;educaci\u00f3 i fam\u00edlies.<\/p>\n\n\t\t<\/div>\n\t\t\t\t\t<\/div>\n\n\t\n\n\t<div id=\"col-635046874\" class=\"col medium-6 small-12 large-6\"  >\n\t\t\t\t<div class=\"col-inner\"  >\n\t\t\t\n\t\t\t\n\n    <div class=\"box has-hover has-hover box-none box-text-bottom\" >\n\n                  <div class=\"box-image \" style=\"width:65%;\">\n           <div class=\"box-image-inner image-cover\" style=\"border-radius:100%;padding-top:100%;\">\n              <img loading=\"lazy\" decoding=\"async\" width=\"600\" height=\"600\" src=\"https:\/\/integratek.es\/wp-content\/uploads\/2018\/10\/Jose-Ramon-Gamo.jpg\" class=\"attachment- size-\" alt=\"\" srcset=\"https:\/\/integratek.es\/wp-content\/uploads\/2018\/10\/Jose-Ramon-Gamo.jpg 600w, https:\/\/integratek.es\/wp-content\/uploads\/2018\/10\/Jose-Ramon-Gamo-100x100.jpg 100w, https:\/\/integratek.es\/wp-content\/uploads\/2018\/10\/Jose-Ramon-Gamo-510x510.jpg 510w, https:\/\/integratek.es\/wp-content\/uploads\/2018\/10\/Jose-Ramon-Gamo-280x280.jpg 280w, https:\/\/integratek.es\/wp-content\/uploads\/2018\/10\/Jose-Ramon-Gamo-400x400.jpg 400w\" sizes=\"auto, (max-width: 600px) 100vw, 600px\" \/>                         <\/div>\n          <\/div>\n         \n          <div class=\"box-text text-center\" >\n                <div class=\"box-text-inner\">\n                  <h4 class=\"uppercase\">\n                    <span class=\"person-name\">Ola Nordmann<\/span><br\/>\n                    <span class=\"person-title is-small thin-font op-7\">\n                      Customer Support                    <\/span>\n                  <\/h4>\n\t\t\t\t\t\n\n<p>Lorem ipsum..<\/p>\n\n                <\/div>\n          <\/div>\n    <\/div>\n\n\t\n    \n\n\t\t<\/div>\n\t\t\t\t\t<\/div>\n\n\t\n\n<\/div>\n<div class=\"text-center\"><div class=\"is-divider divider clearfix\" style=\"max-width:1050px;background-color:rgb(209, 209, 209);\"><\/div><\/div>\n\n<div class=\"row\"  id=\"row-1789369668\">\n\n\n\t<div id=\"col-1761604787\" class=\"col medium-6 small-12 large-6\"  >\n\t\t\t\t<div class=\"col-inner text-center\"  >\n\t\t\t\n\t\t\t\n\n\t<div id=\"text-1503351397\" class=\"text\">\n\t\t\n\n<p><span style=\"font-size: 160%;\"><strong>Segur que t&#8217;interessar\u00e0&#8230;<\/strong><\/span><\/p>\n\t\t\n<style>\n#text-1503351397 {\n  text-align: left;\n}\n<\/style>\n\t<\/div>\n\t\n<h6 style=\"text-align: center;\"><span style=\"font-size: 100%;\">La neurodid\u00e0ctica: la gran oportunitat per al canvi de paradigma a les aules<\/span><\/h6>\n<div class=\"video video-fit mb\" style=\"padding-top:56.25%;\"><iframe loading=\"lazy\" src=\"https:\/\/player.vimeo.com\/video\/297285007?app_id=122963\" width=\"1020\" height=\"574\" frameborder=\"0\" title=\"La neurodid&aacute;ctica: la gran oportunidad para el cambio de paradigma en las aulas  | Jos&eacute; Ram&oacute;n Gamo | Cursos Integratek\" webkitallowfullscreen mozallowfullscreen allowfullscreen><\/iframe><\/div>\n\n\n\t\t<\/div>\n\t\t\t\t\t<\/div>\n\n\t\n\n\t<div id=\"col-2009821487\" class=\"col medium-6 small-12 large-6\"  >\n\t\t\t\t<div class=\"col-inner\"  >\n\t\t\t\n\t\t\t\n\n\n\t\t<\/div>\n\t\t\t\t\t<\/div>\n\n\t\n\n<\/div>\n<div class=\"row\"  id=\"row-1988362896\">\n\n\n\t<div id=\"col-401713250\" class=\"col small-12 large-12\"  >\n\t\t\t\t<div class=\"col-inner\"  >\n\t\t\t\n\t\t\t\n\n<p><span style=\"font-size: 160%;\"><strong>Formacions d&#8217;Integratek amb Jos\u00e9 Ram\u00f3n Gamo<\/strong><\/span><\/p>\n<ul class=\"ux-products-list product_list_widget\"><\/ul>\n\n\t<div id=\"gap-1641655355\" class=\"gap-element clearfix\" style=\"display:block; height:auto;\">\n\t\t\n<style>\n#gap-1641655355 {\n  padding-top: 30px;\n}\n<\/style>\n\t<\/div>\n\t\n\n\n\t\t<\/div>\n\t\t\t\t\t<\/div>\n\n\t\n\n<\/div>\n<div class=\"row\"  id=\"row-746842539\">\n\n\n\t<div id=\"col-375655970\" class=\"col medium-3 small-12 large-3\"  >\n\t\t\t\t<div class=\"col-inner\"  >\n\t\t\t\n\t\t\t\n\n\n\t\t<\/div>\n\t\t\t\t\t<\/div>\n\n\t\n\n\t<div id=\"col-1110403833\" class=\"col medium-6 small-12 large-6\"  >\n\t\t\t\t<div class=\"col-inner\"  >\n\t\t\t\n\t\t\t\n\n<a href=\"https:\/\/integratek.es\/ca\/equip-formadors-integratek\/\" target=\"_blank\" class=\"button primary is-large lowercase expand\" rel=\"noopener\" style=\"border-radius:99px;\">\n\t\t<span>Descobreix m\u00e9s formadors d&#039;Integratek<\/span>\n\t<\/a>\n\n\n\n\t\t<\/div>\n\t\t\t\t\t<\/div>\n\n\t\n\n\t<div id=\"col-177011909\" class=\"col medium-3 small-12 large-3\"  >\n\t\t\t\t<div class=\"col-inner\"  >\n\t\t\t\n\t\t\t\n\n\n\t\t<\/div>\n\t\t\t\t\t<\/div>\n\n\t\n\n<\/div>\n\n","protected":false},"excerpt":{"rendered":"","protected":false},"author":1,"featured_media":0,"parent":0,"menu_order":0,"comment_status":"closed","ping_status":"closed","template":"","meta":{"_acf_changed":false,"productId":0,"footnotes":""},"class_list":["post-45152","page","type-page","status-publish","hentry"],"acf":[],"_links":{"self":[{"href":"https:\/\/integratek.es\/ca\/wp-json\/wp\/v2\/pages\/45152","targetHints":{"allow":["GET"]}}],"collection":[{"href":"https:\/\/integratek.es\/ca\/wp-json\/wp\/v2\/pages"}],"about":[{"href":"https:\/\/integratek.es\/ca\/wp-json\/wp\/v2\/types\/page"}],"author":[{"embeddable":true,"href":"https:\/\/integratek.es\/ca\/wp-json\/wp\/v2\/users\/1"}],"replies":[{"embeddable":true,"href":"https:\/\/integratek.es\/ca\/wp-json\/wp\/v2\/comments?post=45152"}],"version-history":[{"count":5,"href":"https:\/\/integratek.es\/ca\/wp-json\/wp\/v2\/pages\/45152\/revisions"}],"predecessor-version":[{"id":207135,"href":"https:\/\/integratek.es\/ca\/wp-json\/wp\/v2\/pages\/45152\/revisions\/207135"}],"wp:attachment":[{"href":"https:\/\/integratek.es\/ca\/wp-json\/wp\/v2\/media?parent=45152"}],"curies":[{"name":"wp","href":"https:\/\/api.w.org\/{rel}","templated":true}]}}