{"id":41638,"date":"2018-02-16T12:25:33","date_gmt":"2018-02-16T11:25:33","guid":{"rendered":"http:\/\/integratek.es\/?page_id=41638"},"modified":"2025-08-25T10:14:22","modified_gmt":"2025-08-25T08:14:22","slug":"curriculum-jose-antonio-fernandez-bravo","status":"publish","type":"page","link":"https:\/\/integratek.es\/ca\/curriculum-jose-antonio-fernandez-bravo\/","title":{"rendered":"Jos\u00e9 Antonio Fern\u00e1ndez Bravo | Equip de formadors d&#8217;Integratek"},"content":{"rendered":"\n\t<div id=\"gap-916302093\" class=\"gap-element clearfix\" style=\"display:block; height:auto;\">\n\t\t\n<style>\n#gap-916302093 {\n  padding-top: 50px;\n}\n<\/style>\n\t<\/div>\n\t\n\n<div class=\"row\"  id=\"row-1399422998\">\n\n\n\t<div id=\"col-334619235\" class=\"col medium-6 small-12 large-6\"  >\n\t\t\t\t<div class=\"col-inner\"  >\n\t\t\t\n\t\t\t\n\n<h1><span style=\"font-size: 160%;\">JOS\u00c9 ANTONIO <span style=\"color: #ff8300;\">FERN\u00c1NDEZ BRAVO<\/span><\/span><\/h1>\n\n\t\t<\/div>\n\t\t\t\t\t<\/div>\n\n\t\n\n\t<div id=\"col-377462371\" class=\"col medium-6 small-12 large-6\"  >\n\t\t\t\t<div class=\"col-inner\"  >\n\t\t\t\n\t\t\t\n\n\n\t\t<\/div>\n\t\t\t\t\t<\/div>\n\n\t\n\n<\/div>\n<div class=\"row\"  id=\"row-818880408\">\n\n\n\t<div id=\"col-1197042911\" class=\"col medium-6 small-12 large-6\"  >\n\t\t\t\t<div class=\"col-inner\"  >\n\t\t\t\n\t\t\t\n\n<p>Doctor en ci\u00e8ncies de leducaci\u00f3, mestre, expert en gesti\u00f3, administraci\u00f3 i direcci\u00f3 de centres educatius, autor de 103 obres sobre educaci\u00f3 i aprenentatge de la matem\u00e0tica.<\/p>\n<ul>\n<li style=\"text-align: left;\">Doctor en <b>Ci\u00e8ncies de lEducaci\u00f3<\/b>, especialitat de Did\u00e0ctica (2000).<\/li>\n<li style=\"text-align: left;\">Acreditat per <b>ANEC<\/b> A (2006) PAD, PUP i PCD.<\/li>\n<li style=\"text-align: left;\">M\u00e0ster en <b>l\u00f2gica formal<\/b>, simb\u00f2lica i matem\u00e0tica.<\/li>\n<li style=\"text-align: left;\">M\u00e0ster de formaci\u00f3 en doc\u00e8ncia i investigaci\u00f3 per a leducaci\u00f3 superior.<\/li>\n<li style=\"text-align: left;\">M\u00e0ster en <b>Disseny Educacional<\/b>.<\/li>\n<li style=\"text-align: left;\">Expert en gesti\u00f3, administraci\u00f3 i direcci\u00f3 de centres educatius.<\/li>\n<li style=\"text-align: left;\">Llicenciat en <b>Filosofia<\/b> \u2013 L\u00f2gica Simb\u00f2lica i Matem\u00e0tica-.<\/li>\n<li style=\"text-align: left;\">Diplomat en <b>Magisteri<\/b> (Ci\u00e8ncies i matem\u00e0tiques).<\/li>\n<li style=\"text-align: left;\">Professor dEducaci\u00f3 Infantil, Prim\u00e0ria i Secund\u00e0ria (1986-2000).<\/li>\n<li style=\"text-align: left;\">Professor d&#8217;Universitat en Did\u00e0ctica de la Matem\u00e0tica i Desenvolupament del pensament L\u00f2gic i Matem\u00e0tic (Centre d&#8217;Ensenyament Superior Don Bosco. Universitat Complutense de Madrid) (2001 &#8211; ).<\/li>\n<li style=\"text-align: left;\">Investigaci\u00f3 de processos per a la innovaci\u00f3 a l&#8217;ensenyament de les matem\u00e0tiques a Espanya, Canad\u00e0, Michigan, Paraguai, Per\u00fa, Col\u00f2mbia, San Salvador, M\u00e8xic, Alemanya, It\u00e0lia.<\/li>\n<li style=\"text-align: left;\">Director de la <b>C\u00e0tedra Conchita S\u00e1nchez<\/b> de recerca i desenvolupament per a l&#8217;aprenentatge de la matem\u00e0tica.<\/li>\n<li style=\"text-align: left;\">Deg\u00e0 Facultat d&#8217;Educaci\u00f3 UCJC (2013-2016).<\/li>\n<li style=\"text-align: left;\">Director de Projectes Europeus Leonardo de Recerca i Innovaci\u00f3 Educativa.<\/li>\n<li style=\"text-align: left;\">Col\u00b7laborador de l&#8217;OEA, l&#8217;OEI, el BID i el departament de Primera Inf\u00e0ncia i Educaci\u00f3 Inclusiva de la <b>UNESCO<\/b>.<\/li>\n<li style=\"text-align: left;\">Premi de Metodologia Creativa (It\u00e0lia, 2009), pel llibre &#8220;La resoluci\u00f3 de problemes matem\u00e0tics. Creativitat i raonament a la ment dels nens&#8221;.<\/li>\n<li style=\"text-align: left;\">Autor de 103 obres sobre Educaci\u00f3 i Aprenentatge de la Matem\u00e0tica.<\/li>\n<li style=\"text-align: left;\">Extensa formaci\u00f3 del professorat i difusi\u00f3 a Congressos Nacionals i Internacionals.<\/li>\n<\/ul>\n\n\t\t<\/div>\n\t\t\t\t\t<\/div>\n\n\t\n\n\t<div id=\"col-1404863797\" class=\"col medium-6 small-12 large-6\"  >\n\t\t\t\t<div class=\"col-inner\"  >\n\t\t\t\n\t\t\t\n\n    <div class=\"box has-hover has-hover box-none box-text-bottom\" >\n\n                  <div class=\"box-image \" style=\"width:65%;\">\n           <div class=\"box-image-inner image-cover\" style=\"border-radius:100%;padding-top:100%;\">\n              <img loading=\"lazy\" decoding=\"async\" width=\"1920\" height=\"1340\" src=\"https:\/\/integratek.es\/wp-content\/uploads\/2019\/01\/Bravo-Team-scaled.jpg\" class=\"attachment- size-\" alt=\"\" srcset=\"https:\/\/integratek.es\/wp-content\/uploads\/2019\/01\/Bravo-Team-scaled.jpg 1920w, https:\/\/integratek.es\/wp-content\/uploads\/2019\/01\/Bravo-Team-scaled-510x356.jpg 510w, https:\/\/integratek.es\/wp-content\/uploads\/2019\/01\/Bravo-Team-573x400.jpg 573w, https:\/\/integratek.es\/wp-content\/uploads\/2019\/01\/Bravo-Team-768x536.jpg 768w, https:\/\/integratek.es\/wp-content\/uploads\/2019\/01\/Bravo-Team-1147x800.jpg 1147w\" sizes=\"auto, (max-width: 1920px) 100vw, 1920px\" \/>                         <\/div>\n          <\/div>\n         \n          <div class=\"box-text text-center\" >\n                <div class=\"box-text-inner\">\n                  <h4 class=\"uppercase\">\n                    <span class=\"person-name\">Ola Nordmann<\/span><br\/>\n                    <span class=\"person-title is-small thin-font op-7\">\n                      Customer Support                    <\/span>\n                  <\/h4>\n\t\t\t\t\t\n\n<p>Lorem ipsum..<\/p>\n\n                <\/div>\n          <\/div>\n    <\/div>\n\n\t\n    \n\n\t\t<\/div>\n\t\t\t\t\t<\/div>\n\n\t\n\n<\/div>\n<div class=\"text-center\"><div class=\"is-divider divider clearfix\" style=\"max-width:1050px;background-color:rgb(209, 209, 209);\"><\/div><\/div>\n\n<div class=\"row\"  id=\"row-155061019\">\n\n\n\t<div id=\"col-1445093862\" class=\"col small-12 large-12\"  >\n\t\t\t\t<div class=\"col-inner\"  >\n\t\t\t\n\t\t\t\n\n<p><span style=\"font-size: 160%;\"><strong>Entrevistes i articles a Jos\u00e9 Antonio Fern\u00e1ndez Bravo<\/strong><\/span><\/p>\n<p>Jos\u00e9 Antonio Fern\u00e1ndez Bravo: &#8220;Les matem\u00e0tiques s\u00f3n l&#8217;art de comprendre&#8221;: <a href=\"https:\/\/integratek.es\/ca\/2018\/10\/08\/jose-antonio-fernandez-bravo-las-matematicas-son-el-arte-de-comprender\/\" target=\"_blank\" rel=\"noopener\">www.integratek.es\/las-matematicas-son-el-arte-de-comprender-jose-antonio-fernandez-bravo<\/a><\/p>\n\n\t\t<\/div>\n\t\t\t\t\t<\/div>\n\n\t\n\n<\/div>\n\t<div id=\"gap-957762412\" class=\"gap-element clearfix\" style=\"display:block; height:auto;\">\n\t\t\n<style>\n#gap-957762412 {\n  padding-top: 30px;\n}\n<\/style>\n\t<\/div>\n\t\n\n<div class=\"row\"  id=\"row-1653519302\">\n\n\n\t<div id=\"col-1856296870\" class=\"col small-12 large-12\"  >\n\t\t\t\t<div class=\"col-inner text-center\"  >\n\t\t\t\n\t\t\t\n\n<a href=\"https:\/\/integratek.es\/ca\/equip-formadors-integratek\/\" target=\"_blank\" class=\"button primary is-large lowercase\" rel=\"noopener\" style=\"border-radius:99px;\">\n\t\t<span>Descobreix m\u00e9s formadors d&#039;Integratek<\/span>\n\t<\/a>\n\n\n\n\t\t<\/div>\n\t\t\t\t\t<\/div>\n\n\t\n\n<\/div>\n\n","protected":false},"excerpt":{"rendered":"","protected":false},"author":1,"featured_media":0,"parent":0,"menu_order":0,"comment_status":"closed","ping_status":"closed","template":"","meta":{"_acf_changed":false,"productId":0,"footnotes":""},"class_list":["post-41638","page","type-page","status-publish","hentry"],"acf":[],"_links":{"self":[{"href":"https:\/\/integratek.es\/ca\/wp-json\/wp\/v2\/pages\/41638","targetHints":{"allow":["GET"]}}],"collection":[{"href":"https:\/\/integratek.es\/ca\/wp-json\/wp\/v2\/pages"}],"about":[{"href":"https:\/\/integratek.es\/ca\/wp-json\/wp\/v2\/types\/page"}],"author":[{"embeddable":true,"href":"https:\/\/integratek.es\/ca\/wp-json\/wp\/v2\/users\/1"}],"replies":[{"embeddable":true,"href":"https:\/\/integratek.es\/ca\/wp-json\/wp\/v2\/comments?post=41638"}],"version-history":[{"count":3,"href":"https:\/\/integratek.es\/ca\/wp-json\/wp\/v2\/pages\/41638\/revisions"}],"predecessor-version":[{"id":207047,"href":"https:\/\/integratek.es\/ca\/wp-json\/wp\/v2\/pages\/41638\/revisions\/207047"}],"wp:attachment":[{"href":"https:\/\/integratek.es\/ca\/wp-json\/wp\/v2\/media?parent=41638"}],"curies":[{"name":"wp","href":"https:\/\/api.w.org\/{rel}","templated":true}]}}