{"id":41636,"date":"2018-02-16T12:29:39","date_gmt":"2018-02-16T11:29:39","guid":{"rendered":"http:\/\/integratek.es\/?page_id=41636"},"modified":"2025-08-25T11:13:50","modified_gmt":"2025-08-25T09:13:50","slug":"curriculum-mauro-bolmida","status":"publish","type":"page","link":"https:\/\/integratek.es\/ca\/curriculum-mauro-bolmida\/","title":{"rendered":"Mauro B\u00f2lmida | Equip de formadors d&#8217;Integratek"},"content":{"rendered":"\n<div class=\"row\"  id=\"row-9199727\">\n\n\n\t<div id=\"col-162955075\" class=\"col medium-6 small-12 large-6\"  >\n\t\t\t\t<div class=\"col-inner\"  >\n\t\t\t\n\t\t\t\n\n\t<div id=\"gap-1845005042\" class=\"gap-element clearfix\" style=\"display:block; height:auto;\">\n\t\t\n<style>\n#gap-1845005042 {\n  padding-top: 50px;\n}\n<\/style>\n\t<\/div>\n\t\n\n<h1><span style=\"font-size: 160%;\">MAURO <span style=\"color: #ff8300;\">B\u00d2LMIDA<\/span><\/span><\/h1>\n\n\t\t<\/div>\n\t\t\t\t\t<\/div>\n\n\t\n\n\t<div id=\"col-1595330407\" class=\"col medium-6 small-12 large-6\"  >\n\t\t\t\t<div class=\"col-inner\"  >\n\t\t\t\n\t\t\t\n\n\n\t\t<\/div>\n\t\t\t\t\t<\/div>\n\n\t\n\n<\/div>\n<div class=\"row\"  id=\"row-1891027432\">\n\n\n\t<div id=\"col-1009778449\" class=\"col medium-6 small-12 large-6\"  >\n\t\t\t\t<div class=\"col-inner\"  >\n\t\t\t\n\t\t\t\n\n<p>Mestre, psic\u00f2leg, fundador de l&#8217;Institut de Psicologia Avan\u00e7ada i especialista en Psicoter\u00e0pia Breu Estrat\u00e8gica.<\/p>\n<ul>\n<li>Mestre, psic\u00f2leg, fundador de l&#8217;Institut de Psicologia Avan\u00e7ada i especialista en Psicoter\u00e0pia Breu Estrat\u00e8gica.<\/li>\n<li>Psic\u00f2leg-Psicoterapeuta<\/li>\n<li>Fundador i director de: Institut de Psicologia Avan\u00e7ada.<\/li>\n<li>Especialista en Psicoter\u00e0pia Breu Estrat\u00e8gica.<\/li>\n<li>Coach Professional.<\/li>\n<li>Docent i col\u00b7laborador de diverses universitats i entitats p\u00fabliques i privades.<\/li>\n<li>Consulta de ter\u00e0pia i coaching a Val\u00e8ncia, Madrid i Barcelona.<\/li>\n<\/ul>\n\n\t\t<\/div>\n\t\t\t\t\t<\/div>\n\n\t\n\n\t<div id=\"col-586815008\" class=\"col medium-6 small-12 large-6\"  >\n\t\t\t\t<div class=\"col-inner\"  >\n\t\t\t\n\t\t\t\n\n    <div class=\"box has-hover has-hover box-none box-text-bottom\" >\n\n                  <div class=\"box-image \" style=\"width:80%;\">\n           <div class=\"box-image-inner image-cover\" style=\"border-radius:100%;padding-top:100%;\">\n              <img loading=\"lazy\" decoding=\"async\" width=\"1088\" height=\"671\" src=\"https:\/\/integratek.es\/wp-content\/uploads\/2018\/10\/Mauro-Bolmida-foto.jpg\" class=\"attachment- size-\" alt=\"\" srcset=\"https:\/\/integratek.es\/wp-content\/uploads\/2018\/10\/Mauro-Bolmida-foto.jpg 1088w, https:\/\/integratek.es\/wp-content\/uploads\/2018\/10\/Mauro-Bolmida-foto-510x315.jpg 510w, https:\/\/integratek.es\/wp-content\/uploads\/2018\/10\/Mauro-Bolmida-foto-649x400.jpg 649w, https:\/\/integratek.es\/wp-content\/uploads\/2018\/10\/Mauro-Bolmida-foto-768x474.jpg 768w\" sizes=\"auto, (max-width: 1088px) 100vw, 1088px\" \/>                         <\/div>\n          <\/div>\n         \n          <div class=\"box-text text-center\" >\n                <div class=\"box-text-inner\">\n                  <h4 class=\"uppercase\">\n                    <span class=\"person-name\">Ola Nordmann<\/span><br\/>\n                    <span class=\"person-title is-small thin-font op-7\">\n                      Customer Support                    <\/span>\n                  <\/h4>\n\t\t\t\t\t\n\n<p> Lorem ipsum.. <\/p>\n\n                <\/div>\n          <\/div>\n    <\/div>\n\n\t\n    \n\n\t\t<\/div>\n\t\t\t\t\t<\/div>\n\n\t\n\n<\/div>\n<div class=\"text-center\"><div class=\"is-divider divider clearfix\" style=\"max-width:1050px;background-color:rgb(209, 209, 209);\"><\/div><\/div>\n\n<div class=\"row\"  id=\"row-692367811\">\n\n\n\t<div id=\"col-1102406087\" class=\"col medium-6 small-12 large-6\"  >\n\t\t\t\t<div class=\"col-inner\"  >\n\t\t\t\n\t\t\t\n\n<p><span style=\"font-size: 160%;\"><strong>V\u00eddeos de Mauro B\u00f2lmida<\/strong><\/span><\/p>\n\n\t\t<\/div>\n\t\t\t\t\t<\/div>\n\n\t\n\n\t<div id=\"col-2136825739\" class=\"col medium-6 small-12 large-6\"  >\n\t\t\t\t<div class=\"col-inner\"  >\n\t\t\t\n\t\t\t\n\n\n\t\t<\/div>\n\t\t\t\t\t<\/div>\n\n\t\n\n<\/div>\n<div class=\"row\"  id=\"row-1906988020\">\n\n\n\t<div id=\"col-579719615\" class=\"col medium-6 small-12 large-6\"  >\n\t\t\t\t<div class=\"col-inner text-center\"  >\n\t\t\t\n\t\t\t\n\n<h6 style=\"text-align: center;\"><span style=\"font-size: 100%;\">Les conductes conflictives a l&#8217;aula<\/span><\/h6>\n<div class=\"video video-fit mb\" style=\"padding-top:56.25%;\"><iframe loading=\"lazy\" src=\"https:\/\/player.vimeo.com\/video\/250098464?app_id=122963\" width=\"1020\" height=\"574\" frameborder=\"0\" title=\"Las conductas conflictivas en el aula. Aprender a gestionar los ni&ntilde;os y los adolescentes dif&iacute;ciles\" webkitallowfullscreen mozallowfullscreen allowfullscreen><\/iframe><\/div>\n\n<h6 style=\"text-align: center;\"><span style=\"font-size: 100%;\">Qu\u00e8 s\u00f3n les solucions intentades?<\/span><\/h6>\n<div class=\"video video-fit mb\" style=\"padding-top:56.25%;\"><p><iframe loading=\"lazy\" src=\"https:\/\/player.vimeo.com\/video\/247970119?app_id=122963\" width=\"1020\" height=\"574\" frameborder=\"0\" title=\"&iquest;Qu&eacute; son las soluciones intentadas?\" webkitallowfullscreen mozallowfullscreen allowfullscreen><\/iframe><\/p>\n<\/div>\n\n<h6 style=\"text-align: center;\"><span style=\"font-size: 100%;\">\u00bf Els problemes de conducta es poden solucionar?<\/span><\/h6>\n<div class=\"video video-fit mb\" style=\"padding-top:56.25%;\"><p><iframe loading=\"lazy\" src=\"https:\/\/player.vimeo.com\/video\/248111296?app_id=122963\" width=\"1020\" height=\"574\" frameborder=\"0\" title=\"&iquest;Los problemas de conducta se pueden solucionar?\" webkitallowfullscreen mozallowfullscreen allowfullscreen><\/iframe><\/p>\n<\/div>\n\n\n\t\t<\/div>\n\t\t\t\t\t<\/div>\n\n\t\n\n\t<div id=\"col-1066048550\" class=\"col medium-6 small-12 large-6\"  >\n\t\t\t\t<div class=\"col-inner\"  >\n\t\t\t\n\t\t\t\n\n<h6 style=\"text-align: center;\"><span style=\"font-size: 100%;\">Com podem ajudar els nens negativistes desafiadors?<\/span><\/h6>\n<div class=\"video video-fit mb\" style=\"padding-top:56.25%;\"><p><iframe loading=\"lazy\" src=\"https:\/\/player.vimeo.com\/video\/247969812?app_id=122963\" width=\"1020\" height=\"574\" frameborder=\"0\" title=\"&iquest;C&oacute;mo podemos ayudar a los ni&ntilde;os negativistas desafiantes?\" webkitallowfullscreen mozallowfullscreen allowfullscreen><\/iframe><\/p>\n<\/div>\n\n<h6 style=\"text-align: center;\"><span style=\"font-size: 100%;\">\u00bf Com podem ajudar un nen amb mutisme selectiu?<\/span><\/h6>\n<div class=\"video video-fit mb\" style=\"padding-top:56.25%;\"><p><iframe loading=\"lazy\" src=\"https:\/\/player.vimeo.com\/video\/248111189?app_id=122963\" width=\"1020\" height=\"574\" frameborder=\"0\" title=\"&iquest;C&oacute;mo podemos ayudar a un ni&ntilde;o con mutismo selectivo?\" webkitallowfullscreen mozallowfullscreen allowfullscreen><\/iframe><\/p>\n<\/div>\n\n<h6 style=\"text-align: center;\"><span style=\"font-size: 100%;\">Curs Coaching per Educar<\/span><\/h6>\n<div class=\"video video-fit mb\" style=\"padding-top:56.25%;\"><p><iframe loading=\"lazy\" src=\"https:\/\/player.vimeo.com\/video\/152263187?app_id=122963\" width=\"1020\" height=\"574\" frameborder=\"0\" title=\"Coaching para Educar\" webkitallowfullscreen mozallowfullscreen allowfullscreen><\/iframe><\/p>\n<\/div>\n\n\n\t\t<\/div>\n\t\t\t\t\t<\/div>\n\n\t\n\n<\/div>\n<div class=\"row\"  id=\"row-570790111\">\n\n\n\t<div id=\"col-1101747147\" class=\"col small-12 large-12\"  >\n\t\t\t\t<div class=\"col-inner text-center\"  >\n\t\t\t\n\t\t\t\n\n<a href=\"https:\/\/integratek.es\/ca\/equip-formadors-integratek\/\" target=\"_blank\" class=\"button primary is-large lowercase\" rel=\"noopener\" style=\"border-radius:99px;\">\n\t\t<span>Descobreix m\u00e9s formadors d&#039;Integratek<\/span>\n\t<\/a>\n\n\n\n\t\t<\/div>\n\t\t\t\t\t<\/div>\n\n\t\n\n<\/div>\n<div class=\"row\"  id=\"row-1136357192\">\n\n\n\t<div id=\"col-1532849256\" class=\"col medium-6 small-12 large-6\"  >\n\t\t\t\t<div class=\"col-inner\"  >\n\t\t\t\n\t\t\t\n\n<p><span style=\"font-size: 160%;\"><strong>Formacions d&#8217;Integratek amb Mauro B\u00f2lmida<\/strong><\/span><\/p>\n\n\t\t<\/div>\n\t\t\t\t\t<\/div>\n\n\t\n\n\t<div id=\"col-766646188\" class=\"col medium-6 small-12 large-6\"  >\n\t\t\t\t<div class=\"col-inner\"  >\n\t\t\t\n\t\t\t\n\n\n\t\t<\/div>\n\t\t\t\t\t<\/div>\n\n\t\n\n<\/div>\n<div class=\"row\"  id=\"row-1468285584\">\n\n\n\t<div id=\"col-1054796614\" class=\"col medium-6 small-12 large-6\"  >\n\t\t\t\t<div class=\"col-inner\"  >\n\t\t\t\n\t\t\t\n\n<ul class=\"ux-products-list product_list_widget\">\n\t\t\t\t\t<li>\n\t<a href=\"https:\/\/integratek.es\/ca\/botiga\/cursos-online-ca\/intervencio-emocional-i-de-conducta\/introduccio-comunicacio-no-violenta-cnv\/\" title=\"Introducci\u00f3 a la Comunicaci\u00f3 No Violenta (CNV)\">\n\t\t<img loading=\"lazy\" decoding=\"async\" width=\"100\" height=\"100\" src=\"https:\/\/integratek.es\/wp-content\/uploads\/2025\/11\/CURS-CNV_Arantxa-Magrenya_Grid-100x100-1.jpg\" class=\"attachment-woocommerce_gallery_thumbnail size-woocommerce_gallery_thumbnail\" alt=\"Introducci\u00f3 a la Comunicaci\u00f3 No Violenta (CNV)\" srcset=\"https:\/\/integratek.es\/wp-content\/uploads\/2025\/11\/CURS-CNV_Arantxa-Magrenya_Grid-100x100-1.jpg 100w, https:\/\/integratek.es\/wp-content\/uploads\/2025\/11\/CURS-CNV_Arantxa-Magrenya_Grid-280x280-1.jpg 280w\" sizes=\"auto, (max-width: 100px) 100vw, 100px\" \/>\t\t<span class=\"product-title\">Introducci\u00f3 a la Comunicaci\u00f3 No Violenta (CNV)<\/span>\n\t<\/a>\n\t<div class=\"star-rating\" role=\"img\" aria-label=\"Puntuat amb 4.00 de 5\"><span style=\"width:80%\">Valorat <strong class=\"rating\">4.00<\/strong> sobre 5 en funci\u00f3 de <span class=\"rating\">2<\/span> valoracions de clients<\/span><\/div>\t<span class=\"wcpbc-price wcpbc-price-210213\" data-product-id=\"210213\"><del aria-hidden=\"true\"><span class=\"woocommerce-Price-amount amount\"><bdi>170,00<span class=\"woocommerce-Price-currencySymbol\">&euro;<\/span><\/bdi><\/span><\/del> <span class=\"screen-reader-text\">El preu original era: 170,00&euro;.<\/span><ins aria-hidden=\"true\"><span class=\"woocommerce-Price-amount amount\"><bdi>89,00<span class=\"woocommerce-Price-currencySymbol\">&euro;<\/span><\/bdi><\/span><\/ins><span class=\"screen-reader-text\">El preu actual \u00e9s: 89,00&euro;.<\/span><\/span><\/li>\n\t\t\t\t\t<li>\n\t<a href=\"https:\/\/integratek.es\/ca\/botiga\/cursos-online-ca\/intervencio-emocional-i-de-conducta\/acompanyar-dol-infancia-i-adolescencia\/\" title=\"Acompanyar el dol a la inf\u00e0ncia i l&#039;adolesc\u00e8ncia\">\n\t\t<img loading=\"lazy\" decoding=\"async\" width=\"100\" height=\"100\" src=\"https:\/\/integratek.es\/wp-content\/uploads\/2025\/08\/CURS-DUELO_Mobile-1-100x100.png\" class=\"attachment-woocommerce_gallery_thumbnail size-woocommerce_gallery_thumbnail\" alt=\"Acompanyar el dol a la inf\u00e0ncia i l&#039;adolesc\u00e8ncia\" srcset=\"https:\/\/integratek.es\/wp-content\/uploads\/2025\/08\/CURS-DUELO_Mobile-1-100x100.png 100w, https:\/\/integratek.es\/wp-content\/uploads\/2025\/08\/CURS-DUELO_Mobile-1-400x400.png 400w, https:\/\/integratek.es\/wp-content\/uploads\/2025\/08\/CURS-DUELO_Mobile-1-800x800.png 800w, https:\/\/integratek.es\/wp-content\/uploads\/2025\/08\/CURS-DUELO_Mobile-1-280x280.png 280w, https:\/\/integratek.es\/wp-content\/uploads\/2025\/08\/CURS-DUELO_Mobile-1-768x768.png 768w, https:\/\/integratek.es\/wp-content\/uploads\/2025\/08\/CURS-DUELO_Mobile-1-510x510.png 510w, https:\/\/integratek.es\/wp-content\/uploads\/2025\/08\/CURS-DUELO_Mobile-1.png 1080w\" sizes=\"auto, (max-width: 100px) 100vw, 100px\" \/>\t\t<span class=\"product-title\">Acompanyar el dol a la inf\u00e0ncia i l'adolesc\u00e8ncia<\/span>\n\t<\/a>\n\t<div class=\"star-rating\" role=\"img\" aria-label=\"Puntuat amb 4.33 de 5\"><span style=\"width:86.6%\">Valorat <strong class=\"rating\">4.33<\/strong> sobre 5 en funci\u00f3 de <span class=\"rating\">3<\/span> valoracions de clients<\/span><\/div>\t<span class=\"wcpbc-price wcpbc-price-205487\" data-product-id=\"205487\"><del aria-hidden=\"true\"><span class=\"woocommerce-Price-amount amount\"><bdi>170,00<span class=\"woocommerce-Price-currencySymbol\">&euro;<\/span><\/bdi><\/span><\/del> <span class=\"screen-reader-text\">El preu original era: 170,00&euro;.<\/span><ins aria-hidden=\"true\"><span class=\"woocommerce-Price-amount amount\"><bdi>89,00<span class=\"woocommerce-Price-currencySymbol\">&euro;<\/span><\/bdi><\/span><\/ins><span class=\"screen-reader-text\">El preu actual \u00e9s: 89,00&euro;.<\/span><\/span><\/li>\n\t\t\t\t\t<li>\n\t<a href=\"https:\/\/integratek.es\/ca\/botiga\/cursos-online-ca\/intervencio-emocional-i-de-conducta\/del-conflicte-a-la-situacio-daprenentatge-resolucio-i-mediacio-amb-mirada-neuroeducativa\/\" title=\"Del conflicte a la situaci\u00f3 d&#039;aprenentatge: resoluci\u00f3 i mediaci\u00f3 amb mirada neuroeducativa\">\n\t\t<img loading=\"lazy\" decoding=\"async\" width=\"100\" height=\"100\" src=\"https:\/\/integratek.es\/wp-content\/uploads\/2023\/02\/CARME-TRINIDAD_Banner-WEB-opt-100x100.png\" class=\"attachment-woocommerce_gallery_thumbnail size-woocommerce_gallery_thumbnail\" alt=\"Del conflicte a la situaci\u00f3 d&#039;aprenentatge: resoluci\u00f3 i mediaci\u00f3 amb mirada neuroeducativa\" srcset=\"https:\/\/integratek.es\/wp-content\/uploads\/2023\/02\/CARME-TRINIDAD_Banner-WEB-opt-100x100.png 100w, https:\/\/integratek.es\/wp-content\/uploads\/2023\/02\/CARME-TRINIDAD_Banner-WEB-opt-280x280.png 280w\" sizes=\"auto, (max-width: 100px) 100vw, 100px\" \/>\t\t<span class=\"product-title\">Del conflicte a la situaci\u00f3 d'aprenentatge: resoluci\u00f3 i mediaci\u00f3 amb mirada neuroeducativa<\/span>\n\t<\/a>\n\t<div class=\"star-rating\" role=\"img\" aria-label=\"Puntuat amb 4.50 de 5\"><span style=\"width:90%\">Valorat <strong class=\"rating\">4.50<\/strong> sobre 5 en funci\u00f3 de <span class=\"rating\">2<\/span> valoracions de clients<\/span><\/div>\t<span class=\"wcpbc-price wcpbc-price-204123\" data-product-id=\"204123\"><del aria-hidden=\"true\"><span class=\"woocommerce-Price-amount amount\"><bdi>170,00<span class=\"woocommerce-Price-currencySymbol\">&euro;<\/span><\/bdi><\/span><\/del> <span class=\"screen-reader-text\">El preu original era: 170,00&euro;.<\/span><ins aria-hidden=\"true\"><span class=\"woocommerce-Price-amount amount\"><bdi>89,00<span class=\"woocommerce-Price-currencySymbol\">&euro;<\/span><\/bdi><\/span><\/ins><span class=\"screen-reader-text\">El preu actual \u00e9s: 89,00&euro;.<\/span><\/span><\/li>\n\t\t\t\t\t<li>\n\t<a href=\"https:\/\/integratek.es\/ca\/botiga\/cursos-online-ca\/intervencio-emocional-i-de-conducta\/intervencio-en-problematica-adolescent-estudi-de-casos\/\" title=\"Intervenci\u00f3 en problem\u00e0tica adolescent - ESTUDI DE CASOS\">\n\t\t<img loading=\"lazy\" decoding=\"async\" width=\"100\" height=\"100\" src=\"https:\/\/integratek.es\/wp-content\/uploads\/2022\/04\/220425_CUO_ADOLESCASOS__BANNER-100x100.jpg\" class=\"attachment-woocommerce_gallery_thumbnail size-woocommerce_gallery_thumbnail\" alt=\"Intervenci\u00f3 en problem\u00e0tica adolescent - ESTUDI DE CASOS\" srcset=\"https:\/\/integratek.es\/wp-content\/uploads\/2022\/04\/220425_CUO_ADOLESCASOS__BANNER-100x100.jpg 100w, https:\/\/integratek.es\/wp-content\/uploads\/2022\/04\/220425_CUO_ADOLESCASOS__BANNER-280x280.jpg 280w\" sizes=\"auto, (max-width: 100px) 100vw, 100px\" \/>\t\t<span class=\"product-title\">Intervenci\u00f3 en problem\u00e0tica adolescent - ESTUDI DE CASOS<\/span>\n\t<\/a>\n\t<div class=\"star-rating\" role=\"img\" aria-label=\"Puntuat amb 4.67 de 5\"><span style=\"width:93.4%\">Valorat <strong class=\"rating\">4.67<\/strong> sobre 5 en funci\u00f3 de <span class=\"rating\">55<\/span> valoracions de clients<\/span><\/div>\t<span class=\"wcpbc-price wcpbc-price-204182\" data-product-id=\"204182\"><del aria-hidden=\"true\"><span class=\"woocommerce-Price-amount amount\"><bdi>170,00<span class=\"woocommerce-Price-currencySymbol\">&euro;<\/span><\/bdi><\/span><\/del> <span class=\"screen-reader-text\">El preu original era: 170,00&euro;.<\/span><ins aria-hidden=\"true\"><span class=\"woocommerce-Price-amount amount\"><bdi>89,00<span class=\"woocommerce-Price-currencySymbol\">&euro;<\/span><\/bdi><\/span><\/ins><span class=\"screen-reader-text\">El preu actual \u00e9s: 89,00&euro;.<\/span><\/span><\/li>\n\t\t\t\t\t<li>\n\t<a href=\"https:\/\/integratek.es\/ca\/botiga\/cursos-online-ca\/intervencio-emocional-i-de-conducta\/intervencio-en-problematica-infantil-estudi-de-casos\/\" title=\"Intervenci\u00f3 en problem\u00e0tica infantil - ESTUDI DE CASOS\">\n\t\t<img loading=\"lazy\" decoding=\"async\" width=\"100\" height=\"100\" src=\"https:\/\/integratek.es\/wp-content\/uploads\/2022\/04\/BANNER_2-100x100.jpg\" class=\"attachment-woocommerce_gallery_thumbnail size-woocommerce_gallery_thumbnail\" alt=\"Intervenci\u00f3 en problem\u00e0tica infantil - ESTUDI DE CASOS\" srcset=\"https:\/\/integratek.es\/wp-content\/uploads\/2022\/04\/BANNER_2-100x100.jpg 100w, https:\/\/integratek.es\/wp-content\/uploads\/2022\/04\/BANNER_2-280x280.jpg 280w\" sizes=\"auto, (max-width: 100px) 100vw, 100px\" \/>\t\t<span class=\"product-title\">Intervenci\u00f3 en problem\u00e0tica infantil - ESTUDI DE CASOS<\/span>\n\t<\/a>\n\t<div class=\"star-rating\" role=\"img\" aria-label=\"Puntuat amb 4.68 de 5\"><span style=\"width:93.6%\">Valorat <strong class=\"rating\">4.68<\/strong> sobre 5 en funci\u00f3 de <span class=\"rating\">62<\/span> valoracions de clients<\/span><\/div>\t<span class=\"wcpbc-price wcpbc-price-204177\" data-product-id=\"204177\"><del aria-hidden=\"true\"><span class=\"woocommerce-Price-amount amount\"><bdi>170,00<span class=\"woocommerce-Price-currencySymbol\">&euro;<\/span><\/bdi><\/span><\/del> <span class=\"screen-reader-text\">El preu original era: 170,00&euro;.<\/span><ins aria-hidden=\"true\"><span class=\"woocommerce-Price-amount amount\"><bdi>89,00<span class=\"woocommerce-Price-currencySymbol\">&euro;<\/span><\/bdi><\/span><\/ins><span class=\"screen-reader-text\">El preu actual \u00e9s: 89,00&euro;.<\/span><\/span><\/li>\n\t\t\t\t\t<li>\n\t<a href=\"https:\/\/integratek.es\/ca\/botiga\/cursos-online-ca\/intervencio-emocional-i-de-conducta\/nens-i-adolescents-dificils\/\" title=\"Nens i adolescents dif\u00edcils\">\n\t\t<img loading=\"lazy\" decoding=\"async\" width=\"100\" height=\"100\" src=\"https:\/\/integratek.es\/wp-content\/uploads\/2022\/03\/220321_CUO_ADOLDIFIC__BANNER-100x100.jpg\" class=\"attachment-woocommerce_gallery_thumbnail size-woocommerce_gallery_thumbnail\" alt=\"Nens i adolescents dif\u00edcils\" srcset=\"https:\/\/integratek.es\/wp-content\/uploads\/2022\/03\/220321_CUO_ADOLDIFIC__BANNER-100x100.jpg 100w, https:\/\/integratek.es\/wp-content\/uploads\/2022\/03\/220321_CUO_ADOLDIFIC__BANNER-280x280.jpg 280w\" sizes=\"auto, (max-width: 100px) 100vw, 100px\" \/>\t\t<span class=\"product-title\">Nens i adolescents dif\u00edcils<\/span>\n\t<\/a>\n\t<div class=\"star-rating\" role=\"img\" aria-label=\"Puntuat amb 4.55 de 5\"><span style=\"width:91%\">Valorat <strong class=\"rating\">4.55<\/strong> sobre 5 en funci\u00f3 de <span class=\"rating\">103<\/span> valoracions de clients<\/span><\/div>\t<span class=\"wcpbc-price wcpbc-price-204237\" data-product-id=\"204237\"><del aria-hidden=\"true\"><span class=\"woocommerce-Price-amount amount\"><bdi>170,00<span class=\"woocommerce-Price-currencySymbol\">&euro;<\/span><\/bdi><\/span><\/del> <span class=\"screen-reader-text\">El preu original era: 170,00&euro;.<\/span><ins aria-hidden=\"true\"><span class=\"woocommerce-Price-amount amount\"><bdi>89,00<span class=\"woocommerce-Price-currencySymbol\">&euro;<\/span><\/bdi><\/span><\/ins><span class=\"screen-reader-text\">El preu actual \u00e9s: 89,00&euro;.<\/span><\/span><\/li>\n\t\t\t\t\t<li>\n\t<a href=\"https:\/\/integratek.es\/ca\/botiga\/cursos-online-ca\/intervencio-emocional-i-de-conducta\/les-addiccions-a-la-infancia-i-adolescencia\/\" title=\"Les addiccions a la inf\u00e0ncia i adolesc\u00e8ncia\">\n\t\t<img loading=\"lazy\" decoding=\"async\" width=\"100\" height=\"100\" src=\"https:\/\/integratek.es\/wp-content\/uploads\/2020\/11\/BANNERS-CURSOS_adicciones-1-100x100.jpg\" class=\"attachment-woocommerce_gallery_thumbnail size-woocommerce_gallery_thumbnail\" alt=\"Les addiccions a la inf\u00e0ncia i adolesc\u00e8ncia\" srcset=\"https:\/\/integratek.es\/wp-content\/uploads\/2020\/11\/BANNERS-CURSOS_adicciones-1-100x100.jpg 100w, https:\/\/integratek.es\/wp-content\/uploads\/2020\/11\/BANNERS-CURSOS_adicciones-1-280x280.jpg 280w\" sizes=\"auto, (max-width: 100px) 100vw, 100px\" \/>\t\t<span class=\"product-title\">Les addiccions a la inf\u00e0ncia i adolesc\u00e8ncia<\/span>\n\t<\/a>\n\t<div class=\"star-rating\" role=\"img\" aria-label=\"Puntuat amb 4.52 de 5\"><span style=\"width:90.4%\">Valorat <strong class=\"rating\">4.52<\/strong> sobre 5 en funci\u00f3 de <span class=\"rating\">159<\/span> valoracions de clients<\/span><\/div>\t<span class=\"wcpbc-price wcpbc-price-204310\" data-product-id=\"204310\"><del aria-hidden=\"true\"><span class=\"woocommerce-Price-amount amount\"><bdi>225,00<span class=\"woocommerce-Price-currencySymbol\">&euro;<\/span><\/bdi><\/span><\/del> <span class=\"screen-reader-text\">El preu original era: 225,00&euro;.<\/span><ins aria-hidden=\"true\"><span class=\"woocommerce-Price-amount amount\"><bdi>85,00<span class=\"woocommerce-Price-currencySymbol\">&euro;<\/span><\/bdi><\/span><\/ins><span class=\"screen-reader-text\">El preu actual \u00e9s: 85,00&euro;.<\/span><\/span><\/li>\n\t\t\t\t\t<li>\n\t<a href=\"https:\/\/integratek.es\/ca\/botiga\/cursos-online-ca\/intervencio-emocional-i-de-conducta\/intervencio-emocional-i-de-conducta-en-nens-i-adolescents\/\" title=\"Intervenci\u00f3 emocional i de conducta en nens i adolescents\">\n\t\t<img loading=\"lazy\" decoding=\"async\" width=\"100\" height=\"100\" src=\"https:\/\/integratek.es\/wp-content\/uploads\/2020\/07\/NUEVOS-CURSOS7-100x100.jpg\" class=\"attachment-woocommerce_gallery_thumbnail size-woocommerce_gallery_thumbnail\" alt=\"Intervenci\u00f3 emocional i de conducta en nens i adolescents\" srcset=\"https:\/\/integratek.es\/wp-content\/uploads\/2020\/07\/NUEVOS-CURSOS7-100x100.jpg 100w, https:\/\/integratek.es\/wp-content\/uploads\/2020\/07\/NUEVOS-CURSOS7-280x280.jpg 280w\" sizes=\"auto, (max-width: 100px) 100vw, 100px\" \/>\t\t<span class=\"product-title\">Intervenci\u00f3 emocional i de conducta en nens i adolescents<\/span>\n\t<\/a>\n\t<div class=\"star-rating\" role=\"img\" aria-label=\"Puntuat amb 4.63 de 5\"><span style=\"width:92.6%\">Valorat <strong class=\"rating\">4.63<\/strong> sobre 5 en funci\u00f3 de <span class=\"rating\">190<\/span> valoracions de clients<\/span><\/div>\t<span class=\"wcpbc-price wcpbc-price-204292\" data-product-id=\"204292\"><del aria-hidden=\"true\"><span class=\"woocommerce-Price-amount amount\"><bdi>215,00<span class=\"woocommerce-Price-currencySymbol\">&euro;<\/span><\/bdi><\/span><\/del> <span class=\"screen-reader-text\">El preu original era: 215,00&euro;.<\/span><ins aria-hidden=\"true\"><span class=\"woocommerce-Price-amount amount\"><bdi>129,00<span class=\"woocommerce-Price-currencySymbol\">&euro;<\/span><\/bdi><\/span><\/ins><span class=\"screen-reader-text\">El preu actual \u00e9s: 129,00&euro;.<\/span><\/span><\/li>\n\t\t\n\t\t<\/ul>\n\n\n\t\t<\/div>\n\t\t\t\t\t<\/div>\n\n\t\n\n\t<div id=\"col-1156953274\" class=\"col medium-6 small-12 large-6\"  >\n\t\t\t\t<div class=\"col-inner\"  >\n\t\t\t\n\t\t\t\n\n\n\t\t<\/div>\n\t\t\t\t\t<\/div>\n\n\t\n\n<\/div>\n<div class=\"row\"  id=\"row-1745026360\">\n\n\n\t<div id=\"col-2086581326\" class=\"col small-12 large-12\"  >\n\t\t\t\t<div class=\"col-inner text-center\"  >\n\t\t\t\n\t\t\t\n\n<a href=\"https:\/\/integratek.es\/ca\/cursos-online-homologats\/\" target=\"_blank\" class=\"button primary is-large lowercase\" rel=\"noopener\" style=\"border-radius:99px;\">\n\t\t<span>Descobreix m\u00e9s formacions d&#039;Integratek<\/span>\n\t<\/a>\n\n\n\n\t\t<\/div>\n\t\t\t\t\t<\/div>\n\n\t\n\n<\/div>\n<ul class=\"ux-products-list product_list_widget\"><\/ul>\n\n\t<div id=\"gap-1680866360\" class=\"gap-element clearfix\" style=\"display:block; height:auto;\">\n\t\t\n<style>\n#gap-1680866360 {\n  padding-top: 30px;\n}\n<\/style>\n\t<\/div>\n\t\n\n<div class=\"row\"  id=\"row-1944121092\">\n\n\n\t<div id=\"col-1672422135\" class=\"col medium-3 small-12 large-3\"  >\n\t\t\t\t<div class=\"col-inner\"  >\n\t\t\t\n\t\t\t\n\n\n\t\t<\/div>\n\t\t\t\t\t<\/div>\n\n\t\n\n\t<div id=\"col-613352986\" class=\"col medium-6 small-12 large-6\"  >\n\t\t\t\t<div class=\"col-inner\"  >\n\t\t\t\n\t\t\t\n\n\n\t\t<\/div>\n\t\t\t\t\t<\/div>\n\n\t\n\n\t<div id=\"col-313232531\" class=\"col medium-3 small-12 large-3\"  >\n\t\t\t\t<div class=\"col-inner\"  >\n\t\t\t\n\t\t\t\n\n\n\t\t<\/div>\n\t\t\t\t\t<\/div>\n\n\t\n\n<\/div>\n\n","protected":false},"excerpt":{"rendered":"","protected":false},"author":1,"featured_media":0,"parent":0,"menu_order":0,"comment_status":"closed","ping_status":"closed","template":"","meta":{"_acf_changed":false,"productId":0,"footnotes":""},"class_list":["post-41636","page","type-page","status-publish","hentry"],"acf":[],"_links":{"self":[{"href":"https:\/\/integratek.es\/ca\/wp-json\/wp\/v2\/pages\/41636","targetHints":{"allow":["GET"]}}],"collection":[{"href":"https:\/\/integratek.es\/ca\/wp-json\/wp\/v2\/pages"}],"about":[{"href":"https:\/\/integratek.es\/ca\/wp-json\/wp\/v2\/types\/page"}],"author":[{"embeddable":true,"href":"https:\/\/integratek.es\/ca\/wp-json\/wp\/v2\/users\/1"}],"replies":[{"embeddable":true,"href":"https:\/\/integratek.es\/ca\/wp-json\/wp\/v2\/comments?post=41636"}],"version-history":[{"count":5,"href":"https:\/\/integratek.es\/ca\/wp-json\/wp\/v2\/pages\/41636\/revisions"}],"predecessor-version":[{"id":207144,"href":"https:\/\/integratek.es\/ca\/wp-json\/wp\/v2\/pages\/41636\/revisions\/207144"}],"wp:attachment":[{"href":"https:\/\/integratek.es\/ca\/wp-json\/wp\/v2\/media?parent=41636"}],"curies":[{"name":"wp","href":"https:\/\/api.w.org\/{rel}","templated":true}]}}