{"id":207835,"date":"2018-10-24T15:34:58","date_gmt":"2018-10-24T13:34:58","guid":{"rendered":"https:\/\/integratek.es\/?page_id=207835"},"modified":"2025-09-04T10:55:58","modified_gmt":"2025-09-04T08:55:58","slug":"curriculum-merce-gonzalez","status":"publish","type":"page","link":"https:\/\/integratek.es\/ca\/curriculum-merce-gonzalez\/","title":{"rendered":"Merc\u00e8 Gonz\u00e0lez | Equip de formadors d&#8217;Integratek"},"content":{"rendered":"\n\t<div id=\"gap-99047510\" class=\"gap-element clearfix\" style=\"display:block; height:auto;\">\n\t\t\n<style>\n#gap-99047510 {\n  padding-top: 50px;\n}\n<\/style>\n\t<\/div>\n\t\n\n<div class=\"row\"  id=\"row-29777136\">\n\n\n\t<div id=\"col-1746408117\" class=\"col medium-6 small-12 large-6\"  >\n\t\t\t\t<div class=\"col-inner\"  >\n\t\t\t\n\t\t\t\n\n<h1><span style=\"font-size: 160%;\">MERC\u00c8 <span style=\"color: #ff8300;\">GONZ\u00c0LEZ<\/span><\/span><\/h1>\n<p>Psic\u00f2loga especialista en TDAH i dificultats d\u00b4aprenentatge en nens, adolescents i adults (U. de Barcelona, \u200b\u200bpremi extraordinari 2005). Fil\u00f2loga anglesa (U. de Barcelona) i M\u00e0ster en Ling\u00fc\u00edstica (University of Iowa &amp; University of Massachusetts, USA). Postgrau en Psicopatologia cl\u00ednica infantil i adulta (U. de Barcelona).  <\/p>\n<div class=\"wpb_text_column wpb_content_elementvc_custom_1516366974312\">\n<div class=\"wpb_wrapper\">\n<div class=\"wpb_text_column-text-style\">\n<ul>\n<li>\n<p>Fundadora i Directora de PsicoAvant Badalona, \u200b\u200bgabinet de psicologia i logop\u00e8dia.<\/p>\n<\/li>\n<li>\n<p>Avaluacions diagn\u00f2stiques i tractament de nens, adolescents i adults amb TDAH i\/o Dificultats d&#8217;Aprenentatge (disl\u00e8xia, discalc\u00falia, TANV).<\/p>\n<\/li>\n<li>\n<p>Avaluaci\u00f3 i tractament de les dificultats de lectura amb el M\u00e8tode Glifing.<\/p>\n<\/li>\n<li>\n<p>Formaci\u00f3 i assessorament a fam\u00edlies, docents i altres professionals.<\/p>\n<\/li>\n<li>\n<p>Formadora de professionals a TDAH i Dificultats d\u00b4Aprenentatge: Escola d\u00b4estiu de Blanquerna, Escola d&#8217;estiu de Bellaterra, Fundaci\u00f3 ADANA, Associaci\u00f3 Avesedari-Glifing.<\/p>\n<\/li>\n<li>\n<p>Docent de la Fundaci\u00f3 ADANA al Postgrau d&#8217;\u201cEspecialitzaci\u00f3 en TDAH, Trastorns de Conducta i Trastorns de l&#8217;Aprenentatge\u201d (m\u00f2duls TDAH en nens i adolescents; Comorbiditats en TDAH; Dificultats d&#8217;Aprenentatge; Disl\u00e8xia, disortografia i disgrafia; Comorbiditats a Trs.<\/p>\n<\/li>\n<li>Psic\u00f2loga d&#8217;adolescents i adults al Centre M\u00e8dic Quir\u00f3n-Teknon.<\/li>\n<li>\n<p>Docent i col\u00b7laboradora del M\u00e8tode Glifing d&#8217;Entrenament de la Lectura.<\/p>\n<\/li>\n<li>\n<p>Traductora d\u2019articles cient\u00edfics de Psicologia per a la Universitat de Barcelona.<\/p>\n<\/li>\n<li>\n<p>Coautora del llibre Trastorn per D\u00e8ficit d&#8217;Atenci\u00f3 amb Hiperactivitat.<\/p>\n<\/li>\n<li>\n<p>Coautora del llibre \u201cM\u00e8tode Glifing d&#8217;Entrenament de la Lectura: El cor lector\u201d.<\/p>\n<\/li>\n<li>\n<p>Directora del Llapis, gabinet de psicologia i logop\u00e8dia (Badalona, \u200b\u200b2005-2014).<\/p>\n<\/li>\n<\/ul>\n<\/div>\n<\/div>\n<\/div>\n\n\t\t<\/div>\n\t\t\t\t\t<\/div>\n\n\t\n\n\t<div id=\"col-199355189\" class=\"col medium-6 small-12 large-6\"  >\n\t\t\t\t<div class=\"col-inner\"  >\n\t\t\t\n\t\t\t\n\n    <div class=\"box has-hover has-hover box-none box-text-bottom\" >\n\n                  <div class=\"box-image \" style=\"width:65%;\">\n           <div class=\"box-image-inner image-cover\" style=\"border-radius:100%;padding-top:100%;\">\n              <img loading=\"lazy\" decoding=\"async\" width=\"1218\" height=\"990\" src=\"https:\/\/integratek.es\/wp-content\/uploads\/2018\/10\/Merce-Integratek.jpg\" class=\"attachment- size-\" alt=\"\" srcset=\"https:\/\/integratek.es\/wp-content\/uploads\/2018\/10\/Merce-Integratek.jpg 1218w, https:\/\/integratek.es\/wp-content\/uploads\/2018\/10\/Merce-Integratek-510x415.jpg 510w, https:\/\/integratek.es\/wp-content\/uploads\/2018\/10\/Merce-Integratek-492x400.jpg 492w, https:\/\/integratek.es\/wp-content\/uploads\/2018\/10\/Merce-Integratek-768x624.jpg 768w, https:\/\/integratek.es\/wp-content\/uploads\/2018\/10\/Merce-Integratek-984x800.jpg 984w\" sizes=\"auto, (max-width: 1218px) 100vw, 1218px\" \/>                         <\/div>\n          <\/div>\n         \n          <div class=\"box-text text-center\" >\n                <div class=\"box-text-inner\">\n                  <h4 class=\"uppercase\">\n                    <span class=\"person-name\"><\/span><br\/>\n                    <span class=\"person-title is-small thin-font op-7\">\n                                          <\/span>\n                  <\/h4>\n\t\t\t\t\t\n\n\n                <\/div>\n          <\/div>\n    <\/div>\n\n\t\n    \n\n\t\t<\/div>\n\t\t\t\t\t<\/div>\n\n\t\n\n<\/div>\n\n","protected":false},"excerpt":{"rendered":"","protected":false},"author":119844,"featured_media":0,"parent":0,"menu_order":0,"comment_status":"closed","ping_status":"closed","template":"","meta":{"_acf_changed":false,"productId":0,"courseId":0,"footnotes":""},"class_list":["post-207835","page","type-page","status-publish","hentry"],"acf":[],"_links":{"self":[{"href":"https:\/\/integratek.es\/ca\/wp-json\/wp\/v2\/pages\/207835","targetHints":{"allow":["GET"]}}],"collection":[{"href":"https:\/\/integratek.es\/ca\/wp-json\/wp\/v2\/pages"}],"about":[{"href":"https:\/\/integratek.es\/ca\/wp-json\/wp\/v2\/types\/page"}],"author":[{"embeddable":true,"href":"https:\/\/integratek.es\/ca\/wp-json\/wp\/v2\/users\/119844"}],"replies":[{"embeddable":true,"href":"https:\/\/integratek.es\/ca\/wp-json\/wp\/v2\/comments?post=207835"}],"version-history":[{"count":0,"href":"https:\/\/integratek.es\/ca\/wp-json\/wp\/v2\/pages\/207835\/revisions"}],"wp:attachment":[{"href":"https:\/\/integratek.es\/ca\/wp-json\/wp\/v2\/media?parent=207835"}],"curies":[{"name":"wp","href":"https:\/\/api.w.org\/{rel}","templated":true}]}}