{"id":207145,"date":"2018-05-02T13:38:29","date_gmt":"2018-05-02T11:38:29","guid":{"rendered":"https:\/\/integratek.es\/josep-maria-serra-grabulosa-equip-de-formadors-dintegratek\/"},"modified":"2025-08-25T11:17:11","modified_gmt":"2025-08-25T09:17:11","slug":"curriculum-josep-maria-serra-grabulosa","status":"publish","type":"page","link":"https:\/\/integratek.es\/ca\/curriculum-josep-maria-serra-grabulosa\/","title":{"rendered":"Josep Maria Serra Grabulosa | Equip de formadors d&#8217;Integratek"},"content":{"rendered":"\n\t<div id=\"gap-988384287\" class=\"gap-element clearfix\" style=\"display:block; height:auto;\">\n\t\t\n<style>\n#gap-988384287 {\n  padding-top: 50px;\n}\n<\/style>\n\t<\/div>\n\t\n\n<div class=\"row\"  id=\"row-549374138\">\n\n\n\t<div id=\"col-1596277582\" class=\"col medium-6 small-12 large-6\"  >\n\t\t\t\t<div class=\"col-inner\"  >\n\t\t\t\n\t\t\t\n\n<h1><span style=\"font-size: 160%;\">JOSEP M. SERRA&nbsp;<span style=\"color: #ff8300;\">GRABULOSA<\/span><\/span><\/h1>\n\n\t\t<\/div>\n\t\t\t\t\t<\/div>\n\n\t\n\n\t<div id=\"col-1385812699\" class=\"col medium-6 small-12 large-6\"  >\n\t\t\t\t<div class=\"col-inner\"  >\n\t\t\t\n\t\t\t\n\n\n\t\t<\/div>\n\t\t\t\t\t<\/div>\n\n\t\n\n<\/div>\n<div class=\"row\"  id=\"row-1031707979\">\n\n\n\t<div id=\"col-146290402\" class=\"col medium-6 small-12 large-6\"  >\n\t\t\t\t<div class=\"col-inner\"  >\n\t\t\t\n\t\t\t\n\n<p>Professor. Tiular al departament de Psicologia Cl\u00ednica i Psicobiologia. Especialista en disl\u00e8xia i discalc\u00falia.   Autor de 42 publicacions cient\u00edfiques i 51 comunicacions a congressos nacionals.<\/p>\n<div class=\"wpb_text_column wpb_content_element vc_custom_1516366974312\">\n<div class=\"wpb_wrapper\">\n<div class=\"wpb_text_column-text-style\">\n<ul>\n<li>Professor Titular, Dept. Psicologia Cl\u00ednica i Psicobiologia. Facultat de Psicologia Universitat de Barcelona.  <\/li>\n<li>Investigador en Trastorns del neurodesenvolupament.<\/li>\n<li>IDIBAPS \u2013 Institut de Neuroci\u00e8ncies UB.<\/li>\n<li>Especialista en disl\u00e8xia i discalc\u00falia: investigador principal de 2 projectes competitius per a l&#8217;estudi de la plasticitat cerebral associada a la reeducaci\u00f3 intensiva de les dificultats lectores i matem\u00e0tiques.<\/li>\n<li>Director del Postgrau &#8220;Aprenentatges espec\u00edfics, dificultats d&#8217;aprenentatge i trastorns del neurodesenvolupament&#8221; de la Universitat de Barcelona.<\/li>\n<li>Autor de 42 publicacions cient\u00edfiques i 51 comunicacions a congressos nacionals.<\/li>\n<\/ul>\n<\/div>\n<\/div>\n<\/div>\n\n\t\t<\/div>\n\t\t\t\t\t<\/div>\n\n\t\n\n\t<div id=\"col-47754837\" class=\"col medium-6 small-12 large-6\"  >\n\t\t\t\t<div class=\"col-inner\"  >\n\t\t\t\n\t\t\t\n\n    <div class=\"box has-hover has-hover box-none box-text-bottom\" >\n\n                  <div class=\"box-image \" style=\"width:65%;\">\n           <div class=\"box-image-inner image-cover\" style=\"border-radius:100%;padding-top:100%;\">\n              <img loading=\"lazy\" decoding=\"async\" width=\"773\" height=\"649\" src=\"https:\/\/integratek.es\/wp-content\/uploads\/2018\/10\/000407-000115.jpg\" class=\"attachment- size-\" alt=\"\" srcset=\"https:\/\/integratek.es\/wp-content\/uploads\/2018\/10\/000407-000115.jpg 773w, https:\/\/integratek.es\/wp-content\/uploads\/2018\/10\/000407-000115-510x428.jpg 510w, https:\/\/integratek.es\/wp-content\/uploads\/2018\/10\/000407-000115-476x400.jpg 476w, https:\/\/integratek.es\/wp-content\/uploads\/2018\/10\/000407-000115-768x645.jpg 768w\" sizes=\"auto, (max-width: 773px) 100vw, 773px\" \/>                         <\/div>\n          <\/div>\n         \n          <div class=\"box-text text-center\" >\n                <div class=\"box-text-inner\">\n                  <h4 class=\"uppercase\">\n                    <span class=\"person-name\">Ola Nordmann<\/span><br\/>\n                    <span class=\"person-title is-small thin-font op-7\">\n                      Customer Support                    <\/span>\n                  <\/h4>\n\t\t\t\t\t\n\n<p> Lorem ipsum.. <\/p>\n\n                <\/div>\n          <\/div>\n    <\/div>\n\n\t\n    \n\n\t\t<\/div>\n\t\t\t\t\t<\/div>\n\n\t\n\n<\/div>\n<div class=\"text-center\"><div class=\"is-divider divider clearfix\" style=\"max-width:1050px;background-color:rgb(209, 209, 209);\"><\/div><\/div>\n\n<div class=\"row\"  id=\"row-1448037404\">\n\n\n\t<div id=\"col-1598222901\" class=\"col small-12 large-12\"  >\n\t\t\t\t<div class=\"col-inner text-center\"  >\n\t\t\t\n\t\t\t\n\n\t<div id=\"text-2353512319\" class=\"text\">\n\t\t\n\n<p><span style=\"font-size: 160%;\"><strong>Entrevistes i articles a Josep M. Serra Grabulosa<\/strong><\/span><\/p>\n\t\t\n<style>\n#text-2353512319 {\n  text-align: left;\n}\n<\/style>\n\t<\/div>\n\t\n<p style=\"text-align: left;\">Qu\u00e8 \u00e9s la discalc\u00falia?:&nbsp;<a href=\"https:\/\/integratek.es\/que-es-la-discalculia-2\/\" target=\"_blank\" rel=\"noopener\">www.integratek.es\/ca\/que-es-la-discalculia\/<\/a><\/p>\n\n\t\t<\/div>\n\t\t\t\t\t<\/div>\n\n\t\n\n<\/div>\n<div class=\"row\"  id=\"row-1888754528\">\n\n\n\t<div id=\"col-558296855\" class=\"col small-12 large-12\"  >\n\t\t\t\t<div class=\"col-inner\"  >\n\t\t\t\n\t\t\t\n\n<p><span style=\"font-size: 160%;\"><strong>Formacions d&#8217;Integratek amb Josep M. Serra Grabulosa<\/strong><\/span><\/p>\n<ul class=\"ux-products-list product_list_widget\"><\/ul>\n\n\t<div id=\"gap-1182093172\" class=\"gap-element clearfix\" style=\"display:block; height:auto;\">\n\t\t\n<style>\n#gap-1182093172 {\n  padding-top: 30px;\n}\n<\/style>\n\t<\/div>\n\t\n\n\n\t\t<\/div>\n\t\t\t\t\t<\/div>\n\n\t\n\n<\/div>\n<div class=\"row\"  id=\"row-1221623478\">\n\n\n\t<div id=\"col-370537721\" class=\"col medium-3 small-12 large-3\"  >\n\t\t\t\t<div class=\"col-inner\"  >\n\t\t\t\n\t\t\t\n\n\n\t\t<\/div>\n\t\t\t\t\t<\/div>\n\n\t\n\n\t<div id=\"col-1288875206\" class=\"col medium-6 small-12 large-6\"  >\n\t\t\t\t<div class=\"col-inner\"  >\n\t\t\t\n\t\t\t\n\n<a href=\"https:\/\/integratek.es\/equipo-formadores-integratek\/\" target=\"_blank\" class=\"button primary is-large lowercase expand\" rel=\"noopener\" style=\"border-radius:99px;\">\n\t\t<span>Descobreix m\u00e9s formadors d&#039;Integratek<\/span>\n\t<\/a>\n\n\n\n\t\t<\/div>\n\t\t\t\t\t<\/div>\n\n\t\n\n\t<div id=\"col-1624788388\" class=\"col medium-3 small-12 large-3\"  >\n\t\t\t\t<div class=\"col-inner\"  >\n\t\t\t\n\t\t\t\n\n\n\t\t<\/div>\n\t\t\t\t\t<\/div>\n\n\t\n\n<\/div>\n\n","protected":false},"excerpt":{"rendered":"","protected":false},"author":119844,"featured_media":0,"parent":0,"menu_order":0,"comment_status":"closed","ping_status":"closed","template":"","meta":{"_acf_changed":false,"productId":0,"courseId":0,"footnotes":""},"class_list":["post-207145","page","type-page","status-publish","hentry"],"acf":[],"_links":{"self":[{"href":"https:\/\/integratek.es\/ca\/wp-json\/wp\/v2\/pages\/207145","targetHints":{"allow":["GET"]}}],"collection":[{"href":"https:\/\/integratek.es\/ca\/wp-json\/wp\/v2\/pages"}],"about":[{"href":"https:\/\/integratek.es\/ca\/wp-json\/wp\/v2\/types\/page"}],"author":[{"embeddable":true,"href":"https:\/\/integratek.es\/ca\/wp-json\/wp\/v2\/users\/119844"}],"replies":[{"embeddable":true,"href":"https:\/\/integratek.es\/ca\/wp-json\/wp\/v2\/comments?post=207145"}],"version-history":[{"count":0,"href":"https:\/\/integratek.es\/ca\/wp-json\/wp\/v2\/pages\/207145\/revisions"}],"wp:attachment":[{"href":"https:\/\/integratek.es\/ca\/wp-json\/wp\/v2\/media?parent=207145"}],"curies":[{"name":"wp","href":"https:\/\/api.w.org\/{rel}","templated":true}]}}