{"id":207096,"date":"2018-11-19T10:27:54","date_gmt":"2018-11-19T09:27:54","guid":{"rendered":"https:\/\/integratek.es\/equip-formadors-de-utae\/"},"modified":"2025-08-29T13:37:00","modified_gmt":"2025-08-29T11:37:00","slug":"equip-formadors-de-utae","status":"publish","type":"page","link":"https:\/\/integratek.es\/ca\/equip-formadors-de-utae\/","title":{"rendered":"Equip formadors de UTAE"},"content":{"rendered":"\n<div class=\"row\"  id=\"row-275448302\">\n\n\n\t<div id=\"col-513944426\" class=\"col small-12 large-12\"  >\n\t\t\t\t<div class=\"col-inner\"  >\n\t\t\t\n\t\t\t\n\n<p style=\"text-align: center;\"><span style=\"font-size: 120%;\">Vols con\u00e8ixer els nostres ponents? Aquests s\u00f3n els experts que ens acompanyen a les nostres formacions. Descobreix-los!    <\/span><\/p>\n\n\t\t<\/div>\n\t\t\t\t\t<\/div>\n\n\t\n\n<\/div>\n<div class=\"row\"  id=\"row-2019810800\">\n\n\n\t<div id=\"col-1698750043\" class=\"col medium-4 small-12 large-4\"  >\n\t\t\t\t<div class=\"col-inner\"  >\n\t\t\t\n\t\t\t\n\n    <div class=\"box has-hover has-hover box-text-bottom\" >\n\n                  <div class=\"box-image \" style=\"width:60%;\">\n           <div class=\"box-image-inner image-cover\" style=\"border-radius:100%;padding-top:100%;\">\n              <img loading=\"lazy\" decoding=\"async\" width=\"245\" height=\"245\" src=\"https:\/\/integratek.es\/wp-content\/uploads\/2018\/07\/ip_prof_cristina_garcia_lopez.jpg\" class=\"attachment- size-\" alt=\"\" srcset=\"https:\/\/integratek.es\/wp-content\/uploads\/2018\/07\/ip_prof_cristina_garcia_lopez.jpg 245w, https:\/\/integratek.es\/wp-content\/uploads\/2018\/07\/ip_prof_cristina_garcia_lopez-100x100.jpg 100w\" sizes=\"auto, (max-width: 245px) 100vw, 245px\" \/>                         <\/div>\n          <\/div>\n         \n          <div class=\"box-text text-center\" >\n                <div class=\"box-text-inner\">\n                  <h4 class=\"uppercase\">\n                    <span class=\"person-name\">Cristina garc\u00eda l\u00f3pez<\/span><br\/>\n                    <span class=\"person-title is-small thin-font op-7\">\n                      doctora en psicopedagogia. Experta en trastorns de l'espectre autista (tea)                     <\/span>\n                  <\/h4>\n\t\t\t\t\t\n\n<a href=\"https:\/\/integratek.es\/ca\/curriculum-cristina-garcia\/\" target=\"_blank\" class=\"button primary\" rel=\"noopener\" style=\"border-radius:99px;\">\n\t\t<span>Coneix Cristina<\/span>\n\t<\/a>\n\n\n\n                <\/div>\n          <\/div>\n    <\/div>\n\n\t\n    \n\n\t\t<\/div>\n\t\t\t\t\t<\/div>\n\n\t\n\n\t<div id=\"col-556590852\" class=\"col medium-4 small-12 large-4\"  >\n\t\t\t\t<div class=\"col-inner\"  >\n\t\t\t\n\t\t\t\n\n    <div class=\"box has-hover has-hover box-text-bottom\" >\n\n                  <div class=\"box-image \" style=\"width:60%;\">\n           <div class=\"box-image-inner image-cover\" style=\"border-radius:100%;padding-top:100%;\">\n              <img loading=\"lazy\" decoding=\"async\" width=\"346\" height=\"346\" src=\"https:\/\/integratek.es\/wp-content\/uploads\/2018\/11\/guitet-julia-montse-hospital-sant-joan-de-barcelona.jpg\" class=\"attachment- size-\" alt=\"\" srcset=\"https:\/\/integratek.es\/wp-content\/uploads\/2018\/11\/guitet-julia-montse-hospital-sant-joan-de-barcelona.jpg 346w, https:\/\/integratek.es\/wp-content\/uploads\/2018\/11\/guitet-julia-montse-hospital-sant-joan-de-barcelona-100x100.jpg 100w, https:\/\/integratek.es\/wp-content\/uploads\/2018\/11\/guitet-julia-montse-hospital-sant-joan-de-barcelona-280x280.jpg 280w\" sizes=\"auto, (max-width: 346px) 100vw, 346px\" \/>                         <\/div>\n          <\/div>\n         \n          <div class=\"box-text text-center\" >\n                <div class=\"box-text-inner\">\n                  <h4 class=\"uppercase\">\n                    <span class=\"person-name\">Montse guitet juli\u00e0<\/span><br\/>\n                    <span class=\"person-title is-small thin-font op-7\">\n                      experta en neurodesenvolupament i trastorn de l'espectre autista (tea)                    <\/span>\n                  <\/h4>\n\t\t\t\t\t\n\n<a href=\"https:\/\/integratek.es\/ca\/curriculum-montse-guitet-julia\/\" target=\"_blank\" class=\"button primary\" rel=\"noopener\" style=\"border-radius:99px;\">\n\t\t<span>Coneix a Montse<\/span>\n\t<\/a>\n\n\n\n                <\/div>\n          <\/div>\n    <\/div>\n\n\t\n    \n\n\t\t<\/div>\n\t\t\t\t\t<\/div>\n\n\t\n\n\t<div id=\"col-1108588305\" class=\"col medium-4 small-12 large-4\"  >\n\t\t\t\t<div class=\"col-inner\"  >\n\t\t\t\n\t\t\t\n\n    <div class=\"box has-hover has-hover box-text-bottom\" >\n\n                  <div class=\"box-image \" style=\"width:60%;\">\n           <div class=\"box-image-inner image-cover\" style=\"border-radius:100%;padding-top:100%;\">\n              <img loading=\"lazy\" decoding=\"async\" width=\"245\" height=\"245\" src=\"https:\/\/integratek.es\/wp-content\/uploads\/2018\/07\/ip_prof_cristina_boix.jpg\" class=\"attachment- size-\" alt=\"\" srcset=\"https:\/\/integratek.es\/wp-content\/uploads\/2018\/07\/ip_prof_cristina_boix.jpg 245w, https:\/\/integratek.es\/wp-content\/uploads\/2018\/07\/ip_prof_cristina_boix-100x100.jpg 100w\" sizes=\"auto, (max-width: 245px) 100vw, 245px\" \/>                         <\/div>\n          <\/div>\n         \n          <div class=\"box-text text-center\" >\n                <div class=\"box-text-inner\">\n                  <h4 class=\"uppercase\">\n                    <span class=\"person-name\">CRISTINA BOIX LLUCH<\/span><br\/>\n                    <span class=\"person-title is-small thin-font op-7\">\n                      Professora de Postgraus i m\u00e0sters de neurologia i neuropiscologia pedi\u00e0trica                    <\/span>\n                  <\/h4>\n\t\t\t\t\t\n\n<a href=\"https:\/\/integratek.es\/ca\/curriculum-cristina-boix\/\" target=\"_blank\" class=\"button primary\" rel=\"noopener\" style=\"border-radius:99px;\">\n\t\t<span>Coneix Cristina<\/span>\n\t<\/a>\n\n\n\n                <\/div>\n          <\/div>\n    <\/div>\n\n\t\n    \n\n\t\t<\/div>\n\t\t\t\t\t<\/div>\n\n\t\n\n<\/div>\n<div class=\"row\"  id=\"row-1368744800\">\n\n\n\t<div id=\"col-292774983\" class=\"col medium-4 small-12 large-4\"  >\n\t\t\t\t<div class=\"col-inner\"  >\n\t\t\t\n\t\t\t\n\n    <div class=\"box has-hover has-hover box-text-bottom\" >\n\n                  <div class=\"box-image \" style=\"width:60%;\">\n           <div class=\"box-image-inner image-cover\" style=\"border-radius:100%;padding-top:100%;\">\n              <img loading=\"lazy\" decoding=\"async\" width=\"600\" height=\"600\" src=\"https:\/\/integratek.es\/wp-content\/uploads\/2018\/11\/Anna-Mesas-UTAE.jpg\" class=\"attachment- size-\" alt=\"\" srcset=\"https:\/\/integratek.es\/wp-content\/uploads\/2018\/11\/Anna-Mesas-UTAE.jpg 600w, https:\/\/integratek.es\/wp-content\/uploads\/2018\/11\/Anna-Mesas-UTAE-100x100.jpg 100w, https:\/\/integratek.es\/wp-content\/uploads\/2018\/11\/Anna-Mesas-UTAE-510x510.jpg 510w, https:\/\/integratek.es\/wp-content\/uploads\/2018\/11\/Anna-Mesas-UTAE-280x280.jpg 280w, https:\/\/integratek.es\/wp-content\/uploads\/2018\/11\/Anna-Mesas-UTAE-400x400.jpg 400w\" sizes=\"auto, (max-width: 600px) 100vw, 600px\" \/>                         <\/div>\n          <\/div>\n         \n          <div class=\"box-text text-center\" >\n                <div class=\"box-text-inner\">\n                  <h4 class=\"uppercase\">\n                    <span class=\"person-name\">Anna Mesas Ruiz<\/span><br\/>\n                    <span class=\"person-title is-small thin-font op-7\">\n                      Experta en trastorns de l'aprenentatge i la reeducaci\u00f3 i la neuropsicologia                    <\/span>\n                  <\/h4>\n\t\t\t\t\t\n\n<a href=\"https:\/\/integratek.es\/ca\/curriculum-anna-mesas\/\" target=\"_blank\" class=\"button primary\" rel=\"noopener\" style=\"border-radius:99px;\">\n\t\t<span>Coneix a Anna<\/span>\n\t<\/a>\n\n\n\n                <\/div>\n          <\/div>\n    <\/div>\n\n\t\n    \n\n\t\t<\/div>\n\t\t\t\t\t<\/div>\n\n\t\n\n\t<div id=\"col-1044717971\" class=\"col medium-4 small-12 large-4\"  >\n\t\t\t\t<div class=\"col-inner\"  >\n\t\t\t\n\t\t\t\n\n    <div class=\"box has-hover has-hover box-text-bottom\" >\n\n                  <div class=\"box-image \" style=\"width:60%;\">\n           <div class=\"box-image-inner image-cover\" style=\"border-radius:100%;padding-top:100%;\">\n              <img loading=\"lazy\" decoding=\"async\" width=\"600\" height=\"600\" src=\"https:\/\/integratek.es\/wp-content\/uploads\/2018\/11\/Montserrat-Arellano-UTAE.jpg\" class=\"attachment- size-\" alt=\"\" srcset=\"https:\/\/integratek.es\/wp-content\/uploads\/2018\/11\/Montserrat-Arellano-UTAE.jpg 600w, https:\/\/integratek.es\/wp-content\/uploads\/2018\/11\/Montserrat-Arellano-UTAE-100x100.jpg 100w, https:\/\/integratek.es\/wp-content\/uploads\/2018\/11\/Montserrat-Arellano-UTAE-510x510.jpg 510w, https:\/\/integratek.es\/wp-content\/uploads\/2018\/11\/Montserrat-Arellano-UTAE-280x280.jpg 280w, https:\/\/integratek.es\/wp-content\/uploads\/2018\/11\/Montserrat-Arellano-UTAE-400x400.jpg 400w\" sizes=\"auto, (max-width: 600px) 100vw, 600px\" \/>                         <\/div>\n          <\/div>\n         \n          <div class=\"box-text text-center\" >\n                <div class=\"box-text-inner\">\n                  <h4 class=\"uppercase\">\n                    <span class=\"person-name\">MONTSERRAT ARELLANO PEDROLA<\/span><br\/>\n                    <span class=\"person-title is-small thin-font op-7\">\n                      EXPERTA EN TRASTORNS DE L'APRENENTATGE I NEUROPEDIATRIA                    <\/span>\n                  <\/h4>\n\t\t\t\t\t\n\n<a href=\"https:\/\/integratek.es\/ca\/curriculum-montserrat-arellano\/\" target=\"_blank\" class=\"button primary\" rel=\"noopener\" style=\"border-radius:99px;\">\n\t\t<span>Coneix A MONTSERRAT<\/span>\n\t<\/a>\n\n\n\n                <\/div>\n          <\/div>\n    <\/div>\n\n\t\n    \n\n\t\t<\/div>\n\t\t\t\t\t<\/div>\n\n\t\n\n\t<div id=\"col-1437045864\" class=\"col medium-4 small-12 large-4\"  >\n\t\t\t\t<div class=\"col-inner\"  >\n\t\t\t\n\t\t\t\n\n    <div class=\"box has-hover has-hover box-text-bottom\" >\n\n                  <div class=\"box-image \" style=\"width:60%;\">\n           <div class=\"box-image-inner image-cover\" style=\"border-radius:100%;padding-top:100%;\">\n              <img loading=\"lazy\" decoding=\"async\" width=\"245\" height=\"245\" src=\"https:\/\/integratek.es\/wp-content\/uploads\/2018\/11\/ip_prof_elisabet_suades.jpg\" class=\"attachment- size-\" alt=\"\" srcset=\"https:\/\/integratek.es\/wp-content\/uploads\/2018\/11\/ip_prof_elisabet_suades.jpg 245w, https:\/\/integratek.es\/wp-content\/uploads\/2018\/11\/ip_prof_elisabet_suades-100x100.jpg 100w\" sizes=\"auto, (max-width: 245px) 100vw, 245px\" \/>                         <\/div>\n          <\/div>\n         \n          <div class=\"box-text text-center\" >\n                <div class=\"box-text-inner\">\n                  <h4 class=\"uppercase\">\n                    <span class=\"person-name\">ELISABET SUADES GONZ\u00c1LEZ<\/span><br\/>\n                    <span class=\"person-title is-small thin-font op-7\">\n                      DOCTORADA A BIOMEDICINA. M\u00c0STER EN SALUT P\u00daBLICA I NEUROPSICOLOGIA                     <\/span>\n                  <\/h4>\n\t\t\t\t\t\n\n<a href=\"https:\/\/integratek.es\/ca\/curriculum-elisabet-suades\/\" target=\"_blank\" class=\"button primary\" rel=\"noopener\" style=\"border-radius:99px;\">\n\t\t<span>Coneix a Elisabet<\/span>\n\t<\/a>\n\n\n\n                <\/div>\n          <\/div>\n    <\/div>\n\n\t\n    \n\n\t\t<\/div>\n\t\t\t\t\t<\/div>\n\n\t\n\n<\/div>\n<div class=\"row\"  id=\"row-355601491\">\n\n\n\t<div id=\"col-1259175184\" class=\"col medium-4 small-12 large-4\"  >\n\t\t\t\t<div class=\"col-inner\"  >\n\t\t\t\n\t\t\t\n\n    <div class=\"box has-hover has-hover box-text-bottom\" >\n\n                  <div class=\"box-image \" style=\"width:60%;\">\n           <div class=\"box-image-inner image-cover\" style=\"border-radius:100%;padding-top:100%;\">\n              <img loading=\"lazy\" decoding=\"async\" width=\"382\" height=\"437\" src=\"https:\/\/integratek.es\/wp-content\/uploads\/2018\/07\/M-Valls-UTAE.jpg\" class=\"attachment- size-\" alt=\"\" srcset=\"https:\/\/integratek.es\/wp-content\/uploads\/2018\/07\/M-Valls-UTAE.jpg 382w, https:\/\/integratek.es\/wp-content\/uploads\/2018\/07\/M-Valls-UTAE-350x400.jpg 350w\" sizes=\"auto, (max-width: 382px) 100vw, 382px\" \/>                         <\/div>\n          <\/div>\n         \n          <div class=\"box-text text-center\" >\n                <div class=\"box-text-inner\">\n                  <h4 class=\"uppercase\">\n                    <span class=\"person-name\">Marta Valls Pla<\/span><br\/>\n                    <span class=\"person-title is-small thin-font op-7\">\n                      LOGOPEDA. EXPERTA EN ATENCI\u00d3 PRECO\u00c7 I FAM\u00cdLIA. MESTRA D'EDUCACI\u00d3 ESPECIAL                      <\/span>\n                  <\/h4>\n\t\t\t\t\t\n\n<a href=\"https:\/\/integratek.es\/ca\/curriculum-marta-valls\/\" target=\"_blank\" class=\"button primary\" rel=\"noopener\" style=\"border-radius:99px;\">\n\t\t<span>Conoce a Marta<\/span>\n\t<\/a>\n\n\n\n                <\/div>\n          <\/div>\n    <\/div>\n\n\t\n    \n\n\t\t<\/div>\n\t\t\t\t\t<\/div>\n\n\t\n\n\t<div id=\"col-1446580148\" class=\"col medium-4 small-12 large-4\"  >\n\t\t\t\t<div class=\"col-inner\"  >\n\t\t\t\n\t\t\t\n\n    <div class=\"box has-hover has-hover box-text-bottom\" >\n\n                  <div class=\"box-image \" style=\"width:60%;\">\n           <div class=\"box-image-inner image-cover\" style=\"border-radius:100%;padding-top:100%;\">\n              <img loading=\"lazy\" decoding=\"async\" width=\"345\" height=\"346\" src=\"https:\/\/integratek.es\/wp-content\/uploads\/2018\/07\/garau-rolandi-maria-hospital-sant-joan-deu-barcelona-utae.jpg\" class=\"attachment- size-\" alt=\"\" srcset=\"https:\/\/integratek.es\/wp-content\/uploads\/2018\/07\/garau-rolandi-maria-hospital-sant-joan-deu-barcelona-utae.jpg 345w, https:\/\/integratek.es\/wp-content\/uploads\/2018\/07\/garau-rolandi-maria-hospital-sant-joan-deu-barcelona-utae-100x100.jpg 100w, https:\/\/integratek.es\/wp-content\/uploads\/2018\/07\/garau-rolandi-maria-hospital-sant-joan-deu-barcelona-utae-280x280.jpg 280w\" sizes=\"auto, (max-width: 345px) 100vw, 345px\" \/>                         <\/div>\n          <\/div>\n         \n          <div class=\"box-text text-center\" >\n                <div class=\"box-text-inner\">\n                  <h4 class=\"uppercase\">\n                    <span class=\"person-name\">Mar\u00eda Garau Rolandi<\/span><br\/>\n                    <span class=\"person-title is-small thin-font op-7\">\n                      EXPERTA EN NEUROPSICOLOGIA CL\u00cdNICA D'ADULT I INFANTIL. PSICOLOGA                     <\/span>\n                  <\/h4>\n\t\t\t\t\t\n\n<a href=\"https:\/\/integratek.es\/ca\/curriculum-maria-garau\/\" target=\"_blank\" class=\"button primary\" rel=\"noopener\" style=\"border-radius:99px;\">\n\t\t<span>Coneix a Maria<\/span>\n\t<\/a>\n\n\n\n                <\/div>\n          <\/div>\n    <\/div>\n\n\t\n    \n\n\t\t<\/div>\n\t\t\t\t\t<\/div>\n\n\t\n\n\t<div id=\"col-1284211986\" class=\"col medium-4 small-12 large-4\"  >\n\t\t\t\t<div class=\"col-inner\"  >\n\t\t\t\n\t\t\t\n\n\n\t\t<\/div>\n\t\t\t\t\t<\/div>\n\n\t\n\n<\/div>\n<div class=\"row\"  id=\"row-1138482018\">\n\n\n\t<div id=\"col-1639036639\" class=\"col small-12 large-12\"  >\n\t\t\t\t<div class=\"col-inner\"  >\n\t\t\t\n\t\t\t\n\n<div class=\"is-divider divider clearfix\" style=\"max-width:1500px;background-color:rgb(234, 234, 234);\"><\/div>\n\n<p style=\"text-align: center;\"><span style=\"font-size: 120%;\">T&#8217;agradaria veure&#8217;ls en directe? Punxa al bot\u00f3 i inscriu-te a la formaci\u00f3 que m\u00e9s t&#8217;interessi.  T&#8217;esperem! <\/span><\/p>\n\n\t\t<\/div>\n\t\t\t\t\t<\/div>\n\n\t\n\n<\/div>\n<div class=\"row\"  id=\"row-1617190327\">\n\n\n\t<div id=\"col-1249231417\" class=\"col medium-4 small-12 large-4\"  >\n\t\t\t\t<div class=\"col-inner\"  >\n\t\t\t\n\t\t\t\n\n\n\t\t<\/div>\n\t\t\t\t\t<\/div>\n\n\t\n\n\t<div id=\"col-107105205\" class=\"col medium-4 small-12 large-4\"  >\n\t\t\t\t<div class=\"col-inner text-center\"  >\n\t\t\t\n\t\t\t\n\n<a href=\"https:\/\/integratek.es\/cursos-integratek\/\" target=\"_blank\" class=\"button primary is-large lowercase\" rel=\"noopener\" style=\"border-radius:99px;\">\n\t\t<span>Descobreix totes les formacions<\/span>\n\t<\/a>\n\n\n\n\t\t<\/div>\n\t\t\t\t\t<\/div>\n\n\t\n\n\t<div id=\"col-2055624785\" class=\"col medium-4 small-12 large-4\"  >\n\t\t\t\t<div class=\"col-inner\"  >\n\t\t\t\n\t\t\t\n\n\n\t\t<\/div>\n\t\t\t\t\t<\/div>\n\n\t\n\n<\/div>\n","protected":false},"excerpt":{"rendered":"","protected":false},"author":1,"featured_media":0,"parent":0,"menu_order":0,"comment_status":"closed","ping_status":"closed","template":"page-blank-title-center.php","meta":{"_acf_changed":false,"productId":0,"footnotes":""},"class_list":["post-207096","page","type-page","status-publish","hentry"],"acf":[],"_links":{"self":[{"href":"https:\/\/integratek.es\/ca\/wp-json\/wp\/v2\/pages\/207096","targetHints":{"allow":["GET"]}}],"collection":[{"href":"https:\/\/integratek.es\/ca\/wp-json\/wp\/v2\/pages"}],"about":[{"href":"https:\/\/integratek.es\/ca\/wp-json\/wp\/v2\/types\/page"}],"author":[{"embeddable":true,"href":"https:\/\/integratek.es\/ca\/wp-json\/wp\/v2\/users\/1"}],"replies":[{"embeddable":true,"href":"https:\/\/integratek.es\/ca\/wp-json\/wp\/v2\/comments?post=207096"}],"version-history":[{"count":5,"href":"https:\/\/integratek.es\/ca\/wp-json\/wp\/v2\/pages\/207096\/revisions"}],"predecessor-version":[{"id":207367,"href":"https:\/\/integratek.es\/ca\/wp-json\/wp\/v2\/pages\/207096\/revisions\/207367"}],"wp:attachment":[{"href":"https:\/\/integratek.es\/ca\/wp-json\/wp\/v2\/media?parent=207096"}],"curies":[{"name":"wp","href":"https:\/\/api.w.org\/{rel}","templated":true}]}}