{"id":205019,"date":"2018-05-11T14:14:28","date_gmt":"2018-05-11T12:14:28","guid":{"rendered":"https:\/\/integratek.es\/?page_id=205019"},"modified":"2025-08-25T09:59:29","modified_gmt":"2025-08-25T07:59:29","slug":"curriculum-cristina-boix","status":"publish","type":"page","link":"https:\/\/integratek.es\/ca\/curriculum-cristina-boix\/","title":{"rendered":"Cristina Boix | Equip de formadors d&#8217;UTAE"},"content":{"rendered":"\n\t<div id=\"gap-963264305\" class=\"gap-element clearfix\" style=\"display:block; height:auto;\">\n\t\t\n<style>\n#gap-963264305 {\n  padding-top: 50px;\n}\n<\/style>\n\t<\/div>\n\t\n\n<div class=\"row\"  id=\"row-1790657358\">\n\n\n\t<div id=\"col-1010124751\" class=\"col medium-6 small-12 large-6\"  >\n\t\t\t\t<div class=\"col-inner\"  >\n\t\t\t\n\t\t\t\n\n<h1><span style=\"font-size: 160%;\">CRISTINA <span style=\"color: #ff8300;\">BOIX<\/span><\/span><\/h1>\n<ul>\n<li>Llicenciatura en Psicologia per la Universitat Ramon Llull (1999).<\/li>\n<li>M\u00e0ster en Neuropsicologia Infantil i d&#8217;Adults per la Universitat Aut\u00f2noma de Barcelona (1999-2002)<\/li>\n<li>M\u00e0ster Oficial en Investigaci\u00f3 Cl\u00ednica Aplicada a Ci\u00e8ncies de la Salut (2015) per la Facultat de Medicina de la Universitat Aut\u00f2noma de Barcelona<\/li>\n<li>Cursant estudis de Doctorat en Psicologia per la Facultat Blanquerna, Universitat Ramon Llull<\/li>\n<li>T\u00edtol d&#8217;\u201cExpertesa en Neuropsicologia Cl\u00ednica\u201d pel COPC (Col\u00b7legi Oficial de Psicologia de Catalunya).<\/li>\n<li>Neuropsic\u00f2loga Adjunta del Servei Neurologia des de l\u00b4any 2006 de l\u00b4Hospital Sant Joan de D\u00e9u de Barcelona.<\/li>\n<li>Neuropsic\u00f2loga de la Unitat de Trastorns de l\u00b4Aprenentatge Escolar (UTAE) de l\u00b4Institut Pedi\u00e0tric de l\u00b4Hospital Sant Joan de D\u00e9u.<\/li>\n<li>Docent en diferents postgraus i m\u00e0sters de neurologia i neuropsicologia pedi\u00e0triques.<\/li>\n<li>Col\u00b7laboraci\u00f3 amb el Departament d&#8217;Ensenyament de la Generalitat de Catalunya a programes de formaci\u00f3 a docents sobre trastorns de l&#8217;aprenentatge.<\/li>\n<\/ul>\n<a href=\"https:\/\/integratek.es\/ca\/equipo-formadores-utae\/\" target=\"_blank\" class=\"button primary lowercase expand\" rel=\"noopener\" style=\"border-radius:99px;\">\n\t\t<span>Descobreix m\u00e9s formadors d&#039;UTAE<\/span>\n\t<\/a>\n\n\n\n\t\t<\/div>\n\t\t\t\t\t<\/div>\n\n\t\n\n\t<div id=\"col-1814556590\" class=\"col medium-6 small-12 large-6\"  >\n\t\t\t\t<div class=\"col-inner\"  >\n\t\t\t\n\t\t\t\n\n    <div class=\"box has-hover has-hover box-none box-text-bottom\" >\n\n                  <div class=\"box-image \" style=\"width:80%;\">\n           <div class=\"box-image-inner image-cover\" style=\"border-radius:100%;padding-top:100%;\">\n              <img loading=\"lazy\" decoding=\"async\" width=\"245\" height=\"245\" src=\"https:\/\/integratek.es\/wp-content\/uploads\/2018\/07\/ip_prof_cristina_boix.jpg\" class=\"attachment- size-\" alt=\"\" srcset=\"https:\/\/integratek.es\/wp-content\/uploads\/2018\/07\/ip_prof_cristina_boix.jpg 245w, https:\/\/integratek.es\/wp-content\/uploads\/2018\/07\/ip_prof_cristina_boix-100x100.jpg 100w\" sizes=\"auto, (max-width: 245px) 100vw, 245px\" \/>                         <\/div>\n          <\/div>\n         \n          <div class=\"box-text text-center\" >\n                <div class=\"box-text-inner\">\n                  <h4 class=\"uppercase\">\n                    <span class=\"person-name\">Ola Nordmann<\/span><br\/>\n                    <span class=\"person-title is-small thin-font op-7\">\n                      Customer Support                    <\/span>\n                  <\/h4>\n\t\t\t\t\t\n\n<p> Lorem ipsum.. <\/p>\n\n                <\/div>\n          <\/div>\n    <\/div>\n\n\t\n    \n\n\t\t<\/div>\n\t\t\t\t\t<\/div>\n\n\t\n\n<\/div>\n\n","protected":false},"excerpt":{"rendered":"","protected":false},"author":1,"featured_media":0,"parent":0,"menu_order":0,"comment_status":"closed","ping_status":"closed","template":"","meta":{"_acf_changed":false,"productId":0,"footnotes":""},"class_list":["post-205019","page","type-page","status-publish","hentry"],"acf":[],"_links":{"self":[{"href":"https:\/\/integratek.es\/ca\/wp-json\/wp\/v2\/pages\/205019","targetHints":{"allow":["GET"]}}],"collection":[{"href":"https:\/\/integratek.es\/ca\/wp-json\/wp\/v2\/pages"}],"about":[{"href":"https:\/\/integratek.es\/ca\/wp-json\/wp\/v2\/types\/page"}],"author":[{"embeddable":true,"href":"https:\/\/integratek.es\/ca\/wp-json\/wp\/v2\/users\/1"}],"replies":[{"embeddable":true,"href":"https:\/\/integratek.es\/ca\/wp-json\/wp\/v2\/comments?post=205019"}],"version-history":[{"count":5,"href":"https:\/\/integratek.es\/ca\/wp-json\/wp\/v2\/pages\/205019\/revisions"}],"predecessor-version":[{"id":205024,"href":"https:\/\/integratek.es\/ca\/wp-json\/wp\/v2\/pages\/205019\/revisions\/205024"}],"wp:attachment":[{"href":"https:\/\/integratek.es\/ca\/wp-json\/wp\/v2\/media?parent=205019"}],"curies":[{"name":"wp","href":"https:\/\/api.w.org\/{rel}","templated":true}]}}