{"id":203452,"date":"2025-03-14T09:44:01","date_gmt":"2025-03-14T08:44:01","guid":{"rendered":"https:\/\/integratek.es\/webinars-2\/"},"modified":"2025-08-30T10:42:15","modified_gmt":"2025-08-30T08:42:15","slug":"webinars","status":"publish","type":"page","link":"https:\/\/integratek.es\/ca\/webinars\/","title":{"rendered":"Webinars"},"content":{"rendered":"\n\n\t<section class=\"section\" id=\"section_685048998\">\n\t\t<div class=\"section-bg fill\" >\n\t\t\t\t\t\t\t\t\t\n\t\t\t\n\n\t\t<\/div>\n\n\t\t\n\n\t\t<div class=\"section-content relative\">\n\t\t\t\n\n<div class=\"row row-collapse row-full-width\"  id=\"row-1631938928\">\n\n\n\t<div id=\"col-1105518694\" class=\"col small-12 large-12\"  >\n\t\t\t\t<div class=\"col-inner\"  >\n\t\t\t\n\t\t\t\n\n\t<div id=\"text-1298226222\" class=\"text\">\n\t\t\n\n<h1><b>Webinars<\/b><\/h1>\n\t\t\n<style>\n#text-1298226222 {\n  font-size: 1.3rem;\n  text-align: left;\n  color: rgb(0, 0, 0);\n}\n#text-1298226222 > * {\n  color: rgb(0, 0, 0);\n}\n<\/style>\n\t<\/div>\n\t\n\t<div id=\"gap-1628524178\" class=\"gap-element clearfix\" style=\"display:block; height:auto;\">\n\t\t\n<style>\n#gap-1628524178 {\n  padding-top: 15px;\n}\n<\/style>\n\t<\/div>\n\t\n\n\t<div id=\"text-2614872384\" class=\"text\">\n\t\t\n\n<p>Accedeix a les nostres sessions educatives en viu i continua aprenent de la m\u00e0 de professionals. Reserva la teva pla\u00e7a ara!<\/p>\n\t\t\n<style>\n#text-2614872384 {\n  text-align: left;\n  color: rgb(0, 0, 0);\n}\n#text-2614872384 > * {\n  color: rgb(0, 0, 0);\n}\n<\/style>\n\t<\/div>\n\t\n\t<div class=\"img has-hover show-for-small x md-x lg-x y md-y lg-y\" id=\"image_186435809\">\n\t\t\t\t\t\t\t\t<div class=\"img-inner dark\" >\n\t\t\t<img loading=\"lazy\" decoding=\"async\" width=\"800\" height=\"800\" src=\"https:\/\/integratek.es\/wp-content\/uploads\/2025\/03\/PRIMAVERA15_mobile-CAT-800x800-1.jpg\" class=\"attachment-large size-large\" alt=\"\" srcset=\"https:\/\/integratek.es\/wp-content\/uploads\/2025\/03\/PRIMAVERA15_mobile-CAT-800x800-1.jpg 800w, https:\/\/integratek.es\/wp-content\/uploads\/2025\/03\/PRIMAVERA15_mobile-CAT-400x400-1.jpg 400w, https:\/\/integratek.es\/wp-content\/uploads\/2025\/03\/PRIMAVERA15_mobile-CAT-280x280-1.jpg 280w, https:\/\/integratek.es\/wp-content\/uploads\/2025\/03\/PRIMAVERA15_mobile-CAT-768x768-1.jpg 768w, https:\/\/integratek.es\/wp-content\/uploads\/2025\/03\/PRIMAVERA15_mobile-CAT-510x510-1.jpg 510w, https:\/\/integratek.es\/wp-content\/uploads\/2025\/03\/PRIMAVERA15_mobile-CAT-100x100-1.jpg 100w, https:\/\/integratek.es\/wp-content\/uploads\/2025\/03\/PRIMAVERA15_mobile-CAT.jpg 1080w\" sizes=\"auto, (max-width: 800px) 100vw, 800px\" \/>\t\t\t\t\t\t\n\t\t\t\t\t<\/div>\n\t\t\t\t\t\t\t\t\n<style>\n#image_186435809 {\n  width: 100%;\n}\n<\/style>\n\t<\/div>\n\t\n\n\n\t\t<\/div>\n\t\t\t\t\n<style>\n#col-1105518694 > .col-inner {\n  padding: 0px 0px 0px 0px;\n  margin: 0px 0px 0px 0px;\n}\n<\/style>\n\t<\/div>\n\n\t\n\n\n<style>\n#row-1631938928 > .col > .col-inner {\n  padding: 0px 15px 0px 15px;\n}\n@media (min-width:550px) {\n  #row-1631938928 > .col > .col-inner {\n    padding: 0px 30px 0px 30px;\n  }\n}\n<\/style>\n<\/div>\n\n\t\t<\/div>\n\n\t\t\n<style>\n#section_685048998 {\n  padding-top: 30px;\n  padding-bottom: 30px;\n}\n<\/style>\n\t<\/section>\n\t\n\n\t<section class=\"section main-grid-cursos section-grid-cursos section-grid-cursos-cat\" id=\"section_1931090081\">\n\t\t<div class=\"section-bg fill\" >\n\t\t\t\t\t\t\t\t\t\n\t\t\t\n\n\t\t<\/div>\n\n\t\t\n\n\t\t<div class=\"section-content relative\">\n\t\t\t\n\n<div class=\"row section-grid-cursos-filtros\"  id=\"row-780714682\">\n\n\n\t<div id=\"col-138836914\" class=\"col filtros-cursos-mobile-opener small-12 large-12\"  >\n\t\t\t\t<div class=\"col-inner\"  >\n\t\t\t\n\t\t\t\n\n\n\n<div class=\"icon-filtros-wrap\">\n<div class=\"icon-filtros\">\n<span class=\"top\"><\/span>\n<span class=\"mid\"><\/span>\n<span class=\"bot\"><\/span>\n<\/div>\n<\/div>\n\n\t<div id=\"text-843660633\" class=\"text filtros-cursos-mobile-toggle\">\n\t\t\n\n<p>Filtrar cursos<\/p>\n\t\t\t<\/div>\n\t\n\n\t\t<\/div>\n\t\t\t\t\t<\/div>\n\n\t\n\n\t<div id=\"col-648891828\" class=\"col filtros-cursos-wrap small-12 large-12\"  >\n\t\t\t\t<div class=\"col-inner\"  >\n\t\t\t\n\t\t\t\n\n\n\n<div class=\"filtros-titulo-mobile\">\n<p>Filtrar cursos<\/p>\n<span class=\"icon-close\"><\/span>\n<\/div>\n\n\t<div id=\"text-872793521\" class=\"text filtros-cursos-all\">\n\t\t\n\n<ul>\n<li>Tots els Webinars<\/li>\n<\/ul>\n<\/ul>\n\t\t\t<\/div>\n\t\n\t<div id=\"text-2157485961\" class=\"text filtros-cursos-categorias filtros-cursos-list\">\n\t\t\n\n<h3>Cercador<\/h3>\n<p><input type=\"search\" id=\"buscadorCursos\" name=\"buscador-cursos\" class=\"buscador-cursos\"  placeholder=\"Cercar webinar...\"><\/p>\n\t\t\t<\/div>\n\t\n\t<div id=\"text-4233939219\" class=\"text filtros-cursos-categorias filtros-cursos-list\">\n\t\t\n\n<h3>Categories<\/h3>\n<ul>\n<li>Atenci\u00f3 a la diversitat<\/li>\n<li>Educaci\u00f3 i escola<\/li>\n<li>Intervenci\u00f3 emocional i de conducta<\/li>\n<li>Neuroci\u00e8ncia<\/li>\n<\/ul>\n\t\t\t<\/div>\n\t\n\t<div id=\"text-1769380869\" class=\"text filtros-cursos-nivel filtros-cursos-list\">\n\t\t\n\n<h3>Etapes<\/h3>\n<ul>\n<li>Infantil<\/li>\n<li>Prim\u00e0ria<\/li>\n<li>Secund\u00e0ria<\/li>\n<li>Adults<\/li>\n<\/ul>\n\t\t\t<\/div>\n\t\n<div class=\"row mobile-filters-btns\"  id=\"row-435479670\">\n\n\n\t<div id=\"col-66916035\" class=\"col mobile-filters-btns-wrap small-12 large-12\"  >\n\t\t\t\t<div class=\"col-inner\"  >\n\t\t\t\n\t\t\t\n\n\t<div id=\"text-2399386932\" class=\"text reset-filters\">\n\t\t\n\n<p>Reiniciar filtros<\/p>\n\t\t\t<\/div>\n\t\n\t<div id=\"text-3938613117\" class=\"text apply-filters\">\n\t\t\n\n<p>Aplicar filtros<\/p>\n\t\t\t<\/div>\n\t\n\n\t\t<\/div>\n\t\t\t\t\t<\/div>\n\n\t\n\n<\/div>\n\n\t\t<\/div>\n\t\t\t\t\t<\/div>\n\n\t\n\n<\/div>\n<div class=\"row section-grid-cursos-no-results\"  id=\"row-190493819\">\n\n\n\t<div id=\"col-913153369\" class=\"col medium-4 small-12 large-4\"  >\n\t\t\t\t<div class=\"col-inner\"  >\n\t\t\t\n\t\t\t\n\n\n\t\t<\/div>\n\t\t\t\t\t<\/div>\n\n\t\n\n\t<div id=\"col-196843000\" class=\"col small-12 large-12\"  >\n\t\t\t\t<div class=\"col-inner\"  >\n\t\t\t\n\t\t\t\n\n\t<div id=\"text-1962550716\" class=\"text text\">\n\t\t\n\n<h4>Cerca sense resultats.<\/h4>\n<p>No hem trobat cap coincid\u00e8ncia. Prova modificant la cerca<\/p>\n\t\t\t<\/div>\n\t\n\n\t\t<\/div>\n\t\t\t\t\t<\/div>\n\n\t\n\n<\/div>\n<div class=\"row align-equal main-grid-cursos-wrap section-grid-cursos-wrap\"  id=\"row-1217974633\">\n\n\n\t<div id=\"col-2104005881\" class=\"col medium-6 small-12 large-2\"  >\n\t\t\t\t<div class=\"col-inner\"  >\n\t\t\t\n\t\t\t\n\n\n\n<div id=\"it-datalayer-filtro\" data-filtro=\"\"><\/div>\n    <div class=\"curso-has-filter\"\n        data-product-id=\"filter-cat-atencio-a-la-diversitat\"\n        data-filter-cat=\"filter-cat-atencio-a-la-diversitat\"\n        data-filter-formato=\"\"\n        data-filter-duracion=\"\"\n        data-filter-titulacion=\"\"\n        data-filter-homologacion=\"\" \n        data-filter-bonificable=\"\" \n        data-filter-academy=\"\" \n        data-filter-modalidad=\"\"\n        data-filter-nivel=\"filter-nivel-infantil filter-nivel-primaria filter-nivel-secundaria filter-nivel-adults\"\n        data-filter-perfil=\"\"\n        data-filter-idioma=\"\"\n        data-filter-fecha=\"\"\n    ><\/div>\n\n\t<div class=\"box has-hover   has-hover box-text-bottom\" >\n\n\t\t<div class=\"box-image\" >\n\t\t\t<a href=\"https:\/\/integratek.es\/tienda\/webinars\/gestionar-estres-profesional\/\" >\t\t\t<div class=\"image-cover\" style=\"padding-top:63%;\">\n\t\t\t\t<img loading=\"lazy\" decoding=\"async\" width=\"1300\" height=\"731\" src=\"https:\/\/integratek.es\/wp-content\/uploads\/2025\/08\/WEB_250918_ESPRO_-Banner-web-1300-CAT.jpg\" class=\"attachment- size-\" alt=\"\" srcset=\"https:\/\/integratek.es\/wp-content\/uploads\/2025\/08\/WEB_250918_ESPRO_-Banner-web-1300-CAT.jpg 1300w, https:\/\/integratek.es\/wp-content\/uploads\/2025\/08\/WEB_250918_ESPRO_-Banner-web-1300-CAT-711x400-1.jpg 711w, https:\/\/integratek.es\/wp-content\/uploads\/2025\/08\/WEB_250918_ESPRO_-Banner-web-1300-CAT-768x432-1.jpg 768w, https:\/\/integratek.es\/wp-content\/uploads\/2025\/08\/WEB_250918_ESPRO_-Banner-web-1300-CAT-510x287-1.jpg 510w\" sizes=\"auto, (max-width: 1300px) 100vw, 1300px\" \/>\t\t\t\t\t\t\t\t\t\t\t<\/div>\n\t\t\t<\/a>\t\t<\/div>\n\n\t\t<div class=\"box-text text-left\" >\n\t\t\t<div class=\"box-text-inner\">\n\t\t\t\t\n\n<div class=\"row archive-row-wrap\"  id=\"row-782426545\">\n\n\n\t<div id=\"col-1462730271\" class=\"col archive-col-content medium-9 small-12 large-9\"  >\n\t\t\t\t<div class=\"col-inner\"  >\n\t\t\t\n\t\t\t\n\n\t<div id=\"text-3841509327\" class=\"text\">\n\t\t\n\n<h3 class=\"thin-font\"><a href=\"https:\/\/integratek.es\/tienda\/webinars\/gestionar-estres-profesional\/\"><b><font size=\"4\">Com gestionar l&#8217;estr\u00e8s sent professional<br \/>\n<\/font><\/b><\/a><\/h3>\n\n\t\t\n<style>\n#text-3841509327 {\n  font-size: 0.75rem;\n}\n<\/style>\n\t<\/div>\n\t\n\t<div id=\"gap-1177548089\" class=\"gap-element clearfix\" style=\"display:block; height:auto;\">\n\t\t\n<style>\n#gap-1177548089 {\n  padding-top: 11px;\n}\n<\/style>\n\t<\/div>\n\t\n\n\t<div id=\"text-3885876148\" class=\"text\">\n\t\t\n\n<p><font size=\"2\">Promour\u00e0s l&#8217;autocura, reduir\u00e0s el desgast emocional i enfortir\u00e0s el benestar a la nostra pr\u00e0ctica professional quotidiana.<\/font><\/p>\n\n\t\t\n<style>\n#text-3885876148 {\n  font-size: 0.75rem;\n  line-height: 1.25;\n  text-align: left;\n  color: rgb(129, 129, 129);\n}\n#text-3885876148 > * {\n  color: rgb(129, 129, 129);\n}\n<\/style>\n\t<\/div>\n\t\n\t<div id=\"gap-1215782127\" class=\"gap-element clearfix\" style=\"display:block; height:auto;\">\n\t\t\n<style>\n#gap-1215782127 {\n  padding-top: 25px;\n}\n<\/style>\n\t<\/div>\n\t\n\n<div class=\"row archive-meta\"  id=\"row-582751812\">\n\n\n\t<div id=\"col-1566024324\" class=\"col archive-meta-wrap small-12 large-12\"  >\n\t\t\t\t<div class=\"col-inner\"  >\n\t\t\t\n\t\t\t\n\n\t<div id=\"text-3586551199\" class=\"text duracion\">\n\t\t\n\n<p><b><font size=\"2\">18 de Setembre de 2025<\/font><\/b><\/p>\n\n\t\t\n<style>\n#text-3586551199 {\n  font-size: 4rem;\n  text-align: left;\n  color: rgb(0,0,0);\n}\n#text-3586551199 > * {\n  color: rgb(0,0,0);\n}\n@media (min-width:550px) {\n  #text-3586551199 {\n    font-size: 4rem;\n    text-align: center;\n  }\n}\n<\/style>\n\t<\/div>\n\t\n\n\t\t<\/div>\n\t\t\t\t\t<\/div>\n\n\t\n\n<\/div>\n\n\t\t<\/div>\n\t\t\t\t\n<style>\n#col-1462730271 > .col-inner {\n  padding: 0px 0px 0px 0px;\n}\n<\/style>\n\t<\/div>\n\n\t\n\n\t<div id=\"col-917851520\" class=\"col archive-col-content medium-3 small-12 large-3\"  >\n\t\t\t\t<div class=\"col-inner\"  >\n\t\t\t\n\t\t\t\n\n<div class=\"row archive-meta\"  id=\"row-954045875\">\n\n\n\t<div id=\"col-378184650\" class=\"col archive-meta-wrap small-12 large-12\"  >\n\t\t\t\t<div class=\"col-inner\"  >\n\t\t\t\n\t\t\t\n\n<a href=\"https:\/\/integratek.es\/tienda\/webinars\/gestionar-estres-profesional\/\" class=\"button primary is-large\" >\n\t\t<span>APUNTAR-ME<\/span>\n\t<\/a>\n\n\n\n\t\t<\/div>\n\t\t\t\t\t<\/div>\n\n\t\n\n<\/div>\n\n\t\t<\/div>\n\t\t\t\t\n<style>\n#col-917851520 > .col-inner {\n  padding: 0px 0px 0px 0px;\n  margin: 15px 0px 0px 0px;\n}\n<\/style>\n\t<\/div>\n\n\t\n\n<\/div>\n\n\t\t\t<\/div>\n\t\t<\/div>\n\t<\/div>\n\t\n\n\t\t<\/div>\n\t\t\t\t\t<\/div>\n\n\t\n\n\n<style>\n#row-1217974633 > .col > .col-inner {\n  background-color: rgb(255,255,255);\n}\n<\/style>\n<\/div>\n\n\t\t<\/div>\n\n\t\t\n<style>\n#section_1931090081 {\n  padding-top: 50px;\n  padding-bottom: 50px;\n  background-color: rgb(240, 240, 240);\n}\n@media (min-width:550px) {\n  #section_1931090081 {\n    padding-top: 20px;\n    padding-bottom: 20px;\n  }\n}\n<\/style>\n\t<\/section>\n\t\n\n","protected":false},"excerpt":{"rendered":"","protected":false},"author":119844,"featured_media":203033,"parent":0,"menu_order":0,"comment_status":"closed","ping_status":"closed","template":"","meta":{"_acf_changed":false,"productId":0,"footnotes":""},"class_list":["post-203452","page","type-page","status-publish","has-post-thumbnail","hentry"],"acf":[],"_links":{"self":[{"href":"https:\/\/integratek.es\/ca\/wp-json\/wp\/v2\/pages\/203452","targetHints":{"allow":["GET"]}}],"collection":[{"href":"https:\/\/integratek.es\/ca\/wp-json\/wp\/v2\/pages"}],"about":[{"href":"https:\/\/integratek.es\/ca\/wp-json\/wp\/v2\/types\/page"}],"author":[{"embeddable":true,"href":"https:\/\/integratek.es\/ca\/wp-json\/wp\/v2\/users\/119844"}],"replies":[{"embeddable":true,"href":"https:\/\/integratek.es\/ca\/wp-json\/wp\/v2\/comments?post=203452"}],"version-history":[{"count":5,"href":"https:\/\/integratek.es\/ca\/wp-json\/wp\/v2\/pages\/203452\/revisions"}],"predecessor-version":[{"id":207437,"href":"https:\/\/integratek.es\/ca\/wp-json\/wp\/v2\/pages\/203452\/revisions\/207437"}],"wp:featuredmedia":[{"embeddable":true,"href":"https:\/\/integratek.es\/ca\/wp-json\/wp\/v2\/media\/203033"}],"wp:attachment":[{"href":"https:\/\/integratek.es\/ca\/wp-json\/wp\/v2\/media?parent=203452"}],"curies":[{"name":"wp","href":"https:\/\/api.w.org\/{rel}","templated":true}]}}