{"id":203426,"date":"2025-07-22T13:03:55","date_gmt":"2025-07-22T11:03:55","guid":{"rendered":"https:\/\/integratek.es\/?page_id=203426"},"modified":"2025-07-22T13:04:25","modified_gmt":"2025-07-22T11:04:25","slug":"soporte","status":"publish","type":"page","link":"https:\/\/integratek.es\/ca\/soporte\/","title":{"rendered":"SUPORT"},"content":{"rendered":"\n<p><span style=\"font-size: 140%;\">Tens alguna incid\u00e8ncia t\u00e8cnica i necessites la nostra ajuda? Completa el formulari perqu\u00e8 ens posem en contacte amb tu i et puguem ajudar. <\/span><\/p>\n<p class=\"wpcf7-contact-form-not-found\"><strong>Error:<\/strong> No s&#039;ha trobat el formulari de contacte.<\/p>\n","protected":false},"excerpt":{"rendered":"<p>Tens alguna incid\u00e8ncia t\u00e8cnica i necessites la nostra ajuda? Completa el formulari perqu\u00e8 ens posem en contacte amb tu i et puguem ajudar.<\/p>\n","protected":false},"author":1,"featured_media":0,"parent":0,"menu_order":0,"comment_status":"closed","ping_status":"closed","template":"page-blank-title-center.php","meta":{"_acf_changed":false,"productId":0,"footnotes":""},"class_list":["post-203426","page","type-page","status-publish","hentry"],"acf":[],"_links":{"self":[{"href":"https:\/\/integratek.es\/ca\/wp-json\/wp\/v2\/pages\/203426","targetHints":{"allow":["GET"]}}],"collection":[{"href":"https:\/\/integratek.es\/ca\/wp-json\/wp\/v2\/pages"}],"about":[{"href":"https:\/\/integratek.es\/ca\/wp-json\/wp\/v2\/types\/page"}],"author":[{"embeddable":true,"href":"https:\/\/integratek.es\/ca\/wp-json\/wp\/v2\/users\/1"}],"replies":[{"embeddable":true,"href":"https:\/\/integratek.es\/ca\/wp-json\/wp\/v2\/comments?post=203426"}],"version-history":[{"count":2,"href":"https:\/\/integratek.es\/ca\/wp-json\/wp\/v2\/pages\/203426\/revisions"}],"predecessor-version":[{"id":203428,"href":"https:\/\/integratek.es\/ca\/wp-json\/wp\/v2\/pages\/203426\/revisions\/203428"}],"wp:attachment":[{"href":"https:\/\/integratek.es\/ca\/wp-json\/wp\/v2\/media?parent=203426"}],"curies":[{"name":"wp","href":"https:\/\/api.w.org\/{rel}","templated":true}]}}