{"id":203420,"date":"2018-04-27T12:52:35","date_gmt":"2018-04-27T10:52:35","guid":{"rendered":"https:\/\/integratek.es\/?page_id=203420"},"modified":"2025-08-25T11:22:07","modified_gmt":"2025-08-25T09:22:07","slug":"curriculum-rosabel-rodriguez","status":"publish","type":"page","link":"https:\/\/integratek.es\/ca\/curriculum-rosabel-rodriguez\/","title":{"rendered":"Rosabel Rodr\u00edguez | Equip formadors d&#8217;Integratek"},"content":{"rendered":"\n\t<div id=\"gap-889672585\" class=\"gap-element clearfix\" style=\"display:block; height:auto;\">\n\t\t\n<style>\n#gap-889672585 {\n  padding-top: 50px;\n}\n<\/style>\n\t<\/div>\n\t\n\n<div class=\"row\"  id=\"row-1733937808\">\n\n\n\t<div id=\"col-1174001935\" class=\"col medium-6 small-12 large-6\"  >\n\t\t\t\t<div class=\"col-inner\"  >\n\t\t\t\n\t\t\t\n\n<h1><span style=\"font-size: 160%;\">ROSABEL <span style=\"color: #ff8300;\">RODR\u00cdGUEZ<\/span><\/span><\/h1>\n<p>Llicenciada en psicologia, doctora en psicopedagogia i logopeda. Membre del Grup de Recerca a Altes Capacitats. Coautora del \u201cProtocol d&#8217;identificaci\u00f3 de l&#8217;alumnat d&#8217;altes capacitats intel\u00b7lectuals a centres escolars\u201d.  <\/p>\n<ul>\n<li>Llicenciada en Psicologia, doctora en Psicopegagogia i Logopeda, treballa com a Professora Titular de Psicologia Evolutiva i de l&#8217;Educaci\u00f3 a la Universitat de les Illes Balears.<\/li>\n<li>La recerca s&#8217;ha centrat principalment en l&#8217;\u00e0mbit de les altes capacitats intel\u00b7lectuals, el desenvolupament del talent i la creativitat.<\/li>\n<li>Membre del Grup de Recerca en Altes Capacitats (GIAC).<\/li>\n<li>Coautora del \u201cProtocol d&#8217;identificaci\u00f3 i avaluaci\u00f3 de l&#8217;alumnat d&#8217;altes capacitats intel\u00b7lectuals a centres escolars\u201d implantat per la Conselleria d&#8217;Educaci\u00f3 i Universitat del Govern de les Illes Balears des del curs 2015-16, a tots els centres educatius, de prim\u00e0ria i secund\u00e0ria, de les Illes Balears.<\/li>\n<\/ul>\n\n\t\t<\/div>\n\t\t\t\t\t<\/div>\n\n\t\n\n\t<div id=\"col-1411482987\" class=\"col medium-6 small-12 large-6\"  >\n\t\t\t\t<div class=\"col-inner\"  >\n\t\t\t\n\t\t\t\n\n\t<div class=\"img has-hover x md-x lg-x y md-y lg-y\" id=\"image_1700961799\">\n\t\t\t\t\t\t\t\t<div class=\"img-inner dark\" style=\"margin:35px 0px 0px 0px;\">\n\t\t\t<img loading=\"lazy\" decoding=\"async\" width=\"1020\" height=\"567\" src=\"https:\/\/integratek.es\/wp-content\/uploads\/2018\/04\/Captura-de-pantalla-2016-11-03-a-les-0.20.44-1.jpg\" class=\"attachment-large size-large\" alt=\"\" \/>\t\t\t\t\t\t\n\t\t\t\t\t<\/div>\n\t\t\t\t\t\t\t\t\n<style>\n#image_1700961799 {\n  width: 100%;\n}\n<\/style>\n\t<\/div>\n\t\n\n\n\t\t<\/div>\n\t\t\t\t\t<\/div>\n\n\t\n\n<\/div>\n<div class=\"text-center\"><div class=\"is-divider divider clearfix\" style=\"max-width:1050px;background-color:rgb(209, 209, 209);\"><\/div><\/div>\n\n<div class=\"row\"  id=\"row-1306131538\">\n\n\n\t<div id=\"col-1597398523\" class=\"col small-12 large-12\"  >\n\t\t\t\t<div class=\"col-inner\"  >\n\t\t\t\n\t\t\t\n\n<p><span style=\"font-size: 160%;\"><strong>V\u00eddeos de Rosabel Rodr\u00edguez<\/strong><\/span><\/p>\n\n\t\t<\/div>\n\t\t\t\t\t<\/div>\n\n\t\n\n<\/div>\n<div class=\"row\"  id=\"row-430657114\">\n\n\n\t<div id=\"col-585751050\" class=\"col medium-6 small-12 large-6\"  >\n\t\t\t\t<div class=\"col-inner text-center\"  >\n\t\t\t\n\t\t\t\n\n<h6 style=\"text-align: center;\"><span style=\"font-size: 100%;\">Alumnat amb altes capacitats intel\u00b7lectuals<\/span><\/h6>\n<div class=\"video video-fit mb\" style=\"padding-top:56.25%;\"><iframe loading=\"lazy\" src=\"https:\/\/player.vimeo.com\/video\/185443619?dnt=1&amp;app_id=122963\" width=\"1020\" height=\"574\" frameborder=\"0\" allow=\"autoplay; fullscreen; picture-in-picture; clipboard-write; encrypted-media; web-share\" referrerpolicy=\"strict-origin-when-cross-origin\"><\/iframe><\/div>\n\n\n\t\t<\/div>\n\t\t\t\t\t<\/div>\n\n\t\n\n\t<div id=\"col-957545367\" class=\"col medium-6 small-12 large-6\"  >\n\t\t\t\t<div class=\"col-inner\"  >\n\t\t\t\n\t\t\t\n\n<h6 style=\"text-align: center;\"><span style=\"font-size: 100%;\">Fragment del curs<\/span><\/h6>\n<div class=\"video video-fit mb\" style=\"padding-top:56.25%;\"><p><iframe loading=\"lazy\" src=\"https:\/\/player.vimeo.com\/video\/192242892?dnt=1&amp;app_id=122963\" width=\"1020\" height=\"574\" frameborder=\"0\" allow=\"autoplay; fullscreen; picture-in-picture; clipboard-write; encrypted-media; web-share\" referrerpolicy=\"strict-origin-when-cross-origin\"><\/iframe><\/p>\n<\/div>\n\n\n\t\t<\/div>\n\t\t\t\t\t<\/div>\n\n\t\n\n<\/div>\n<div class=\"row\"  id=\"row-105377301\">\n\n\n\t<div id=\"col-1059968597\" class=\"col small-12 large-12\"  >\n\t\t\t\t<div class=\"col-inner\"  >\n\t\t\t\n\t\t\t\n\n<p><span style=\"font-size: 160%;\"><strong>Formacions d&#8217;Integratek amb Rosabel Rodr\u00edguez<\/strong><\/span><\/p>\n<ul class=\"ux-products-list product_list_widget\">\n\t\t\t\t\t<li>\n\t<a href=\"https:\/\/integratek.es\/ca\/botiga\/cursos-online-ca\/atencio-a-la-diversitat\/avaluacio-psicopedagogica-aci-taller-practic-online\/\" title=\"Avaluaci\u00f3 psicopedag\u00f2gica de les ACI \u2013 Taller pr\u00e0ctic online | 29 de maig de 2026\">\n\t\t<img loading=\"lazy\" decoding=\"async\" width=\"100\" height=\"100\" src=\"https:\/\/integratek.es\/wp-content\/uploads\/2026\/02\/Rosabel-Rodriguez_ACI-29-mayo_Banner-CAT-100x100.png\" class=\"attachment-woocommerce_gallery_thumbnail size-woocommerce_gallery_thumbnail\" alt=\"Avaluaci\u00f3 psicopedag\u00f2gica de les ACI \u2013 Taller pr\u00e0ctic online | 29 de maig de 2026\" srcset=\"https:\/\/integratek.es\/wp-content\/uploads\/2026\/02\/Rosabel-Rodriguez_ACI-29-mayo_Banner-CAT-100x100.png 100w, https:\/\/integratek.es\/wp-content\/uploads\/2026\/02\/Rosabel-Rodriguez_ACI-29-mayo_Banner-CAT-280x280.png 280w\" sizes=\"auto, (max-width: 100px) 100vw, 100px\" \/>\t\t<span class=\"product-title\">Avaluaci\u00f3 psicopedag\u00f2gica de les ACI \u2013 Taller pr\u00e0ctic online | 29 de maig de 2026<\/span>\n\t<\/a>\n\t\t<span class=\"wcpbc-price wcpbc-price-210505\" data-product-id=\"210505\"><span class=\"woocommerce-Price-amount amount\"><bdi>55,00<span class=\"woocommerce-Price-currencySymbol\">&euro;<\/span><\/bdi><\/span><\/span><\/li>\n\t\t\t\t\t<li>\n\t<a href=\"https:\/\/integratek.es\/ca\/botiga\/cursos-online-ca\/atencio-a-la-diversitat\/emocions-i-altes-capacitats-intellectuals\/\" title=\"Emocions i Altes Capacitats Intel\u00b7lectuals\">\n\t\t<img loading=\"lazy\" decoding=\"async\" width=\"100\" height=\"100\" src=\"https:\/\/integratek.es\/wp-content\/uploads\/2024\/03\/CURS-ROSABEL-EMOACAP-Banner-100x100.png\" class=\"attachment-woocommerce_gallery_thumbnail size-woocommerce_gallery_thumbnail\" alt=\"Emocions i Altes Capacitats Intel\u00b7lectuals\" srcset=\"https:\/\/integratek.es\/wp-content\/uploads\/2024\/03\/CURS-ROSABEL-EMOACAP-Banner-100x100.png 100w, https:\/\/integratek.es\/wp-content\/uploads\/2024\/03\/CURS-ROSABEL-EMOACAP-Banner-280x280.png 280w\" sizes=\"auto, (max-width: 100px) 100vw, 100px\" \/>\t\t<span class=\"product-title\">Emocions i Altes Capacitats Intel\u00b7lectuals<\/span>\n\t<\/a>\n\t<div class=\"star-rating\" role=\"img\" aria-label=\"Puntuat amb 5.00 de 5\"><span style=\"width:100%\">Valorat <strong class=\"rating\">5.00<\/strong> sobre 5 en funci\u00f3 de <span class=\"rating\">6<\/span> valoracions de clients<\/span><\/div>\t<span class=\"wcpbc-price wcpbc-price-204055\" data-product-id=\"204055\"><del aria-hidden=\"true\"><span class=\"woocommerce-Price-amount amount\"><bdi>170,00<span class=\"woocommerce-Price-currencySymbol\">&euro;<\/span><\/bdi><\/span><\/del> <span class=\"screen-reader-text\">El preu original era: 170,00&euro;.<\/span><ins aria-hidden=\"true\"><span class=\"woocommerce-Price-amount amount\"><bdi>89,00<span class=\"woocommerce-Price-currencySymbol\">&euro;<\/span><\/bdi><\/span><\/ins><span class=\"screen-reader-text\">El preu actual \u00e9s: 89,00&euro;.<\/span><\/span><\/li>\n\t\t\t\t\t<li>\n\t<a href=\"https:\/\/integratek.es\/ca\/botiga\/cursos-online-ca\/atencio-a-la-diversitat\/coneixer-identificar-i-atendre-les-altes-capacitats-intellectuals\/\" title=\"Con\u00e8ixer, identificar i atendre les altes capacitats intel\u00b7lectuals\">\n\t\t<img loading=\"lazy\" decoding=\"async\" width=\"100\" height=\"100\" src=\"https:\/\/integratek.es\/wp-content\/uploads\/2022\/03\/CUO_ROSABEL-100x100.jpg\" class=\"attachment-woocommerce_gallery_thumbnail size-woocommerce_gallery_thumbnail\" alt=\"Con\u00e8ixer, identificar i atendre les altes capacitats intel\u00b7lectuals\" srcset=\"https:\/\/integratek.es\/wp-content\/uploads\/2022\/03\/CUO_ROSABEL-100x100.jpg 100w, https:\/\/integratek.es\/wp-content\/uploads\/2022\/03\/CUO_ROSABEL-280x280.jpg 280w\" sizes=\"auto, (max-width: 100px) 100vw, 100px\" \/>\t\t<span class=\"product-title\">Con\u00e8ixer, identificar i atendre les altes capacitats intel\u00b7lectuals<\/span>\n\t<\/a>\n\t<div class=\"star-rating\" role=\"img\" aria-label=\"Puntuat amb 4.67 de 5\"><span style=\"width:93.4%\">Valorat <strong class=\"rating\">4.67<\/strong> sobre 5 en funci\u00f3 de <span class=\"rating\">6<\/span> valoracions de clients<\/span><\/div>\t<span class=\"wcpbc-price wcpbc-price-204228\" data-product-id=\"204228\"><del aria-hidden=\"true\"><span class=\"woocommerce-Price-amount amount\"><bdi>110,00<span class=\"woocommerce-Price-currencySymbol\">&euro;<\/span><\/bdi><\/span><\/del> <span class=\"screen-reader-text\">El preu original era: 110,00&euro;.<\/span><ins aria-hidden=\"true\"><span class=\"woocommerce-Price-amount amount\"><bdi>65,00<span class=\"woocommerce-Price-currencySymbol\">&euro;<\/span><\/bdi><\/span><\/ins><span class=\"screen-reader-text\">El preu actual \u00e9s: 65,00&euro;.<\/span><\/span><\/li>\n\t\t\t\t\t<li>\n\t<a href=\"https:\/\/integratek.es\/ca\/botiga\/cursos-online-ca\/atencio-a-la-diversitat\/altes-capacitats-intellectuals\/\" title=\"Altes Capacitats Intel\u00b7lectuals\">\n\t\t<img loading=\"lazy\" decoding=\"async\" width=\"100\" height=\"100\" src=\"https:\/\/integratek.es\/wp-content\/uploads\/2020\/07\/NUEVOS-CURSOS8-100x100.jpg\" class=\"attachment-woocommerce_gallery_thumbnail size-woocommerce_gallery_thumbnail\" alt=\"Altes Capacitats Intel\u00b7lectuals\" srcset=\"https:\/\/integratek.es\/wp-content\/uploads\/2020\/07\/NUEVOS-CURSOS8-100x100.jpg 100w, https:\/\/integratek.es\/wp-content\/uploads\/2020\/07\/NUEVOS-CURSOS8-280x280.jpg 280w\" sizes=\"auto, (max-width: 100px) 100vw, 100px\" \/>\t\t<span class=\"product-title\">Altes Capacitats Intel\u00b7lectuals<\/span>\n\t<\/a>\n\t<div class=\"star-rating\" role=\"img\" aria-label=\"Puntuat amb 4.54 de 5\"><span style=\"width:90.8%\">Valorat <strong class=\"rating\">4.54<\/strong> sobre 5 en funci\u00f3 de <span class=\"rating\">611<\/span> valoracions de clients<\/span><\/div>\t<span class=\"wcpbc-price wcpbc-price-204309\" data-product-id=\"204309\"><del aria-hidden=\"true\"><span class=\"woocommerce-Price-amount amount\"><bdi>215,00<span class=\"woocommerce-Price-currencySymbol\">&euro;<\/span><\/bdi><\/span><\/del> <span class=\"screen-reader-text\">El preu original era: 215,00&euro;.<\/span><ins aria-hidden=\"true\"><span class=\"woocommerce-Price-amount amount\"><bdi>129,00<span class=\"woocommerce-Price-currencySymbol\">&euro;<\/span><\/bdi><\/span><\/ins><span class=\"screen-reader-text\">El preu actual \u00e9s: 129,00&euro;.<\/span><\/span><\/li>\n\t\t\n\t\t<\/ul>\n\n\n\t\t<\/div>\n\t\t\t\t\t<\/div>\n\n\t\n\n<\/div>\n\t<div id=\"gap-2125163639\" class=\"gap-element clearfix\" style=\"display:block; height:auto;\">\n\t\t\n<style>\n#gap-2125163639 {\n  padding-top: 30px;\n}\n<\/style>\n\t<\/div>\n\t\n\n<div class=\"row\"  id=\"row-222867849\">\n\n\n\t<div id=\"col-1972651049\" class=\"col medium-3 small-12 large-3\"  >\n\t\t\t\t<div class=\"col-inner\"  >\n\t\t\t\n\t\t\t\n\n\n\t\t<\/div>\n\t\t\t\t\t<\/div>\n\n\t\n\n\t<div id=\"col-603378204\" class=\"col medium-6 small-12 large-6\"  >\n\t\t\t\t<div class=\"col-inner\"  >\n\t\t\t\n\t\t\t\n\n<a href=\"https:\/\/integratek.es\/ca\/equip-formadors-integratek\/\" target=\"_blank\" class=\"button primary is-large lowercase expand\" rel=\"noopener\" style=\"border-radius:99px;\">\n\t\t<span>Descobreix m\u00e9s formadors d&#039;Integratek<\/span>\n\t<\/a>\n\n\n\n\t\t<\/div>\n\t\t\t\t\t<\/div>\n\n\t\n\n\t<div id=\"col-2056722307\" class=\"col medium-3 small-12 large-3\"  >\n\t\t\t\t<div class=\"col-inner\"  >\n\t\t\t\n\t\t\t\n\n\n\t\t<\/div>\n\t\t\t\t\t<\/div>\n\n\t\n\n<\/div>\n\n","protected":false},"excerpt":{"rendered":"","protected":false},"author":1,"featured_media":0,"parent":0,"menu_order":0,"comment_status":"closed","ping_status":"closed","template":"","meta":{"_acf_changed":false,"productId":0,"footnotes":""},"class_list":["post-203420","page","type-page","status-publish","hentry"],"acf":[],"_links":{"self":[{"href":"https:\/\/integratek.es\/ca\/wp-json\/wp\/v2\/pages\/203420","targetHints":{"allow":["GET"]}}],"collection":[{"href":"https:\/\/integratek.es\/ca\/wp-json\/wp\/v2\/pages"}],"about":[{"href":"https:\/\/integratek.es\/ca\/wp-json\/wp\/v2\/types\/page"}],"author":[{"embeddable":true,"href":"https:\/\/integratek.es\/ca\/wp-json\/wp\/v2\/users\/1"}],"replies":[{"embeddable":true,"href":"https:\/\/integratek.es\/ca\/wp-json\/wp\/v2\/comments?post=203420"}],"version-history":[{"count":5,"href":"https:\/\/integratek.es\/ca\/wp-json\/wp\/v2\/pages\/203420\/revisions"}],"predecessor-version":[{"id":207163,"href":"https:\/\/integratek.es\/ca\/wp-json\/wp\/v2\/pages\/203420\/revisions\/207163"}],"wp:attachment":[{"href":"https:\/\/integratek.es\/ca\/wp-json\/wp\/v2\/media?parent=203420"}],"curies":[{"name":"wp","href":"https:\/\/api.w.org\/{rel}","templated":true}]}}