{"id":203415,"date":"2025-07-22T12:57:17","date_gmt":"2025-07-22T10:57:17","guid":{"rendered":"https:\/\/integratek.es\/?page_id=203415"},"modified":"2025-07-22T12:57:54","modified_gmt":"2025-07-22T10:57:54","slug":"mapa-dassociacions-sobre-dislexia-i-tdah","status":"publish","type":"page","link":"https:\/\/integratek.es\/ca\/mapa-dassociacions-sobre-dislexia-i-tdah\/","title":{"rendered":"Mapa d&#8217;associacions sobre la disl\u00e8xia i el TDAH"},"content":{"rendered":"<p>A continuaci\u00f3, et presentem un mapa amb <strong>Associacions<\/strong> de <strong>Disl\u00e8xia<\/strong> i <strong>TDAH<\/strong> . Fes un clic a sobre de les icones de colors per descobrir la informaci\u00f3. <\/p>\n<div class=\"row\"  id=\"row-1686483705\">\n\n\t<div id=\"col-1884779064\" class=\"col medium-4 small-12 large-4\"  >\n\t\t\t\t<div class=\"col-inner\"  >\n\t\t\t\n\t\t\t\n\t\t<\/div>\n\t\t\t\t\t<\/div>\n\n\t\n\n\t<div id=\"col-602959500\" class=\"col medium-4 small-12 large-4\"  >\n\t\t\t\t<div class=\"col-inner\"  >\n\t\t\t\n\t\t\t\n\n\t\t<div class=\"icon-box featured-box icon-box-left text-left\"  style=\"margin:0px 0px 0px 0pxx;\">\n\t\t\t\t\t<div class=\"icon-box-img\" style=\"width: 20px\">\n\t\t\t\t<div class=\"icon\">\n\t\t\t\t\t<div class=\"icon-inner\" >\n\t\t\t\t\t\t<img loading=\"lazy\" decoding=\"async\" width=\"155\" height=\"250\" src=\"https:\/\/integratek.es\/wp-content\/uploads\/2017\/09\/google-maps-icon-blank-hi-155x250.png\" class=\"attachment-medium size-medium\" alt=\"\" \/>\t\t\t\t\t<\/div>\n\t\t\t\t<\/div>\n\t\t\t<\/div>\n\t\t\t\t<div class=\"icon-box-text last-reset\">\n\t\t\t<h5 class=\"uppercase\">Associacions Disl\u00e8xia<\/h5>\t\t\t\t\t\t\n\t\t<\/div>\n\t<\/div>\n\t\n\t\n\n\t\t<div class=\"icon-box featured-box icon-box-left text-left\"  style=\"margin:10px 0px 0px 0px;\">\n\t\t\t\t\t<div class=\"icon-box-img\" style=\"width: 20px\">\n\t\t\t\t<div class=\"icon\">\n\t\t\t\t\t<div class=\"icon-inner\" >\n\t\t\t\t\t\t<img loading=\"lazy\" decoding=\"async\" width=\"110\" height=\"110\" src=\"https:\/\/integratek.es\/wp-content\/uploads\/2017\/09\/5.png\" class=\"attachment-medium size-medium\" alt=\"\" srcset=\"https:\/\/integratek.es\/wp-content\/uploads\/2017\/09\/5.png 110w, https:\/\/integratek.es\/wp-content\/uploads\/2017\/09\/5-100x100.png 100w\" sizes=\"auto, (max-width: 110px) 100vw, 110px\" \/>\t\t\t\t\t<\/div>\n\t\t\t\t<\/div>\n\t\t\t<\/div>\n\t\t\t\t<div class=\"icon-box-text last-reset\">\n\t\t\t<h5 class=\"uppercase\">Associacions TDAH<\/h5>\t\t\t\t\t\t\n\t\t<\/div>\n\t<\/div>\n\t\n\t\n\t\t<\/div>\n\t\t\t\t\t<\/div>\n\n\t\n\n\t<div id=\"col-600911221\" class=\"col medium-4 small-12 large-4\"  >\n\t\t\t\t<div class=\"col-inner\"  >\n\t\t\t\n\t\t\t\n\t\t<\/div>\n\t\t\t\t\t<\/div>\n\n\t\n<\/div>\n<iframe loading=\"lazy\" src=\"https:\/\/www.google.com\/maps\/d\/embed?mid=1H8mKOQhyIPBRqbVSIzuUW0lbnUU\" width=\"100%\" height=\"580\"><\/iframe><\/p>\n","protected":false},"excerpt":{"rendered":"<p>A continuaci\u00f3, et presentem un mapa amb Associacions de Disl\u00e8xia i TDAH . Fes un clic a sobre de les icones de colors per descobrir la informaci\u00f3.<\/p>\n","protected":false},"author":1,"featured_media":0,"parent":0,"menu_order":0,"comment_status":"closed","ping_status":"closed","template":"page-blank-title-center.php","meta":{"_acf_changed":false,"productId":0,"footnotes":""},"class_list":["post-203415","page","type-page","status-publish","hentry"],"acf":[],"_links":{"self":[{"href":"https:\/\/integratek.es\/ca\/wp-json\/wp\/v2\/pages\/203415","targetHints":{"allow":["GET"]}}],"collection":[{"href":"https:\/\/integratek.es\/ca\/wp-json\/wp\/v2\/pages"}],"about":[{"href":"https:\/\/integratek.es\/ca\/wp-json\/wp\/v2\/types\/page"}],"author":[{"embeddable":true,"href":"https:\/\/integratek.es\/ca\/wp-json\/wp\/v2\/users\/1"}],"replies":[{"embeddable":true,"href":"https:\/\/integratek.es\/ca\/wp-json\/wp\/v2\/comments?post=203415"}],"version-history":[{"count":4,"href":"https:\/\/integratek.es\/ca\/wp-json\/wp\/v2\/pages\/203415\/revisions"}],"predecessor-version":[{"id":203419,"href":"https:\/\/integratek.es\/ca\/wp-json\/wp\/v2\/pages\/203415\/revisions\/203419"}],"wp:attachment":[{"href":"https:\/\/integratek.es\/ca\/wp-json\/wp\/v2\/media?parent=203415"}],"curies":[{"name":"wp","href":"https:\/\/api.w.org\/{rel}","templated":true}]}}