{"id":203375,"date":"2018-11-19T12:58:47","date_gmt":"2018-11-19T11:58:47","guid":{"rendered":"https:\/\/integratek.es\/curriculum-rafael-bisquerra-2\/"},"modified":"2025-08-25T11:02:01","modified_gmt":"2025-08-25T09:02:01","slug":"curriculum-rafael-bisquerra","status":"publish","type":"page","link":"https:\/\/integratek.es\/ca\/curriculum-rafael-bisquerra\/","title":{"rendered":"Rafael Bisquerra | Equip de formadors d&#8217;Integratek"},"content":{"rendered":"\n\t<div id=\"gap-722389210\" class=\"gap-element clearfix\" style=\"display:block; height:auto;\">\n\t\t\n<style>\n#gap-722389210 {\n  padding-top: 50px;\n}\n<\/style>\n\t<\/div>\n\t\n\n<div class=\"row\"  id=\"row-1851377679\">\n\n\n\t<div id=\"col-1922686167\" class=\"col medium-6 small-12 large-6\"  >\n\t\t\t\t<div class=\"col-inner\"  >\n\t\t\t\n\t\t\t\n\n<h1><span style=\"font-size: 160%;\">RAFAEL <span style=\"color: #ff8300;\">BISQUERRA<\/span><\/span><\/h1>\n<p>Doctor en ci\u00e8ncies de l&#8217;educaci\u00f3 i llicenciat en psicologia. Director de postgraus sobre Intel\u00b7lig\u00e8ncia Emocional. Fundador i director de GROP. Autor de nombroses publicacions sobre educaci\u00f3 emocional.    <\/p>\n<ul>\n<li>Catedr\u00e0tic d&#8217;Orientaci\u00f3 Psicopedag\u00f2gica a la Universitat de Barcelona (UB). Doctor en Ci\u00e8ncies de lEducaci\u00f3 i Llicenciat en Psicologia. La seva l\u00ednia de recerca \u00e9s leducaci\u00f3 emocional, des de mitjans dels anys noranta.  <\/li>\n<li>Director del <em>Postgrau en educaci\u00f3 emocional i benestar<\/em> i del <em>Postgrau en Intel\u00b7lig\u00e8ncia Emocional a les Organitzacions<\/em> de la UB.<\/li>\n<li>Fundador i primer director del GROP (Grup de Recerca en Orientaci\u00f3 Psicopedag\u00f2gica) i dinamitzador de les Jornades d&#8217;Educaci\u00f3 emocional que se celebren cada any des del 2005 a la UB.<\/li>\n<li>Algunes de les seves publicacions: <em>Psicopedagogia de les emocions<\/em> (S\u00edntesi, 2009), <em>Educaci\u00f3 emocional i benestar<\/em> (Praxis, 2000), <em>Q\u00fcestions sobre benestar<\/em> (S\u00edntesi, 2013), <em>L&#8217;educaci\u00f3 emocional a la pr\u00e0ctica<\/em> (2010),  <em>Educaci\u00f3 emocional. Propostes per a educadors i fam\u00edlies   <\/em>(2011),  <em>Educaci\u00f3 per a la ciutadania i conviv\u00e8ncia. Lenfocament de leducaci\u00f3 emocional <\/em>  (Wolters Kluwer, 2008), <em>Intel\u00b7lig\u00e8ncia emocional en educaci\u00f3<\/em> (S\u00edntesi, 2015), <em>Univers d&#8217;emocions<\/em> (Palau-Gea), 10  <em>Idees clau. <\/em>  (Gra\u00f3), <em>La for\u00e7a de la gravitaci\u00f3 emocional<\/em> (UOC, 2016), <em>Gimn\u00e0stica emocional i coaching<\/em> (Horsori, 2016), <em>Dicionari d&#8217;emocions i fen\u00f2mens afectius<\/em> (PalauGea, 2016), <em>Pol\u00edtica i emoci\u00f3<\/em> (2017), etc.<\/li>\n<\/ul>\n\n\t\t<\/div>\n\t\t\t\t\t<\/div>\n\n\t\n\n\t<div id=\"col-1395114076\" class=\"col medium-6 small-12 large-6\"  >\n\t\t\t\t<div class=\"col-inner\"  >\n\t\t\t\n\t\t\t\n\n    <div class=\"box has-hover has-hover box-none box-text-bottom\" >\n\n                  <div class=\"box-image \" style=\"width:65%;\">\n           <div class=\"box-image-inner image-cover\" style=\"border-radius:100%;padding-top:100%;\">\n              <img loading=\"lazy\" decoding=\"async\" width=\"324\" height=\"310\" src=\"https:\/\/integratek.es\/wp-content\/uploads\/2018\/11\/Rafael-Bisquerra-1.jpg\" class=\"attachment- size-\" alt=\"\" \/>                         <\/div>\n          <\/div>\n         \n          <div class=\"box-text text-center\" >\n                <div class=\"box-text-inner\">\n                  <h4 class=\"uppercase\">\n                    <span class=\"person-name\">Ola Nordmann<\/span><br\/>\n                    <span class=\"person-title is-small thin-font op-7\">\n                      Customer Support                    <\/span>\n                  <\/h4>\n\t\t\t\t\t\n\n<p>Lorem ipsum..<\/p>\n\n                <\/div>\n          <\/div>\n    <\/div>\n\n\t\n    \n\n\t\t<\/div>\n\t\t\t\t\t<\/div>\n\n\t\n\n<\/div>\n<div class=\"row\"  id=\"row-885850321\">\n\n\n\t<div id=\"col-28451348\" class=\"col small-12 large-12\"  >\n\t\t\t\t<div class=\"col-inner text-center\"  >\n\t\t\t\n\t\t\t\n\n<a href=\"https:\/\/integratek.es\/equipo-formadores-integratek\/\" target=\"_blank\" class=\"button primary is-large lowercase\" rel=\"noopener\" style=\"border-radius:99px;\">\n\t\t<span>Descobreix m\u00e9s formadors d&#039;Integratek<\/span>\n\t<\/a>\n\n\n\n\t\t<\/div>\n\t\t\t\t\t<\/div>\n\n\t\n\n<\/div>\n\n","protected":false},"excerpt":{"rendered":"","protected":false},"author":1,"featured_media":0,"parent":0,"menu_order":0,"comment_status":"closed","ping_status":"closed","template":"","meta":{"_acf_changed":false,"productId":0,"footnotes":""},"class_list":["post-203375","page","type-page","status-publish","hentry"],"acf":[],"_links":{"self":[{"href":"https:\/\/integratek.es\/ca\/wp-json\/wp\/v2\/pages\/203375","targetHints":{"allow":["GET"]}}],"collection":[{"href":"https:\/\/integratek.es\/ca\/wp-json\/wp\/v2\/pages"}],"about":[{"href":"https:\/\/integratek.es\/ca\/wp-json\/wp\/v2\/types\/page"}],"author":[{"embeddable":true,"href":"https:\/\/integratek.es\/ca\/wp-json\/wp\/v2\/users\/1"}],"replies":[{"embeddable":true,"href":"https:\/\/integratek.es\/ca\/wp-json\/wp\/v2\/comments?post=203375"}],"version-history":[{"count":5,"href":"https:\/\/integratek.es\/ca\/wp-json\/wp\/v2\/pages\/203375\/revisions"}],"predecessor-version":[{"id":207112,"href":"https:\/\/integratek.es\/ca\/wp-json\/wp\/v2\/pages\/203375\/revisions\/207112"}],"wp:attachment":[{"href":"https:\/\/integratek.es\/ca\/wp-json\/wp\/v2\/media?parent=203375"}],"curies":[{"name":"wp","href":"https:\/\/api.w.org\/{rel}","templated":true}]}}