{"id":203370,"date":"2025-07-22T12:49:43","date_gmt":"2025-07-22T10:49:43","guid":{"rendered":"https:\/\/integratek.es\/politica-de-cookies-2\/"},"modified":"2025-07-28T13:02:05","modified_gmt":"2025-07-28T11:02:05","slug":"politica-de-cookies","status":"publish","type":"page","link":"https:\/\/integratek.es\/ca\/politica-de-cookies\/","title":{"rendered":"POL\u00cdTICA DE COOKIES"},"content":{"rendered":"\n<p>De conformitat amb la normativa espanyola que regula l&#8217;\u00fas de cookies en relaci\u00f3 a la prestaci\u00f3 de serveis de comunicacions electr\u00f2niques, recollida al Reial decret llei 13\/2012, de 30 de mar\u00e7, us informem sobre les cookies utilitzades al lloc web d&#8217; <b>Integra-Tek, SL i Associaci\u00f3 Integratek<\/b> (d&#8217;ara endavant, el &#8221; <b>INTEGRATEK<\/b> &#8220;) i el motiu del vostre navegador. Aix\u00ed mateix, <b>INTE<\/b> consentiment per poder utilitzar-lo. <\/p>\n<p>Les cookies utilitzades al nostre lloc web, s\u00f3n pr\u00f2pies i de tercers, i ens permeten emmagatzemar i accedir a informaci\u00f3 relativa a l&#8217;idioma, el tipus de navegador utilitzat, i altres caracter\u00edstiques generals predefinides per l&#8217;usuari, aix\u00ed com seguir i analitzar l&#8217;activitat que duu a terme, per introduir millores i prestar els nostres serveis de forma m\u00e9s eficient i personalitzada. <b>INTEGRATEK<\/b> no utilitza galetes publicit\u00e0ries o de publicitat comportamental.<\/p>\n<p>La utilitzaci\u00f3 de les galetes ofereix nombrosos avantatges en la prestaci\u00f3 de serveis de la societat de la informaci\u00f3, ja que, entre d&#8217;altres: (i) facilita a l&#8217;usuari la navegaci\u00f3 al lloc web i l&#8217;acc\u00e9s als diferents serveis que ofereix; (ii) evita a l&#8217;usuari configurar les caracter\u00edstiques generals predefinides cada vegada que accedeix al Lloc Web; (iii) afavoreix la millora del funcionament i dels serveis prestats a trav\u00e9s del lloc web, despr\u00e9s de la corresponent an\u00e0lisi de la informaci\u00f3 obtinguda a trav\u00e9s de les cookies instal\u00b7lades.   <\/p>\n<p>Aix\u00ed mateix, podeu configurar el vostre navegador, acceptant o rebutjant totes les cookies, o b\u00e9 seleccionar aquelles la instal\u00b7laci\u00f3 de les quals admet i quins no, seguint un dels procediments seg\u00fcents, depenent del navegador utilitzat:<\/p>\n<p><strong>Google Chrome<\/strong> (al men\u00fa eines)<\/p>\n<p>Configuraci\u00f3&gt; Mostrar opcions avan\u00e7ades&gt; Privadesa (Configuraci\u00f3 de Contingut)&gt; Cookies<\/p>\n<p>M\u00e9s informaci\u00f3: <a href=\"https:\/\/support.google.com\/chrome\/answer\/95647?hl=es%20%20\">https:\/\/support.google.com\/chrome\/answer\/95647?hl=ca<\/a>  <\/p>\n<p><strong>Microsoft Internet Explorer<\/strong> (al men\u00fa eines)<\/p>\n<p>Opcions d&#8217;Internet&gt; Privadesa&gt; Avan\u00e7ada<\/p>\n<p>M\u00e9s informaci\u00f3: <a href=\"http:\/\/windows.microsoft.com\/es-es\/internet-explorer\/delete-manage-cookies%23ie=ie-9%20%20\">http:\/\/windows.microsoft.com\/es-es\/internet-explorer\/delete-manage-cookies#ie=ie-9<\/a>  <\/p>\n<p><strong>Firefox<\/strong><\/p>\n<p>Opcions&gt; Privadesa&gt; Cookies<\/p>\n<p>M\u00e9s informaci\u00f3: <a href=\"http:\/\/support.mozilla.org\/es\/kb\/habilitar-y-deshabilitar-cookies-que-los-sitios-we%20%20\">http:\/\/support.mozilla.org\/es\/kb\/habilitar-y-deshabilitar-cookies-que-los-sitios-we<\/a>  <\/p>\n<p><strong>Safari<\/strong> , iPad i iPhone<\/p>\n<p>Prefer\u00e8ncies&gt; Privadesa<\/p>\n<p>M\u00e9s informaci\u00f3: <a href=\"http:\/\/www.apple.com\/es\/privacy\/use-of-cookies\/%20%20\">http:\/\/www.apple.com\/es\/privacy\/use-of-cookies\/<\/a>  <\/p>\n<p><strong>Opera<\/strong><\/p>\n<p>Configuraci\u00f3&gt; Opcions&gt; Avan\u00e7ada&gt; Cookies<\/p>\n<p>M\u00e9s informaci\u00f3: <a href=\"http:\/\/help.opera.com\/Linux\/10.60\/es-ES\/cookies.html%20%20\">http:\/\/help.opera.com\/Linux\/10.60\/es-ES\/cookies.html<\/a> <\/p>\n<p><strong> <\/strong><\/p>\n<p><strong> <\/strong><\/p>\n<p><strong>INTEGRATEK utilitza aquestes cookies a la p\u00e0gina web:<\/strong><\/p>\n<table width=\"497\">\n<thead>\n<tr>\n<td>\n<p><strong>Cookie<\/strong><\/p>\n<\/td>\n<td>\n<p><strong>Nom<\/strong><\/p>\n<\/td>\n<td>\n<p><strong>Finalitat<\/strong><\/p>\n<\/td>\n<td>\n<p><strong>M\u00e9s informaci\u00f3<\/strong><\/p>\n<\/td>\n<\/tr>\n<\/thead>\n<tbody>\n<tr>\n<td>\n<p>Google Analytics<\/p>\n<\/td>\n<td>\n<p>__utma<\/p>\n<\/td>\n<td>\n<p>Aquesta galeta mant\u00e9 un registre del nombre de vegades que un usuari ha estat en un lloc, quan va ser la primera visita, i quan es va produir la seva \u00faltima visita.<\/p>\n<\/td>\n<td>\n<p><a href=\"http:\/\/www.google.es\/intl\/es\/policies\/privacy\/\">Centre de privadesa de Google  <\/a><\/p>\n<p><a href=\"https:\/\/tools.google.com\/dlpage\/gaoptout?hl=es\">Complement d&#8217;inhabilitaci\u00f3 de Google Analytics  <\/a><\/p>\n<\/td>\n<\/tr>\n<tr>\n<td>\n<p>Google Analytics<\/p>\n<\/td>\n<td>\n<p>__utmb<\/p>\n<\/td>\n<td>\n<p>Aquesta galeta ajuda a calcular quant de temps dura la visita d&#8217;un usuari emmagatzemant el moment en qu\u00e8 va entrar.<\/p>\n<\/td>\n<td>\n<p><a href=\"http:\/\/www.google.es\/intl\/es\/policies\/privacy\/\">Centre de privadesa de Google  <\/a><\/p>\n<p><a href=\"https:\/\/tools.google.com\/dlpage\/gaoptout?hl=es\">Complement d&#8217;inhabilitaci\u00f3 de Google Analytics  <\/a><\/p>\n<\/td>\n<\/tr>\n<tr>\n<td>\n<p>Google Analytics<\/p>\n<\/td>\n<td>\n<p>__utmc<\/p>\n<\/td>\n<td>\n<p>Aquesta galeta ajuda a calcular quant de temps dura la visita d&#8217;un usuari emmagatzemant el moment en qu\u00e8 surt de la p\u00e0gina.<\/p>\n<\/td>\n<td>\n<p><u><a href=\"http:\/\/www.google.es\/intl\/es\/policies\/privacy\/\">Centre de privadesa de Google  <\/a><\/u><\/p>\n<p><a href=\"https:\/\/tools.google.com\/dlpage\/gaoptout?hl=es\">Complement d&#8217;inhabilitaci\u00f3 de Google Analytics  <\/a><\/p>\n<\/td>\n<\/tr>\n<tr>\n<td>\n<p>Google Analytics<\/p>\n<\/td>\n<td>\n<p>__utmz<\/p>\n<\/td>\n<td>\n<p>Aquesta galeta mant\u00e9 un seguiment d&#8217;on prov\u00e9 el visitant, quin motor de cerca es va utilitzar, en quin enlla\u00e7 fer clic, quines paraules clau utilitzar i des de quin lloc del m\u00f3n es va accedir a la p\u00e0gina.<\/p>\n<\/td>\n<td>\n<p><u><a href=\"http:\/\/www.google.es\/intl\/es\/policies\/privacy\/\">Centre de privadesa de Google  <\/a><\/u><\/p>\n<p><a href=\"https:\/\/tools.google.com\/dlpage\/gaoptout?hl=es\">Complement d&#8217;inhabilitaci\u00f3 de Google Analytics  <\/a><\/p>\n<\/td>\n<\/tr>\n<tr>\n<td>\n<p>Google Analytics<\/p>\n<\/td>\n<td>\n<p>__utmli<\/p>\n<\/td>\n<td>\n<p>Aquestes galetes de Google Analytics generen un identificador d&#8217;usuari an\u00f2nim, que \u00e9s el que s&#8217;utilitza per fer recompte de quantes vegades visita el lloc un usuari. Tamb\u00e9 registra quan va ser la primera i \u00faltima vegada que va visitar la web. Aix\u00ed mateix, calcula quan s&#8217;ha acabat una sessi\u00f3, origen de l&#8217;usuari i keywords.  <\/p>\n<\/td>\n<td>\n<p><a href=\"http:\/\/www.google.es\/intl\/es\/policies\/privacy\/\">Centre de privadesa de Google  <\/a><\/p>\n<p><a href=\"https:\/\/tools.google.com\/dlpage\/gaoptout?hl=es\">Complement d&#8217;inhabilitaci\u00f3 de Google Analytics  <\/a><\/p>\n<\/td>\n<\/tr>\n<tr>\n<td>\n<p>YouTube<\/p>\n<\/td>\n<td>\n<p>Visitor_Info1<\/p>\n<p>_Live<\/p>\n<\/td>\n<td>\n<p>El seu prop\u00f2sit \u00e9s estimar l&#8217;amplada de banda de l&#8217;usuari.<\/p>\n<\/td>\n<td>\n<p><a href=\"http:\/\/www.youtube.com\/static?gl=ES&amp;template=terms&amp;hl=es\">Pol\u00edtica de privadesa<\/a><\/p>\n<\/td>\n<\/tr>\n<tr>\n<td>\n<p>YouTube<\/p>\n<\/td>\n<td>\n<p>use_hitbox<\/p>\n<\/td>\n<td>\n<p>El seu prop\u00f2sit \u00e9s incrementar el comptador de visites dusuaris a un determinat v\u00eddeo de YouTube.<\/p>\n<\/td>\n<td>\n<p><a href=\"http:\/\/www.youtube.com\/static?gl=ES&amp;template=terms&amp;hl=es\">Pol\u00edtica de privadesa<\/a><\/p>\n<\/td>\n<\/tr>\n<tr>\n<td>\n<p>YouTube<\/p>\n<\/td>\n<td>\n<p>PREF<\/p>\n<\/td>\n<td>\n<p>La seva finalitat \u00e9s desar les prefer\u00e8ncies de sessi\u00f3 sobre lactivitat de visionat durant la navegaci\u00f3 de lusuari. Aquestes cookies no emmagatzemen informaci\u00f3 que ens permeti identificar lusuari. <\/p>\n<\/td>\n<td>\n<p><a href=\"http:\/\/www.youtube.com\/static?gl=ES&amp;template=terms&amp;hl=es\">Pol\u00edtica de privadesa<\/a><\/p>\n<\/td>\n<\/tr>\n<tr>\n<td>\n<p>Lockerz Share<\/p>\n<\/td>\n<td>\n<p>AddToAny<\/p>\n<\/td>\n<td>\n<p>&#8220;AddToAny \u00e9s una plataforma de marcadors socials &#8230; que es pot integrar en un lloc web amb l&#8217;\u00fas d&#8217;un giny web. Un cop instal\u00b7lat, els visitants del lloc web poden compartir o desar un element utilitzant una varietat de serveis, com Facebook, Twitter, correu electr\u00f2nic&#8230;&#8221;<\/p>\n<\/td>\n<td>\n<p><a href=\"http:\/\/www.addtoany.com\/privacy\">Pol\u00edtica de privadesa<\/a><\/p>\n<p> <\/p>\n<p> <\/p>\n<\/td>\n<\/tr>\n<\/tbody>\n<\/table>\n<p> <\/p>\n<p>En altres llocs d&#8217; <b>INTEGRATEK<\/b> s&#8217;instal\u00b7len cookies de tercers a tots els seus visitants, encara que no siguin usuaris registrats a les plataformes corresponents:<\/p>\n<ul>\n<li><strong>INTEGRATEK<\/strong> . a <u>Facebook<\/u> . <em>Cookies<\/em> : datr, reg_fb_gate i reg_fb_ref. Les seves finalitats estan descrites a la <a href=\"https:\/\/www.facebook.com\/help\/cookies\">Pagina de Cookies de Facebook<\/a> .  <\/li>\n<li><strong>INTEGRATEK<\/strong> a <u>Twitter<\/u> . <em>Cookies<\/em> : guest_id, __utma, __utmb, __utmc, __utmz, original_referer i _twitter_sess. Les seves finalitats estan descrites a la <a href=\"https:\/\/twitter.com\/privacy\">P\u00e0gina de Privadesa de Twitter<\/a> . <\/li>\n<li><strong>INTEGRATEK<\/strong> a <u>LinkedIn<\/u> . <em>Cookies<\/em> : JSESSIONID, visit, bcookie, S-LI-IDC, L1e, X-LI-IDC, _qca, RT, __utma, __utmb, __utmc, __utmz, __utmv, leo_auth_token, lang. Les seves finalitats estan descrites a la <a href=\"http:\/\/www.linkedin.com\/legal\/cookie-policy?trk=hb_ft_cookie\">P\u00e0gina de Cookies de LinkedIn<\/a> . <\/li>\n<li><strong>INTEGRATEK<\/strong> a Instagram. Les seves finalitats estan descrites a la <a href=\"http:\/\/instagram.com\/legal\/cookies\/\">Pagina de Cookies d&#8217;Instagram<\/a> . <\/li>\n<\/ul>\n\n","protected":false},"excerpt":{"rendered":"","protected":false},"author":1,"featured_media":0,"parent":0,"menu_order":0,"comment_status":"closed","ping_status":"closed","template":"page-blank-title-center.php","meta":{"_acf_changed":false,"productId":0,"footnotes":""},"class_list":["post-203370","page","type-page","status-publish","hentry"],"acf":[],"_links":{"self":[{"href":"https:\/\/integratek.es\/ca\/wp-json\/wp\/v2\/pages\/203370","targetHints":{"allow":["GET"]}}],"collection":[{"href":"https:\/\/integratek.es\/ca\/wp-json\/wp\/v2\/pages"}],"about":[{"href":"https:\/\/integratek.es\/ca\/wp-json\/wp\/v2\/types\/page"}],"author":[{"embeddable":true,"href":"https:\/\/integratek.es\/ca\/wp-json\/wp\/v2\/users\/1"}],"replies":[{"embeddable":true,"href":"https:\/\/integratek.es\/ca\/wp-json\/wp\/v2\/comments?post=203370"}],"version-history":[{"count":1,"href":"https:\/\/integratek.es\/ca\/wp-json\/wp\/v2\/pages\/203370\/revisions"}],"predecessor-version":[{"id":203371,"href":"https:\/\/integratek.es\/ca\/wp-json\/wp\/v2\/pages\/203370\/revisions\/203371"}],"wp:attachment":[{"href":"https:\/\/integratek.es\/ca\/wp-json\/wp\/v2\/media?parent=203370"}],"curies":[{"name":"wp","href":"https:\/\/api.w.org\/{rel}","templated":true}]}}