{"id":203364,"date":"2018-04-25T09:59:21","date_gmt":"2018-04-25T07:59:21","guid":{"rendered":"https:\/\/integratek.es\/curriculum-olga-martinez-2\/"},"modified":"2025-08-25T11:19:18","modified_gmt":"2025-08-25T09:19:18","slug":"curriculum-olga-martinez","status":"publish","type":"page","link":"https:\/\/integratek.es\/ca\/curriculum-olga-martinez\/","title":{"rendered":"Olga Mart\u00ednez | Equip de formadors d&#8217;Integratek"},"content":{"rendered":"\n\t<div id=\"gap-2109535084\" class=\"gap-element clearfix\" style=\"display:block; height:auto;\">\n\t\t\n<style>\n#gap-2109535084 {\n  padding-top: 50px;\n}\n<\/style>\n\t<\/div>\n\t\n\n<div class=\"row\"  id=\"row-892842854\">\n\n\n\t<div id=\"col-605715361\" class=\"col medium-6 small-12 large-6\"  >\n\t\t\t\t<div class=\"col-inner\"  >\n\t\t\t\n\t\t\t\n\n<h1><span style=\"font-size: 160%;\">OLGA <span style=\"color: #ff8300;\">MART\u00cdNEZ<\/span><\/span><\/h1>\n<p>Mestra. Psicopedagoga. Experta en Intel\u00b7lig\u00e8ncia Emocional i diagn\u00f2stic.   <\/p>\n<div class=\"wpb_text_column wpb_content_elementvc_custom_1516366742229\">\n<div class=\"wpb_wrapper\">\n<div class=\"wpb_text_column-text-style\">\n<ul>\n<li>Diplomada en magisteri.<\/li>\n<li>Llicenciada en psicopedagogia.<\/li>\n<li>Experta universit\u00e0ria en Intel\u00b7lig\u00e8ncia Emocional i diagn\u00f2stic.<\/li>\n<li>M\u00e0ster per la Florida Universit\u00e0ria en Intel\u00b7lig\u00e8ncies M\u00faltiples i Did\u00e0ctiques per a la Innovaci\u00f3.<\/li>\n<li>Experta en gesti\u00f3 emocional per la Florida Universit\u00e0ria.<\/li>\n<li>T\u00edtol de &#8220;Referent VEC&#8221; per Emotional Network i l&#8217;Institut Europeu de Psicoter\u00e0pies de Temps limitat.  <\/li>\n<li>Autora de nombroses publicacions relacionades amb l&#8217;\u00e0mbit educatiu-emocional.<\/li>\n<\/ul>\n<\/div>\n<\/div>\n<\/div>\n\n\t\t<\/div>\n\t\t\t\t\t<\/div>\n\n\t\n\n\t<div id=\"col-1474716199\" class=\"col medium-6 small-12 large-6\"  >\n\t\t\t\t<div class=\"col-inner\"  >\n\t\t\t\n\t\t\t\n\n    <div class=\"box has-hover has-hover box-none box-text-bottom\" >\n\n                  <div class=\"box-image \" style=\"width:65%;\">\n           <div class=\"box-image-inner image-cover\" style=\"border-radius:100%;padding-top:100%;\">\n              <img loading=\"lazy\" decoding=\"async\" width=\"800\" height=\"723\" src=\"https:\/\/integratek.es\/wp-content\/uploads\/2018\/02\/sin-fondo-1.jpg\" class=\"attachment- size-\" alt=\"olga-martinez\" \/>                         <\/div>\n          <\/div>\n         \n          <div class=\"box-text text-center\" >\n                <div class=\"box-text-inner\">\n                  <h4 class=\"uppercase\">\n                    <span class=\"person-name\">Ola Nordmann<\/span><br\/>\n                    <span class=\"person-title is-small thin-font op-7\">\n                      Customer Support                    <\/span>\n                  <\/h4>\n\t\t\t\t\t\n\n<p> Lorem ipsum.. <\/p>\n\n                <\/div>\n          <\/div>\n    <\/div>\n\n\t\n    \n\n\t\t<\/div>\n\t\t\t\t\t<\/div>\n\n\t\n\n<\/div>\n<div class=\"text-center\"><div class=\"is-divider divider clearfix\" style=\"max-width:1050px;background-color:rgb(209, 209, 209);\"><\/div><\/div>\n\n\t<div id=\"gap-892294276\" class=\"gap-element clearfix\" style=\"display:block; height:auto;\">\n\t\t\n<style>\n#gap-892294276 {\n  padding-top: 30px;\n}\n<\/style>\n\t<\/div>\n\t\n\n<div class=\"row\"  id=\"row-2065796430\">\n\n\n\t<div id=\"col-98707208\" class=\"col small-12 large-12\"  >\n\t\t\t\t<div class=\"col-inner\"  >\n\t\t\t\n\t\t\t\n\n<p><span style=\"font-size: 160%;\"><strong>Formacions d&#8217;Integratek amb Jes\u00fas C. Guill\u00e9n<\/strong><\/span><\/p>\n\n\t\t<\/div>\n\t\t\t\t\t<\/div>\n\n\t\n\n<\/div>\n\t<div id=\"gap-1233086943\" class=\"gap-element clearfix\" style=\"display:block; height:auto;\">\n\t\t\n<style>\n#gap-1233086943 {\n  padding-top: 30px;\n}\n<\/style>\n\t<\/div>\n\t\n\n<div class=\"row\"  id=\"row-1246144013\">\n\n\n\t<div id=\"col-342974020\" class=\"col medium-3 small-12 large-3\"  >\n\t\t\t\t<div class=\"col-inner\"  >\n\t\t\t\n\t\t\t\n\n\n\t\t<\/div>\n\t\t\t\t\t<\/div>\n\n\t\n\n\t<div id=\"col-1797576080\" class=\"col medium-6 small-12 large-6\"  >\n\t\t\t\t<div class=\"col-inner\"  >\n\t\t\t\n\t\t\t\n\n<a href=\"https:\/\/integratek.es\/equipo-formadores-integratek\/\" target=\"_blank\" class=\"button primary is-large lowercase expand\" rel=\"noopener\" style=\"border-radius:99px;\">\n\t\t<span>Descobreix m\u00e9s formadors d&#039;Integratek<\/span>\n\t<\/a>\n\n\n\n\t\t<\/div>\n\t\t\t\t\t<\/div>\n\n\t\n\n\t<div id=\"col-1659442455\" class=\"col medium-3 small-12 large-3\"  >\n\t\t\t\t<div class=\"col-inner\"  >\n\t\t\t\n\t\t\t\n\n\n\t\t<\/div>\n\t\t\t\t\t<\/div>\n\n\t\n\n<\/div>\n\n","protected":false},"excerpt":{"rendered":"","protected":false},"author":1,"featured_media":0,"parent":0,"menu_order":0,"comment_status":"closed","ping_status":"closed","template":"","meta":{"_acf_changed":false,"productId":0,"footnotes":""},"class_list":["post-203364","page","type-page","status-publish","hentry"],"acf":[],"_links":{"self":[{"href":"https:\/\/integratek.es\/ca\/wp-json\/wp\/v2\/pages\/203364","targetHints":{"allow":["GET"]}}],"collection":[{"href":"https:\/\/integratek.es\/ca\/wp-json\/wp\/v2\/pages"}],"about":[{"href":"https:\/\/integratek.es\/ca\/wp-json\/wp\/v2\/types\/page"}],"author":[{"embeddable":true,"href":"https:\/\/integratek.es\/ca\/wp-json\/wp\/v2\/users\/1"}],"replies":[{"embeddable":true,"href":"https:\/\/integratek.es\/ca\/wp-json\/wp\/v2\/comments?post=203364"}],"version-history":[{"count":4,"href":"https:\/\/integratek.es\/ca\/wp-json\/wp\/v2\/pages\/203364\/revisions"}],"predecessor-version":[{"id":207154,"href":"https:\/\/integratek.es\/ca\/wp-json\/wp\/v2\/pages\/203364\/revisions\/207154"}],"wp:attachment":[{"href":"https:\/\/integratek.es\/ca\/wp-json\/wp\/v2\/media?parent=203364"}],"curies":[{"name":"wp","href":"https:\/\/api.w.org\/{rel}","templated":true}]}}