{"id":203358,"date":"2018-11-15T10:36:22","date_gmt":"2018-11-15T09:36:22","guid":{"rendered":"https:\/\/integratek.es\/curriculum-montserrat-arellano-2\/"},"modified":"2025-08-25T11:02:26","modified_gmt":"2025-08-25T09:02:26","slug":"curriculum-montserrat-arellano","status":"publish","type":"page","link":"https:\/\/integratek.es\/ca\/curriculum-montserrat-arellano\/","title":{"rendered":"Montserrat Arellano | Equip de formadors d&#8217;UTAE"},"content":{"rendered":"\n\t<div id=\"gap-425313033\" class=\"gap-element clearfix\" style=\"display:block; height:auto;\">\n\t\t\n<style>\n#gap-425313033 {\n  padding-top: 50px;\n}\n<\/style>\n\t<\/div>\n\t\n\n<div class=\"row\"  id=\"row-765540772\">\n\n\n\t<div id=\"col-118071441\" class=\"col medium-6 small-12 large-6\"  >\n\t\t\t\t<div class=\"col-inner\"  >\n\t\t\t\n\t\t\t\n\n<h1><span style=\"font-size: 160%;\">MONTSERRAT <span style=\"color: #ff8300;\">ARELLANO<\/span><\/span><\/h1>\n<p>Llicenciada en Medicina i Cirurgia General. Especialista en Pediatria i \u00c0rees espec\u00edfiques. Neur\u00f2loga pedi\u00e0trica de la Unitat de Trastorns de l\u00b4Aprenentatge Escolar (UTAE). Experta en Trastorns de l&#8217;aprenentatge i la Neuropediatria. <\/p>\n<ul>\n<li>Llicenciada en Medicina i Cirurgia General.<\/li>\n<li>Especialista en Pediatria i \u00c0rees espec\u00edfiques.<\/li>\n<li>Formaci\u00f3 a Neuropediatria.  <\/li>\n<li>Especialista en diagn\u00f2stic i abordatge dels trastorns de l&#8217;aprenentatge escolar (disl\u00e8xia, TDAH, discalc\u00falia) i els trastorns de l&#8217;espectre autista.  <\/li>\n<\/ul>\n<a href=\"https:\/\/integratek.es\/equipo-formadores-de-utae\" target=\"_blank\" class=\"button primary lowercase expand\" rel=\"noopener\" style=\"border-radius:99px;\">\n\t\t<span>Descobreix m\u00e9s formadors d&#039;UTAE<\/span>\n\t<\/a>\n\n\n\n\t\t<\/div>\n\t\t\t\t\t<\/div>\n\n\t\n\n\t<div id=\"col-1040169973\" class=\"col medium-6 small-12 large-6\"  >\n\t\t\t\t<div class=\"col-inner\"  >\n\t\t\t\n\t\t\t\n\n    <div class=\"box has-hover has-hover box-none box-text-bottom\" >\n\n                  <div class=\"box-image \" style=\"width:80%;\">\n           <div class=\"box-image-inner image-cover\" style=\"border-radius:100%;padding-top:100%;\">\n              <img loading=\"lazy\" decoding=\"async\" width=\"600\" height=\"600\" src=\"https:\/\/integratek.es\/wp-content\/uploads\/2018\/11\/Montserrat-Arellano-UTAE.jpg\" class=\"attachment- size-\" alt=\"\" srcset=\"https:\/\/integratek.es\/wp-content\/uploads\/2018\/11\/Montserrat-Arellano-UTAE.jpg 600w, https:\/\/integratek.es\/wp-content\/uploads\/2018\/11\/Montserrat-Arellano-UTAE-100x100.jpg 100w, https:\/\/integratek.es\/wp-content\/uploads\/2018\/11\/Montserrat-Arellano-UTAE-510x510.jpg 510w, https:\/\/integratek.es\/wp-content\/uploads\/2018\/11\/Montserrat-Arellano-UTAE-280x280.jpg 280w, https:\/\/integratek.es\/wp-content\/uploads\/2018\/11\/Montserrat-Arellano-UTAE-400x400.jpg 400w\" sizes=\"auto, (max-width: 600px) 100vw, 600px\" \/>                         <\/div>\n          <\/div>\n         \n          <div class=\"box-text text-center\" >\n                <div class=\"box-text-inner\">\n                  <h4 class=\"uppercase\">\n                    <span class=\"person-name\">Ola Nordmann<\/span><br\/>\n                    <span class=\"person-title is-small thin-font op-7\">\n                      Customer Support                    <\/span>\n                  <\/h4>\n\t\t\t\t\t\n\n<p> Lorem ipsum.. <\/p>\n\n                <\/div>\n          <\/div>\n    <\/div>\n\n\t\n    \n\n\t\t<\/div>\n\t\t\t\t\t<\/div>\n\n\t\n\n<\/div>\n\n","protected":false},"excerpt":{"rendered":"","protected":false},"author":1,"featured_media":0,"parent":0,"menu_order":0,"comment_status":"closed","ping_status":"closed","template":"","meta":{"_acf_changed":false,"productId":0,"footnotes":""},"class_list":["post-203358","page","type-page","status-publish","hentry"],"acf":[],"_links":{"self":[{"href":"https:\/\/integratek.es\/ca\/wp-json\/wp\/v2\/pages\/203358","targetHints":{"allow":["GET"]}}],"collection":[{"href":"https:\/\/integratek.es\/ca\/wp-json\/wp\/v2\/pages"}],"about":[{"href":"https:\/\/integratek.es\/ca\/wp-json\/wp\/v2\/types\/page"}],"author":[{"embeddable":true,"href":"https:\/\/integratek.es\/ca\/wp-json\/wp\/v2\/users\/1"}],"replies":[{"embeddable":true,"href":"https:\/\/integratek.es\/ca\/wp-json\/wp\/v2\/comments?post=203358"}],"version-history":[{"count":5,"href":"https:\/\/integratek.es\/ca\/wp-json\/wp\/v2\/pages\/203358\/revisions"}],"predecessor-version":[{"id":207118,"href":"https:\/\/integratek.es\/ca\/wp-json\/wp\/v2\/pages\/203358\/revisions\/207118"}],"wp:attachment":[{"href":"https:\/\/integratek.es\/ca\/wp-json\/wp\/v2\/media?parent=203358"}],"curies":[{"name":"wp","href":"https:\/\/api.w.org\/{rel}","templated":true}]}}