{"id":203355,"date":"2018-11-07T13:59:57","date_gmt":"2018-11-07T12:59:57","guid":{"rendered":"https:\/\/integratek.es\/curriculum-montse-guitet-julia-2\/"},"modified":"2025-08-25T11:02:20","modified_gmt":"2025-08-25T09:02:20","slug":"curriculum-montse-guitet-julia","status":"publish","type":"page","link":"https:\/\/integratek.es\/ca\/curriculum-montse-guitet-julia\/","title":{"rendered":"Montse Guitet Juli\u00e0 | Equip de formadors d&#8217;UTAE"},"content":{"rendered":"\n\t<div id=\"gap-1406577384\" class=\"gap-element clearfix\" style=\"display:block; height:auto;\">\n\t\t\n<style>\n#gap-1406577384 {\n  padding-top: 50px;\n}\n<\/style>\n\t<\/div>\n\t\n\n<div class=\"row\"  id=\"row-1436755860\">\n\n\n\t<div id=\"col-790231888\" class=\"col medium-6 small-12 large-6\"  >\n\t\t\t\t<div class=\"col-inner\"  >\n\t\t\t\n\t\t\t\n\n<h1><span style=\"font-size: 160%;\">MONTSE <span style=\"color: #ff8300;\">GUITET<\/span><\/span><\/h1>\n<p>He realitzat la meva formaci\u00f3 pedi\u00e0trica a l&#8217;Hospital General de Granollers i de Neurologia Infantil a l&#8217;Hospital Sant Joan de D\u00e9u Barcelona. He treballat com a neuropediatra en aquests hospitals i en diferents centres de diagn\u00f2stic i atenci\u00f3 preco\u00e7. Actualment treballo a la Unitat de Trastorns de l&#8217;Aprenentatge Escolar (UTAE) i al Centre d&#8217;Atenci\u00f3 Preco\u00e7 a Blanes.  <\/p>\n<ul>\n<li>Llicenciada en Medicina i Cirurgia. Universitat de Barcelona, 1990. <\/li>\n<\/ul>\n<a href=\"https:\/\/integratek.es\/equipo-formadores-de-utae\/\" target=\"_blank\" class=\"button primary lowercase expand\" rel=\"noopener\" style=\"border-radius:99px;\">\n\t\t<span>Descobreix m\u00e9s formadors d&#039;UTAE<\/span>\n\t<\/a>\n\n\n\n\t\t<\/div>\n\t\t\t\t\t<\/div>\n\n\t\n\n\t<div id=\"col-809850534\" class=\"col medium-6 small-12 large-6\"  >\n\t\t\t\t<div class=\"col-inner\"  >\n\t\t\t\n\t\t\t\n\n    <div class=\"box has-hover has-hover box-none box-text-bottom\" >\n\n                  <div class=\"box-image \" style=\"width:65%;\">\n           <div class=\"box-image-inner image-cover\" style=\"border-radius:100%;padding-top:100%;\">\n              <img loading=\"lazy\" decoding=\"async\" width=\"346\" height=\"346\" src=\"https:\/\/integratek.es\/wp-content\/uploads\/2018\/11\/guitet-julia-montse-hospital-sant-joan-de-barcelona.jpg\" class=\"attachment- size-\" alt=\"\" srcset=\"https:\/\/integratek.es\/wp-content\/uploads\/2018\/11\/guitet-julia-montse-hospital-sant-joan-de-barcelona.jpg 346w, https:\/\/integratek.es\/wp-content\/uploads\/2018\/11\/guitet-julia-montse-hospital-sant-joan-de-barcelona-100x100.jpg 100w, https:\/\/integratek.es\/wp-content\/uploads\/2018\/11\/guitet-julia-montse-hospital-sant-joan-de-barcelona-280x280.jpg 280w\" sizes=\"auto, (max-width: 346px) 100vw, 346px\" \/>                         <\/div>\n          <\/div>\n         \n          <div class=\"box-text text-center\" >\n                <div class=\"box-text-inner\">\n                  <h4 class=\"uppercase\">\n                    <span class=\"person-name\">Ola Nordmann<\/span><br\/>\n                    <span class=\"person-title is-small thin-font op-7\">\n                      Customer Support                    <\/span>\n                  <\/h4>\n\t\t\t\t\t\n\n<p> Lorem ipsum.. <\/p>\n\n                <\/div>\n          <\/div>\n    <\/div>\n\n\t\n    \n\n\t\t<\/div>\n\t\t\t\t\t<\/div>\n\n\t\n\n<\/div>\n\n","protected":false},"excerpt":{"rendered":"","protected":false},"author":1,"featured_media":0,"parent":0,"menu_order":0,"comment_status":"closed","ping_status":"closed","template":"","meta":{"_acf_changed":false,"productId":0,"footnotes":""},"class_list":["post-203355","page","type-page","status-publish","hentry"],"acf":[],"_links":{"self":[{"href":"https:\/\/integratek.es\/ca\/wp-json\/wp\/v2\/pages\/203355","targetHints":{"allow":["GET"]}}],"collection":[{"href":"https:\/\/integratek.es\/ca\/wp-json\/wp\/v2\/pages"}],"about":[{"href":"https:\/\/integratek.es\/ca\/wp-json\/wp\/v2\/types\/page"}],"author":[{"embeddable":true,"href":"https:\/\/integratek.es\/ca\/wp-json\/wp\/v2\/users\/1"}],"replies":[{"embeddable":true,"href":"https:\/\/integratek.es\/ca\/wp-json\/wp\/v2\/comments?post=203355"}],"version-history":[{"count":5,"href":"https:\/\/integratek.es\/ca\/wp-json\/wp\/v2\/pages\/203355\/revisions"}],"predecessor-version":[{"id":207116,"href":"https:\/\/integratek.es\/ca\/wp-json\/wp\/v2\/pages\/203355\/revisions\/207116"}],"wp:attachment":[{"href":"https:\/\/integratek.es\/ca\/wp-json\/wp\/v2\/media?parent=203355"}],"curies":[{"name":"wp","href":"https:\/\/api.w.org\/{rel}","templated":true}]}}