{"id":203327,"date":"2018-05-17T13:38:30","date_gmt":"2018-05-17T11:38:30","guid":{"rendered":"https:\/\/integratek.es\/curriculum-marta-valls-2\/"},"modified":"2025-08-25T11:13:47","modified_gmt":"2025-08-25T09:13:47","slug":"curriculum-marta-valls","status":"publish","type":"page","link":"https:\/\/integratek.es\/ca\/curriculum-marta-valls\/","title":{"rendered":"Marta Valls | Equip de formadors d&#8217;UTAE"},"content":{"rendered":"\n\t<div id=\"gap-10220742\" class=\"gap-element clearfix\" style=\"display:block; height:auto;\">\n\t\t\n<style>\n#gap-10220742 {\n  padding-top: 50px;\n}\n<\/style>\n\t<\/div>\n\t\n\n<div class=\"row\"  id=\"row-1973525793\">\n\n\n\t<div id=\"col-1248222239\" class=\"col medium-6 small-12 large-6\"  >\n\t\t\t\t<div class=\"col-inner\"  >\n\t\t\t\n\t\t\t\n\n<h1><span style=\"font-size: 160%;\">MARTA <span style=\"color: #ff8300;\">VALLS<\/span><\/span><\/h1>\n<p>Diplomada a Logop\u00e8dia i Mestra d&#8217;Educaci\u00f3 Especial.<br> Logopeda a la Unitat de Trastorns de l\u00b4Aprenentatge Escolar (UTAE).  <\/p>\n<p>Diplomada en Logop\u00e8dia i en Magisteri d&#8217;Educaci\u00f3 Especial per la Universitat Ramon Llull. M\u00e0ster en Neurologop\u00e8dia per la Universitat Aut\u00f2noma de Barcelona. les dificultats en el desenvolupament i l&#8217;adquisici\u00f3 del llenguatge oral, i l&#8217;abordatge de les habilitats socials, llenguatge i comunicaci\u00f3 dels nens amb TEA.    <\/p>\n<a href=\"https:\/\/integratek.es\/ca\/equip-formadors-de-utae\/\" target=\"_blank\" class=\"button primary lowercase expand\" rel=\"noopener\" style=\"border-radius:99px;\">\n\t\t<span>Descobreix m\u00e9s formadors d&#039;UTAE<\/span>\n\t<\/a>\n\n\n\n\t\t<\/div>\n\t\t\t\t\t<\/div>\n\n\t\n\n\t<div id=\"col-1191447510\" class=\"col medium-6 small-12 large-6\"  >\n\t\t\t\t<div class=\"col-inner\"  >\n\t\t\t\n\t\t\t\n\n    <div class=\"box has-hover has-hover box-none box-text-bottom\" >\n\n                  <div class=\"box-image \" style=\"width:80%;\">\n           <div class=\"box-image-inner image-cover\" style=\"border-radius:100%;padding-top:100%;\">\n              <img loading=\"lazy\" decoding=\"async\" width=\"382\" height=\"437\" src=\"https:\/\/integratek.es\/wp-content\/uploads\/2018\/07\/M-Valls-UTAE.jpg\" class=\"attachment- size-\" alt=\"\" srcset=\"https:\/\/integratek.es\/wp-content\/uploads\/2018\/07\/M-Valls-UTAE.jpg 382w, https:\/\/integratek.es\/wp-content\/uploads\/2018\/07\/M-Valls-UTAE-350x400.jpg 350w\" sizes=\"auto, (max-width: 382px) 100vw, 382px\" \/>                         <\/div>\n          <\/div>\n         \n          <div class=\"box-text text-center\" >\n                <div class=\"box-text-inner\">\n                  <h4 class=\"uppercase\">\n                    <span class=\"person-name\">Ola Nordmann<\/span><br\/>\n                    <span class=\"person-title is-small thin-font op-7\">\n                      Customer Support                    <\/span>\n                  <\/h4>\n\t\t\t\t\t\n\n<p> Lorem ipsum.. <\/p>\n\n                <\/div>\n          <\/div>\n    <\/div>\n\n\t\n    \n\n\t\t<\/div>\n\t\t\t\t\t<\/div>\n\n\t\n\n<\/div>\n\n","protected":false},"excerpt":{"rendered":"","protected":false},"author":1,"featured_media":0,"parent":0,"menu_order":0,"comment_status":"closed","ping_status":"closed","template":"","meta":{"_acf_changed":false,"productId":0,"footnotes":""},"class_list":["post-203327","page","type-page","status-publish","hentry"],"acf":[],"_links":{"self":[{"href":"https:\/\/integratek.es\/ca\/wp-json\/wp\/v2\/pages\/203327","targetHints":{"allow":["GET"]}}],"collection":[{"href":"https:\/\/integratek.es\/ca\/wp-json\/wp\/v2\/pages"}],"about":[{"href":"https:\/\/integratek.es\/ca\/wp-json\/wp\/v2\/types\/page"}],"author":[{"embeddable":true,"href":"https:\/\/integratek.es\/ca\/wp-json\/wp\/v2\/users\/1"}],"replies":[{"embeddable":true,"href":"https:\/\/integratek.es\/ca\/wp-json\/wp\/v2\/comments?post=203327"}],"version-history":[{"count":5,"href":"https:\/\/integratek.es\/ca\/wp-json\/wp\/v2\/pages\/203327\/revisions"}],"predecessor-version":[{"id":207142,"href":"https:\/\/integratek.es\/ca\/wp-json\/wp\/v2\/pages\/203327\/revisions\/207142"}],"wp:attachment":[{"href":"https:\/\/integratek.es\/ca\/wp-json\/wp\/v2\/media?parent=203327"}],"curies":[{"name":"wp","href":"https:\/\/api.w.org\/{rel}","templated":true}]}}