{"id":203323,"date":"2018-02-16T12:19:04","date_gmt":"2018-02-16T11:19:04","guid":{"rendered":"https:\/\/integratek.es\/?page_id=203323"},"modified":"2025-08-29T14:41:11","modified_gmt":"2025-08-29T12:41:11","slug":"curriculum-mar-romera","status":"publish","type":"page","link":"https:\/\/integratek.es\/ca\/curriculum-mar-romera\/","title":{"rendered":"Mar Romera | Equip de formadors d&#8217;Integratek"},"content":{"rendered":"\n<div class=\"row\"  id=\"row-133563296\">\n\n\n\t<div id=\"col-747693607\" class=\"col small-12 large-12\"  >\n\t\t\t\t<div class=\"col-inner\"  >\n\t\t\t\n\t\t\t\n\n\t<div id=\"gap-726001091\" class=\"gap-element clearfix\" style=\"display:block; height:auto;\">\n\t\t\n<style>\n#gap-726001091 {\n  padding-top: 30px;\n}\n<\/style>\n\t<\/div>\n\t\n\n<h1><span style=\"font-size: 160%;\">MAR <span style=\"color: #ff8300;\">ROMERA<\/span><\/span><\/h1>\n\n\t\t<\/div>\n\t\t\t\t\t<\/div>\n\n\t\n\n<\/div>\n<div class=\"row\"  id=\"row-1028084613\">\n\n\n\t<div id=\"col-2011196980\" class=\"col medium-6 small-12 large-6\"  >\n\t\t\t\t<div class=\"col-inner\"  >\n\t\t\t\n\t\t\t\n\n<p>Mar Romera es maestra, licenciada en pedagog\u00eda y en psicopedagog\u00eda. Especialista en Intel\u00b7lig\u00e8ncia emocional i autora de diversos llibres dedicats a l&#8217;escola, la inf\u00e0ncia i la did\u00e0ctica activa.<\/p>\n<ul>\n<li>Presidenta de l&#8217;Associaci\u00f3 Pedag\u00f2gica Francesco Tonucci ( <a href=\"https:\/\/web.apfrato.com\/\" target=\"_blank\" rel=\"noopener\">APPFRATO<\/a> ).<\/li>\n<li>Actualment assessora pedag\u00f2gica en la implementaci\u00f3 de programes d&#8217;innovaci\u00f3 a diferents centres del nostre pa\u00eds.<\/li>\n<li>Autora i coordinadora del model pedag\u00f2gic \u201c <a href=\"https:\/\/integratek.es\/ca\/?post_type=product&#038;p=204891\" target=\"_blank\" rel=\"noopener\">Educar amb tres Cs: capacitats, compet\u00e8ncies i cor<\/a> \u201d.<\/li>\n<li>Col\u00b7laboradora en formaci\u00f3 permanent del professorat a les diferents comunitats aut\u00f2nomes del nostre pa\u00eds en col\u00b7laboraci\u00f3 amb les diferents Conselleries d&#8217;educaci\u00f3.<\/li>\n<\/ul>\n\n\t\t<\/div>\n\t\t\t\t\t<\/div>\n\n\t\n\n\t<div id=\"col-1594124121\" class=\"col medium-6 small-12 large-6\"  >\n\t\t\t\t<div class=\"col-inner\"  >\n\t\t\t\n\t\t\t\n\n    <div class=\"box has-hover has-hover box-none box-text-bottom\" >\n\n                  <div class=\"box-image \" style=\"width:65%;\">\n           <div class=\"box-image-inner image-cover\" style=\"border-radius:100%;padding-top:100%;\">\n              <img loading=\"lazy\" decoding=\"async\" width=\"597\" height=\"573\" src=\"https:\/\/integratek.es\/wp-content\/uploads\/2018\/10\/Mar-Romera-foto.jpg\" class=\"attachment- size-\" alt=\"\" srcset=\"https:\/\/integratek.es\/wp-content\/uploads\/2018\/10\/Mar-Romera-foto.jpg 597w, https:\/\/integratek.es\/wp-content\/uploads\/2018\/10\/Mar-Romera-foto-510x489.jpg 510w, https:\/\/integratek.es\/wp-content\/uploads\/2018\/10\/Mar-Romera-foto-417x400.jpg 417w\" sizes=\"auto, (max-width: 597px) 100vw, 597px\" \/>                         <\/div>\n          <\/div>\n         \n          <div class=\"box-text text-center\" >\n                <div class=\"box-text-inner\">\n                  <h4 class=\"uppercase\">\n                    <span class=\"person-name\">Ola Nordmann<\/span><br\/>\n                    <span class=\"person-title is-small thin-font op-7\">\n                                          <\/span>\n                  <\/h4>\n\t\t\t\t\t\n\n<p>Lorem ipsum..<\/p>\n\n                <\/div>\n          <\/div>\n    <\/div>\n\n\t\n    \n\n\t\t<\/div>\n\t\t\t\t\t<\/div>\n\n\t\n\n<\/div>\n<div class=\"text-center\"><div class=\"is-divider divider clearfix\" style=\"max-width:1050px;background-color:rgb(241, 241, 241);\"><\/div><\/div>\n\n<div class=\"row\"  id=\"row-233106822\">\n\n\n\t<div id=\"col-563912625\" class=\"col small-12 large-12\"  >\n\t\t\t\t<div class=\"col-inner\"  >\n\t\t\t\n\t\t\t\n\n<p><span style=\"font-size: 160%;\"><strong>Formacions amb Mar Romera<\/strong><\/span><\/p>\n<div class=\"row\"  id=\"row-335154231\">\n\n\n\t<div id=\"col-51951820\" class=\"col small-12 large-12\"  >\n\t\t\t\t<div class=\"col-inner\"  >\n\t\t\t\n\t\t\t\n\n<ul class=\"ux-products-list product_list_widget\">\n\t\t\t\t\t<li>\n\t<a href=\"https:\/\/integratek.es\/ca\/botiga\/cursos-online-ca\/educacio-i-escola\/educacio-emocional-i-emocionant\/\" title=\"Educaci\u00f3 Emocional i Emocionant\">\n\t\t<img loading=\"lazy\" decoding=\"async\" width=\"100\" height=\"100\" src=\"https:\/\/integratek.es\/wp-content\/uploads\/2021\/01\/BANNERS-CURSOS_Educ-emo-100x100.jpg\" class=\"attachment-woocommerce_gallery_thumbnail size-woocommerce_gallery_thumbnail\" alt=\"Educaci\u00f3 Emocional i Emocionant\" srcset=\"https:\/\/integratek.es\/wp-content\/uploads\/2021\/01\/BANNERS-CURSOS_Educ-emo-100x100.jpg 100w, https:\/\/integratek.es\/wp-content\/uploads\/2021\/01\/BANNERS-CURSOS_Educ-emo-280x280.jpg 280w\" sizes=\"auto, (max-width: 100px) 100vw, 100px\" \/>\t\t<span class=\"product-title\">Educaci\u00f3 Emocional i Emocionant<\/span>\n\t<\/a>\n\t<div class=\"star-rating\" role=\"img\" aria-label=\"Puntuat amb 4.63 de 5\"><span style=\"width:92.6%\">Valorat <strong class=\"rating\">4.63<\/strong> sobre 5 en funci\u00f3 de <span class=\"rating\">490<\/span> valoracions de clients<\/span><\/div>\t<span class=\"wcpbc-price wcpbc-price-204377\" data-product-id=\"204377\"><del aria-hidden=\"true\"><span class=\"woocommerce-Price-amount amount\"><bdi>245,00<span class=\"woocommerce-Price-currencySymbol\">&euro;<\/span><\/bdi><\/span><\/del> <span class=\"screen-reader-text\">El preu original era: 245,00&euro;.<\/span><ins aria-hidden=\"true\"><span class=\"woocommerce-Price-amount amount\"><bdi>129,00<span class=\"woocommerce-Price-currencySymbol\">&euro;<\/span><\/bdi><\/span><\/ins><span class=\"screen-reader-text\">El preu actual \u00e9s: 129,00&euro;.<\/span><\/span><\/li>\n\t\t\n\t\t<\/ul>\n\n\n\t\t<\/div>\n\t\t\t\t\t<\/div>\n\n\t\n\n<\/div>\n<div class=\"row\"  id=\"row-832326370\">\n\n\n\t<div id=\"col-365986606\" class=\"col medium-3 small-12 large-3\"  >\n\t\t\t\t<div class=\"col-inner\"  >\n\t\t\t\n\t\t\t\n\n\n\t\t<\/div>\n\t\t\t\t\t<\/div>\n\n\t\n\n\t<div id=\"col-638292061\" class=\"col medium-6 small-12 large-6\"  >\n\t\t\t\t<div class=\"col-inner\"  >\n\t\t\t\n\t\t\t\n\n<a href=\"https:\/\/integratek.es\/ca\/cursos-online-homologats\/\" target=\"_blank\" class=\"button primary is-large lowercase expand\" rel=\"noopener\" style=\"border-radius:99px;\">\n\t\t<span>TOTES LES FORMACIONS<\/span>\n\t<\/a>\n\n\n\n\t\t<\/div>\n\t\t\t\t\t<\/div>\n\n\t\n\n\t<div id=\"col-1042611999\" class=\"col medium-3 small-12 large-3\"  >\n\t\t\t\t<div class=\"col-inner\"  >\n\t\t\t\n\t\t\t\n\n\n\t\t<\/div>\n\t\t\t\t\t<\/div>\n\n\t\n\n<\/div>\n<div class=\"is-divider divider clearfix\" style=\"max-width:1050px;background-color:rgb(241, 241, 241);\"><\/div>\n\n\n\t\t<\/div>\n\t\t\t\t\t<\/div>\n\n\t\n\n<\/div>\n<div class=\"row\"  id=\"row-105071909\">\n\n\n\t<div id=\"col-2042982879\" class=\"col small-12 large-12\"  >\n\t\t\t\t<div class=\"col-inner\"  >\n\t\t\t\n\t\t\t\n\n\t<div id=\"text-3865613667\" class=\"text\">\n\t\t\n\n<p><span style=\"font-size: 160%;\"><strong>Gravaci\u00f3 de Mar Romera<\/strong><\/span><\/p>\n\t\t\n<style>\n#text-3865613667 {\n  text-align: left;\n}\n<\/style>\n\t<\/div>\n\t\n\n\t\t<\/div>\n\t\t\t\t\t<\/div>\n\n\t\n\n<\/div>\n<div class=\"row\"  id=\"row-1146692979\">\n\n\n\t<div id=\"col-550876488\" class=\"col medium-6 small-12 large-6\"  >\n\t\t\t\t<div class=\"col-inner text-center\"  >\n\t\t\t\n\t\t\t\n\n<h6 style=\"text-align: center;\"><span style=\"font-size: 100%;\">Curs sobre Intel\u00b7lig\u00e8ncia Emocional<\/span><\/h6>\n<div class=\"video video-fit mb\" style=\"padding-top:56.25%;\"><iframe loading=\"lazy\" src=\"https:\/\/player.vimeo.com\/video\/150243081?dnt=1&amp;app_id=122963\" width=\"1020\" height=\"574\" frameborder=\"0\" allow=\"autoplay; fullscreen; picture-in-picture; clipboard-write; encrypted-media; web-share\" referrerpolicy=\"strict-origin-when-cross-origin\"><\/iframe><\/div>\n\n\n\t\t<\/div>\n\t\t\t\t\n<style>\n#col-550876488 > .col-inner {\n  padding: 0px 0px 0px 0px;\n  margin: 0px 0px 0px 0px;\n}\n<\/style>\n\t<\/div>\n\n\t\n\n<\/div>\n<div class=\"is-divider divider clearfix\" style=\"max-width:1050px;background-color:rgb(241, 241, 241);\"><\/div>\n\n\t<div id=\"gap-582355352\" class=\"gap-element clearfix\" style=\"display:block; height:auto;\">\n\t\t\n<style>\n#gap-582355352 {\n  padding-top: 30px;\n}\n<\/style>\n\t<\/div>\n\t\n\n<div class=\"row\"  id=\"row-177155851\">\n\n\n\t<div id=\"col-94490527\" class=\"col medium-3 small-12 large-3\"  >\n\t\t\t\t<div class=\"col-inner\"  >\n\t\t\t\n\t\t\t\n\n\n\t\t<\/div>\n\t\t\t\t\t<\/div>\n\n\t\n\n\t<div id=\"col-923717607\" class=\"col medium-6 small-12 large-6\"  >\n\t\t\t\t<div class=\"col-inner\"  >\n\t\t\t\n\t\t\t\n\n<a href=\"https:\/\/integratek.es\/ca\/equip-formadors-integratek\/\" target=\"_blank\" class=\"button primary is-large lowercase expand\" rel=\"noopener\" style=\"border-radius:99px;\">\n\t\t<span>DESCOBREIX M\u00c9S FORMADORS<\/span>\n\t<\/a>\n\n\n\n\t\t<\/div>\n\t\t\t\t\t<\/div>\n\n\t\n\n\t<div id=\"col-967196930\" class=\"col medium-3 small-12 large-3\"  >\n\t\t\t\t<div class=\"col-inner\"  >\n\t\t\t\n\t\t\t\n\n\n\t\t<\/div>\n\t\t\t\t\t<\/div>\n\n\t\n\n<\/div>\n\n","protected":false},"excerpt":{"rendered":"","protected":false},"author":119844,"featured_media":0,"parent":0,"menu_order":0,"comment_status":"closed","ping_status":"closed","template":"","meta":{"_acf_changed":false,"productId":0,"footnotes":""},"class_list":["post-203323","page","type-page","status-publish","hentry"],"acf":[],"_links":{"self":[{"href":"https:\/\/integratek.es\/ca\/wp-json\/wp\/v2\/pages\/203323","targetHints":{"allow":["GET"]}}],"collection":[{"href":"https:\/\/integratek.es\/ca\/wp-json\/wp\/v2\/pages"}],"about":[{"href":"https:\/\/integratek.es\/ca\/wp-json\/wp\/v2\/types\/page"}],"author":[{"embeddable":true,"href":"https:\/\/integratek.es\/ca\/wp-json\/wp\/v2\/users\/119844"}],"replies":[{"embeddable":true,"href":"https:\/\/integratek.es\/ca\/wp-json\/wp\/v2\/comments?post=203323"}],"version-history":[{"count":5,"href":"https:\/\/integratek.es\/ca\/wp-json\/wp\/v2\/pages\/203323\/revisions"}],"predecessor-version":[{"id":207372,"href":"https:\/\/integratek.es\/ca\/wp-json\/wp\/v2\/pages\/203323\/revisions\/207372"}],"wp:attachment":[{"href":"https:\/\/integratek.es\/ca\/wp-json\/wp\/v2\/media?parent=203323"}],"curies":[{"name":"wp","href":"https:\/\/api.w.org\/{rel}","templated":true}]}}