{"id":203320,"date":"2018-05-23T12:38:40","date_gmt":"2018-05-23T10:38:40","guid":{"rendered":"https:\/\/integratek.es\/curriculum-maria-garau-2\/"},"modified":"2025-08-25T11:13:46","modified_gmt":"2025-08-25T09:13:46","slug":"curriculum-maria-garau","status":"publish","type":"page","link":"https:\/\/integratek.es\/ca\/curriculum-maria-garau\/","title":{"rendered":"Maria Garau | Equip de formadors d&#8217;UTAE"},"content":{"rendered":"\n\t<div id=\"gap-341440702\" class=\"gap-element clearfix\" style=\"display:block; height:auto;\">\n\t\t\n<style>\n#gap-341440702 {\n  padding-top: 50px;\n}\n<\/style>\n\t<\/div>\n\t\n\n<div class=\"row\"  id=\"row-50917998\">\n\n\n\t<div id=\"col-1851780191\" class=\"col medium-6 small-12 large-6\"  >\n\t\t\t\t<div class=\"col-inner\"  >\n\t\t\t\n\t\t\t\n\n<h1><span style=\"font-size: 160%;\">MARIA <span style=\"color: #ff8300;\">GARAU<\/span><\/span><\/h1>\n<p>Llicenciada en Psicologia. Experta en Neuropsicologia Cl\u00ednica d&#8217;Adult i Infantil. Treballa al Servei Integral de Rehabilitaci\u00f3 Neurol\u00f2gica (SIRN) i a la Unitat de Trastorns de l&#8217;Aprenentatge Escolar (UTAE).  <\/p>\n<div class=\"wpb_text_column wpb_content_element vc_custom_1516366974312\">\n<div class=\"wpb_wrapper\">\n<div class=\"wpb_text_column-text-style\">\n<ul>\n<li>\n<p>Llicenciada en psicologia per la Universitat Aut\u00f2noma de Madrid.<\/p>\n<\/li>\n<li>\n<p>M\u00e0ster en Neuropsicologia Cl\u00ednica d\u00b4Adult i Infantil per la Universitat Aut\u00f2noma de Barcelona.<\/p>\n<\/li>\n<li>\n<p>M\u00e0ster en Rehabilitaci\u00f3 Neuropsicol\u00f2gica per l&#8217;Institut Guttmann.<\/p>\n<\/li>\n<li>\n<p>Experta en neuropspologia pel Copc.<\/p>\n<\/li>\n<li>\n<p>Treballa com a neuropisc\u00f2loga cl\u00ednica amb poblaci\u00f3 adulta al Servei Integral de Rehabilitaci\u00f3 Neurol\u00f2gica (SIRN) i amb<br> poblaci\u00f3 infantil a la Unitat de Trastorns de l&#8217;Aprenentatge Escolar (UTAE) de l&#8217;Hospital<br> Sant Joan de D\u00e9u. Combina la pr\u00e0ctica cl\u00ednica amb la investigaci\u00f3 a la Fundaci\u00f3 de l&#8217;Hospital Sant Joan de D\u00e9u. <\/p>\n<\/li>\n<li>\n<p>Docent a diversos m\u00e0sters d&#8217;entitats privades.<\/p>\n<\/li>\n<li>\n<p>Consultora a la Universitat Oberta de Catalunya.<\/p>\n<\/li>\n<\/ul>\n<\/div>\n<\/div>\n<\/div>\n<a href=\"https:\/\/integratek.es\/equipo-formadores-de-utae\" target=\"_blank\" class=\"button primary lowercase expand\" rel=\"noopener\" style=\"border-radius:99px;\">\n\t\t<span>Descobreix m\u00e9s formadors d&#039;UTAE<\/span>\n\t<\/a>\n\n\n\n\t\t<\/div>\n\t\t\t\t\t<\/div>\n\n\t\n\n\t<div id=\"col-149311488\" class=\"col medium-6 small-12 large-6\"  >\n\t\t\t\t<div class=\"col-inner\"  >\n\t\t\t\n\t\t\t\n\n    <div class=\"box has-hover has-hover box-none box-text-bottom\" >\n\n                  <div class=\"box-image \" style=\"width:80%;\">\n           <div class=\"box-image-inner image-cover\" style=\"border-radius:100%;padding-top:100%;\">\n              <img loading=\"lazy\" decoding=\"async\" width=\"345\" height=\"346\" src=\"https:\/\/integratek.es\/wp-content\/uploads\/2018\/07\/garau-rolandi-maria-hospital-sant-joan-deu-barcelona-utae.jpg\" class=\"attachment- size-\" alt=\"\" srcset=\"https:\/\/integratek.es\/wp-content\/uploads\/2018\/07\/garau-rolandi-maria-hospital-sant-joan-deu-barcelona-utae.jpg 345w, https:\/\/integratek.es\/wp-content\/uploads\/2018\/07\/garau-rolandi-maria-hospital-sant-joan-deu-barcelona-utae-100x100.jpg 100w, https:\/\/integratek.es\/wp-content\/uploads\/2018\/07\/garau-rolandi-maria-hospital-sant-joan-deu-barcelona-utae-280x280.jpg 280w\" sizes=\"auto, (max-width: 345px) 100vw, 345px\" \/>                         <\/div>\n          <\/div>\n         \n          <div class=\"box-text text-center\" >\n                <div class=\"box-text-inner\">\n                  <h4 class=\"uppercase\">\n                    <span class=\"person-name\">Ola Nordmann<\/span><br\/>\n                    <span class=\"person-title is-small thin-font op-7\">\n                      Customer Support                    <\/span>\n                  <\/h4>\n\t\t\t\t\t\n\n<p> Lorem ipsum.. <\/p>\n\n                <\/div>\n          <\/div>\n    <\/div>\n\n\t\n    \n\n\t\t<\/div>\n\t\t\t\t\t<\/div>\n\n\t\n\n<\/div>\n\n","protected":false},"excerpt":{"rendered":"","protected":false},"author":1,"featured_media":0,"parent":0,"menu_order":0,"comment_status":"closed","ping_status":"closed","template":"","meta":{"_acf_changed":false,"productId":0,"footnotes":""},"class_list":["post-203320","page","type-page","status-publish","hentry"],"acf":[],"_links":{"self":[{"href":"https:\/\/integratek.es\/ca\/wp-json\/wp\/v2\/pages\/203320","targetHints":{"allow":["GET"]}}],"collection":[{"href":"https:\/\/integratek.es\/ca\/wp-json\/wp\/v2\/pages"}],"about":[{"href":"https:\/\/integratek.es\/ca\/wp-json\/wp\/v2\/types\/page"}],"author":[{"embeddable":true,"href":"https:\/\/integratek.es\/ca\/wp-json\/wp\/v2\/users\/1"}],"replies":[{"embeddable":true,"href":"https:\/\/integratek.es\/ca\/wp-json\/wp\/v2\/comments?post=203320"}],"version-history":[{"count":5,"href":"https:\/\/integratek.es\/ca\/wp-json\/wp\/v2\/pages\/203320\/revisions"}],"predecessor-version":[{"id":207140,"href":"https:\/\/integratek.es\/ca\/wp-json\/wp\/v2\/pages\/203320\/revisions\/207140"}],"wp:attachment":[{"href":"https:\/\/integratek.es\/ca\/wp-json\/wp\/v2\/media?parent=203320"}],"curies":[{"name":"wp","href":"https:\/\/api.w.org\/{rel}","templated":true}]}}