{"id":203278,"date":"2018-09-13T13:20:45","date_gmt":"2018-09-13T11:20:45","guid":{"rendered":"https:\/\/integratek.es\/?page_id=203278"},"modified":"2025-08-29T14:51:27","modified_gmt":"2025-08-29T12:51:27","slug":"equip-formadors-integratek","status":"publish","type":"page","link":"https:\/\/integratek.es\/ca\/equip-formadors-integratek\/","title":{"rendered":"Equip de formadors d&#8217;Integratek"},"content":{"rendered":"\n<div class=\"row\"  id=\"row-2042375482\">\n\n\n\t<div id=\"col-1781762399\" class=\"col small-12 large-12\"  >\n\t\t\t\t<div class=\"col-inner\"  >\n\t\t\t\n\t\t\t\n\n<p style=\"text-align: center\"><span style=\"font-size: 120%\">Vols con\u00e8ixer els nostres ponents? Aquests s\u00f3n els experts que ens acompanyen a les nostres formacions. Descobreix-los!<\/span><\/p>\n\n\n\t\t<\/div>\n\t\t\t\t\t<\/div>\n\n\t\n\n<\/div>\n<div class=\"row\"  id=\"row-732449454\">\n\n\n\t<div id=\"col-356437697\" class=\"col medium-4 small-12 large-4\"  >\n\t\t\t\t<div class=\"col-inner\"  >\n\t\t\t\n\t\t\t\n\n    <div class=\"box has-hover has-hover box-text-bottom\" >\n\n                  <div class=\"box-image \" style=\"width:60%;\">\n           <div class=\"box-image-inner image-cover\" style=\"border-radius:100%;padding-top:100%;\">\n              <img loading=\"lazy\" decoding=\"async\" width=\"597\" height=\"573\" src=\"https:\/\/integratek.es\/wp-content\/uploads\/2018\/10\/Mar-Romera-foto.jpg\" class=\"attachment- size-\" alt=\"\" srcset=\"https:\/\/integratek.es\/wp-content\/uploads\/2018\/10\/Mar-Romera-foto.jpg 597w, https:\/\/integratek.es\/wp-content\/uploads\/2018\/10\/Mar-Romera-foto-510x489.jpg 510w, https:\/\/integratek.es\/wp-content\/uploads\/2018\/10\/Mar-Romera-foto-417x400.jpg 417w\" sizes=\"auto, (max-width: 597px) 100vw, 597px\" \/>                         <\/div>\n          <\/div>\n         \n          <div class=\"box-text text-center\" >\n                <div class=\"box-text-inner\">\n                  <h4 class=\"uppercase\">\n                    <span class=\"person-name\">MAR ROMERA<\/span><br\/>\n                    <span class=\"person-title is-small thin-font op-7\">\n                      MESTRA, PEDAGOGA I PSICOPEDAGOGA. ESPECIALISTA EN INTEL\u00b7LIG\u00c8NCIA EMOCIONAL                    <\/span>\n                  <\/h4>\n\t\t\t\t\t\n\n<a href=\"https:\/\/integratek.es\/ca\/curriculum-mar-romera\/\" target=\"_blank\" class=\"button primary\" rel=\"noopener\" style=\"border-radius:99px;\">\n\t\t<span>Coneix Mar<\/span>\n\t<\/a>\n\n\n\n                <\/div>\n          <\/div>\n    <\/div>\n\n\t\n    \n\n\t\t<\/div>\n\t\t\t\t\t<\/div>\n\n\t\n\n\t<div id=\"col-1098689457\" class=\"col medium-4 small-12 large-4\"  >\n\t\t\t\t<div class=\"col-inner\"  >\n\t\t\t\n\t\t\t\n\n    <div class=\"box has-hover has-hover box-text-bottom\" >\n\n                  <div class=\"box-image \" style=\"width:60%;\">\n           <div class=\"box-image-inner image-cover\" style=\"border-radius:100%;padding-top:100%;\">\n              <img loading=\"lazy\" decoding=\"async\" width=\"600\" height=\"600\" src=\"https:\/\/integratek.es\/wp-content\/uploads\/2018\/10\/Jose-Ramon-Gamo.jpg\" class=\"attachment- size-\" alt=\"\" srcset=\"https:\/\/integratek.es\/wp-content\/uploads\/2018\/10\/Jose-Ramon-Gamo.jpg 600w, https:\/\/integratek.es\/wp-content\/uploads\/2018\/10\/Jose-Ramon-Gamo-100x100.jpg 100w, https:\/\/integratek.es\/wp-content\/uploads\/2018\/10\/Jose-Ramon-Gamo-510x510.jpg 510w, https:\/\/integratek.es\/wp-content\/uploads\/2018\/10\/Jose-Ramon-Gamo-280x280.jpg 280w, https:\/\/integratek.es\/wp-content\/uploads\/2018\/10\/Jose-Ramon-Gamo-400x400.jpg 400w\" sizes=\"auto, (max-width: 600px) 100vw, 600px\" \/>                         <\/div>\n          <\/div>\n         \n          <div class=\"box-text text-center\" >\n                <div class=\"box-text-inner\">\n                  <h4 class=\"uppercase\">\n                    <span class=\"person-name\">Jos\u00e9 Ram\u00f3n Gamo<\/span><br\/>\n                    <span class=\"person-title is-small thin-font op-7\">\n                      NEUROPSIC\u00d3LOGO INFANTIL. ESPECIALISTA EN AUDICI\u00d3N Y LENGUAJE                    <\/span>\n                  <\/h4>\n\t\t\t\t\t\n\n<a href=\"https:\/\/integratek.es\/ca\/curriculum-jose-ramon-gamo\/\" target=\"_blank\" class=\"button primary\" rel=\"noopener\" style=\"border-radius:99px;\">\n\t\t<span>Coneix JOS\u00c9 RAM\u00d3N<\/span>\n\t<\/a>\n\n\n\n                <\/div>\n          <\/div>\n    <\/div>\n\n\t\n    \n\n\t\t<\/div>\n\t\t\t\t\t<\/div>\n\n\t\n\n\t<div id=\"col-518471838\" class=\"col medium-4 small-12 large-4\"  >\n\t\t\t\t<div class=\"col-inner\"  >\n\t\t\t\n\t\t\t\n\n    <div class=\"box has-hover has-hover box-text-bottom\" >\n\n                  <div class=\"box-image \" style=\"width:60%;\">\n           <div class=\"box-image-inner image-cover\" style=\"border-radius:100%;padding-top:100%;\">\n              <img loading=\"lazy\" decoding=\"async\" width=\"324\" height=\"310\" src=\"https:\/\/integratek.es\/wp-content\/uploads\/2018\/11\/Rafael-Bisquerra-1.jpg\" class=\"attachment- size-\" alt=\"\" \/>                         <\/div>\n          <\/div>\n         \n          <div class=\"box-text text-center\" >\n                <div class=\"box-text-inner\">\n                  <h4 class=\"uppercase\">\n                    <span class=\"person-name\">Rafael Bisquerra<\/span><br\/>\n                    <span class=\"person-title is-small thin-font op-7\">\n                      Doctor en ci\u00e8ncies de leducaci\u00f3. especialista en intel\u00b7lig\u00e8ncia emocional                    <\/span>\n                  <\/h4>\n\t\t\t\t\t\n\n<a href=\"https:\/\/integratek.es\/ca\/curriculum-rafael-bisquerra\/\" target=\"_blank\" class=\"button primary\" rel=\"noopener\" style=\"border-radius:99px;\">\n\t\t<span>Coneix Rafael<\/span>\n\t<\/a>\n\n\n\n                <\/div>\n          <\/div>\n    <\/div>\n\n\t\n    \n\n\t\t<\/div>\n\t\t\t\t\t<\/div>\n\n\t\n\n<\/div>\n<div class=\"row\"  id=\"row-474298103\">\n\n\n\t<div id=\"col-589198976\" class=\"col medium-4 small-12 large-4\"  >\n\t\t\t\t<div class=\"col-inner\"  >\n\t\t\t\n\t\t\t\n\n    <div class=\"box has-hover has-hover box-text-bottom\" >\n\n                  <div class=\"box-image \" style=\"width:60%;\">\n           <div class=\"box-image-inner image-cover\" style=\"border-radius:100%;padding-top:100%;\">\n              <img loading=\"lazy\" decoding=\"async\" width=\"745\" height=\"663\" src=\"https:\/\/integratek.es\/wp-content\/uploads\/2018\/11\/Jesu\u0301s-2.jpg\" class=\"attachment- size-\" alt=\"\" srcset=\"https:\/\/integratek.es\/wp-content\/uploads\/2018\/11\/Jesu\u0301s-2.jpg 745w, https:\/\/integratek.es\/wp-content\/uploads\/2018\/11\/Jesu\u0301s-2-510x454.jpg 510w, https:\/\/integratek.es\/wp-content\/uploads\/2018\/11\/Jesu\u0301s-2-449x400.jpg 449w\" sizes=\"auto, (max-width: 745px) 100vw, 745px\" \/>                         <\/div>\n          <\/div>\n         \n          <div class=\"box-text text-center\" >\n                <div class=\"box-text-inner\">\n                  <h4 class=\"uppercase\">\n                    <span class=\"person-name\">JES\u00daS C. GUILL\u00c9N<\/span><br\/>\n                    <span class=\"person-title is-small thin-font op-7\">\n                      PROFESSOR. EXPERT EN NEUROCI\u00c8NCIA APLICADA A L'EDUCACI\u00d3                    <\/span>\n                  <\/h4>\n\t\t\t\t\t\n\n<a href=\"https:\/\/integratek.es\/ca\/curriculum-jesus-c-guillen\/\" target=\"_blank\" class=\"button primary\" rel=\"noopener\" style=\"border-radius:99px;\">\n\t\t<span>Coneix Jes\u00fas Guill\u00e9n<\/span>\n\t<\/a>\n\n\n\n                <\/div>\n          <\/div>\n    <\/div>\n\n\t\n    \n\n\t\t<\/div>\n\t\t\t\t\t<\/div>\n\n\t\n\n\t<div id=\"col-1357730398\" class=\"col medium-4 small-12 large-4\"  >\n\t\t\t\t<div class=\"col-inner\"  >\n\t\t\t\n\t\t\t\n\n    <div class=\"box has-hover has-hover box-text-bottom\" >\n\n                  <div class=\"box-image \" style=\"width:60%;\">\n           <div class=\"box-image-inner image-cover\" style=\"border-radius:100%;padding-top:100%;\">\n              <img loading=\"lazy\" decoding=\"async\" width=\"422\" height=\"322\" src=\"https:\/\/integratek.es\/wp-content\/uploads\/2018\/09\/JA-Equipo.jpg\" class=\"attachment- size-\" alt=\"\" \/>                         <\/div>\n          <\/div>\n         \n          <div class=\"box-text text-center\" >\n                <div class=\"box-text-inner\">\n                  <h4 class=\"uppercase\">\n                    <span class=\"person-name\">JOS\u00c9 ANTONIO FERN\u00c1NDEZ BRAVO<\/span><br\/>\n                    <span class=\"person-title is-small thin-font op-7\">\n                      DOCTOR. MESTRE. EXPERT A L'EDUCACI\u00d3 DE LES MATEM\u00c0TIQUES                    <\/span>\n                  <\/h4>\n\t\t\t\t\t\n\n<a href=\"https:\/\/integratek.es\/ca\/curriculum-jose-antonio-fernandez-bravo\/\" target=\"_blank\" class=\"button primary\" rel=\"noopener\" style=\"border-radius:99px;\">\n\t\t<span>Coneix Jos\u00e9 Antonio<\/span>\n\t<\/a>\n\n\n\n                <\/div>\n          <\/div>\n    <\/div>\n\n\t\n    \n\n\t\t<\/div>\n\t\t\t\t\t<\/div>\n\n\t\n\n\t<div id=\"col-1057681962\" class=\"col medium-4 small-12 large-4\"  >\n\t\t\t\t<div class=\"col-inner\"  >\n\t\t\t\n\t\t\t\n\n    <div class=\"box has-hover has-hover box-text-bottom\" >\n\n                  <div class=\"box-image \" style=\"width:60%;\">\n           <div class=\"box-image-inner image-cover\" style=\"border-radius:100%;padding-top:100%;\">\n              <img loading=\"lazy\" decoding=\"async\" width=\"422\" height=\"322\" src=\"https:\/\/integratek.es\/wp-content\/uploads\/2018\/09\/Helena-Equipo.jpg\" class=\"attachment- size-\" alt=\"\" \/>                         <\/div>\n          <\/div>\n         \n          <div class=\"box-text text-center\" >\n                <div class=\"box-text-inner\">\n                  <h4 class=\"uppercase\">\n                    <span class=\"person-name\">Helena ALVARADO<\/span><br\/>\n                    <span class=\"person-title is-small thin-font op-7\">\n                      PSIC\u00d2LOGA. PEDAGOGA TERAPEUTA. LOGOPEDA HABILITADA                    <\/span>\n                  <\/h4>\n\t\t\t\t\t\n\n<a href=\"https:\/\/integratek.es\/ca\/curriculum-helena-alvarado\/\" target=\"_blank\" class=\"button primary\" rel=\"noopener\" style=\"border-radius:99px;\">\n\t\t<span>Coneix Helena<\/span>\n\t<\/a>\n\n\n\n                <\/div>\n          <\/div>\n    <\/div>\n\n\t\n    \n\n\t\t<\/div>\n\t\t\t\t\t<\/div>\n\n\t\n\n<\/div>\n<div class=\"row\"  id=\"row-2074526304\">\n\n\n\t<div id=\"col-1067368752\" class=\"col medium-4 small-12 large-4\"  >\n\t\t\t\t<div class=\"col-inner\"  >\n\t\t\t\n\t\t\t\n\n    <div class=\"box has-hover has-hover box-text-bottom\" >\n\n                  <div class=\"box-image \" style=\"width:60%;\">\n           <div class=\"box-image-inner image-cover\" style=\"border-radius:100%;padding-top:100%;\">\n              <img loading=\"lazy\" decoding=\"async\" width=\"422\" height=\"322\" src=\"https:\/\/integratek.es\/wp-content\/uploads\/2018\/09\/Mauro-Equipo.jpg\" class=\"attachment- size-\" alt=\"\" \/>                         <\/div>\n          <\/div>\n         \n          <div class=\"box-text text-center\" >\n                <div class=\"box-text-inner\">\n                  <h4 class=\"uppercase\">\n                    <span class=\"person-name\">MAURO B\u00d3LMIDA<\/span><br\/>\n                    <span class=\"person-title is-small thin-font op-7\">\n                      MESTRE. EXPERT EN PSICOLOGIA EDUCATIVA                    <\/span>\n                  <\/h4>\n\t\t\t\t\t\n\n<a href=\"https:\/\/integratek.es\/ca\/curriculum-mauro-bolmida\/\" target=\"_blank\" class=\"button primary\" rel=\"noopener\" style=\"border-radius:99px;\">\n\t\t<span>Coneix Mauro<\/span>\n\t<\/a>\n\n\n\n                <\/div>\n          <\/div>\n    <\/div>\n\n\t\n    \n\n\t\t<\/div>\n\t\t\t\t\t<\/div>\n\n\t\n\n\t<div id=\"col-1167778696\" class=\"col medium-4 small-12 large-4\"  >\n\t\t\t\t<div class=\"col-inner\"  >\n\t\t\t\n\t\t\t\n\n    <div class=\"box has-hover has-hover box-text-bottom\" >\n\n                  <div class=\"box-image \" style=\"width:60%;\">\n           <div class=\"box-image-inner image-cover\" style=\"border-radius:100%;padding-top:100%;\">\n              <img loading=\"lazy\" decoding=\"async\" width=\"301\" height=\"284\" src=\"https:\/\/integratek.es\/wp-content\/uploads\/2018\/10\/Rosabel-Rodriguez-Integratek.jpg\" class=\"attachment- size-\" alt=\"Rosabel-Rodriguez-Integratek\" \/>                         <\/div>\n          <\/div>\n         \n          <div class=\"box-text text-center\" >\n                <div class=\"box-text-inner\">\n                  <h4 class=\"uppercase\">\n                    <span class=\"person-name\">Rosabel rodr\u00edguez<\/span><br\/>\n                    <span class=\"person-title is-small thin-font op-7\">\n                      Doctora en psicopedagogia i logopeda                    <\/span>\n                  <\/h4>\n\t\t\t\t\t\n\n<a href=\"https:\/\/integratek.es\/ca\/curriculum-rosabel-rodriguez\/\" target=\"_blank\" class=\"button primary\" rel=\"noopener\" style=\"border-radius:99px;\">\n\t\t<span>Coneix Rosabel<\/span>\n\t<\/a>\n\n\n\n                <\/div>\n          <\/div>\n    <\/div>\n\n\t\n    \n\n\t\t<\/div>\n\t\t\t\t\t<\/div>\n\n\t\n\n\t<div id=\"col-267453659\" class=\"col medium-4 small-12 large-4\"  >\n\t\t\t\t<div class=\"col-inner\"  >\n\t\t\t\n\t\t\t\n\n    <div class=\"box has-hover has-hover box-text-bottom\" >\n\n                  <div class=\"box-image \" style=\"width:60%;\">\n           <div class=\"box-image-inner image-cover\" style=\"border-radius:100%;padding-top:100%;\">\n              <img loading=\"lazy\" decoding=\"async\" width=\"800\" height=\"723\" src=\"https:\/\/integratek.es\/wp-content\/uploads\/2018\/02\/sin-fondo-1.jpg\" class=\"attachment- size-\" alt=\"olga-martinez\" \/>                         <\/div>\n          <\/div>\n         \n          <div class=\"box-text text-center\" >\n                <div class=\"box-text-inner\">\n                  <h4 class=\"uppercase\">\n                    <span class=\"person-name\">Olga Mart\u00ednez<\/span><br\/>\n                    <span class=\"person-title is-small thin-font op-7\">\n                      Mestra. experta en intel\u00b7lig\u00e8ncia emocional i diagn\u00f2stic                    <\/span>\n                  <\/h4>\n\t\t\t\t\t\n\n<a href=\"https:\/\/integratek.es\/ca\/curriculum-olga-martinez\/\" target=\"_blank\" class=\"button primary\" rel=\"noopener\" style=\"border-radius:99px;\">\n\t\t<span>Coneix Olga<\/span>\n\t<\/a>\n\n\n\n                <\/div>\n          <\/div>\n    <\/div>\n\n\t\n    \n\n\t\t<\/div>\n\t\t\t\t\t<\/div>\n\n\t\n\n<\/div>\n<div class=\"row\"  id=\"row-1315960894\">\n\n\n\t<div id=\"col-2030891851\" class=\"col medium-4 small-12 large-4\"  >\n\t\t\t\t<div class=\"col-inner\"  >\n\t\t\t\n\t\t\t\n\n    <div class=\"box has-hover has-hover box-text-bottom\" >\n\n                  <div class=\"box-image \" style=\"width:60%;\">\n           <div class=\"box-image-inner image-cover\" style=\"border-radius:100%;padding-top:100%;\">\n              <img loading=\"lazy\" decoding=\"async\" width=\"1080\" height=\"720\" src=\"https:\/\/integratek.es\/wp-content\/uploads\/2019\/03\/Chema-La\u0301zaro.jpg\" class=\"attachment- size-\" alt=\"Chema-La\u0301zaro\" srcset=\"https:\/\/integratek.es\/wp-content\/uploads\/2019\/03\/Chema-La\u0301zaro.jpg 1080w, https:\/\/integratek.es\/wp-content\/uploads\/2019\/03\/Chema-La\u0301zaro-510x340.jpg 510w, https:\/\/integratek.es\/wp-content\/uploads\/2019\/03\/Chema-La\u0301zaro-600x400.jpg 600w, https:\/\/integratek.es\/wp-content\/uploads\/2019\/03\/Chema-La\u0301zaro-768x512.jpg 768w\" sizes=\"auto, (max-width: 1080px) 100vw, 1080px\" \/>                         <\/div>\n          <\/div>\n         \n          <div class=\"box-text text-center\" >\n                <div class=\"box-text-inner\">\n                  <h4 class=\"uppercase\">\n                    <span class=\"person-name\">CHEMA L\u00c1ZARO<\/span><br\/>\n                    <span class=\"person-title is-small thin-font op-7\">\n                      Mestre, expert en neurodid\u00e0ctica                    <\/span>\n                  <\/h4>\n\t\t\t\t\t\n\n<a href=\"https:\/\/integratek.es\/wp-content\/uploads\/2019\/03\/Curriculum-vitae_Chema_La%CC%81zaro_2019-1.pdf\" target=\"_blank\" class=\"button primary\" rel=\"noopener\" style=\"border-radius:99px;\">\n\t\t<span>Coneix Chema<\/span>\n\t<\/a>\n\n\n\n                <\/div>\n          <\/div>\n    <\/div>\n\n\t\n    \n\n\t\t<\/div>\n\t\t\t\t\t<\/div>\n\n\t\n\n\t<div id=\"col-1346057945\" class=\"col medium-4 small-12 large-4\"  >\n\t\t\t\t<div class=\"col-inner\"  >\n\t\t\t\n\t\t\t\n\n    <div class=\"box has-hover has-hover box-text-bottom\" >\n\n                  <div class=\"box-image \" style=\"width:60%;\">\n           <div class=\"box-image-inner image-cover\" style=\"border-radius:100%;padding-top:100%;\">\n              <img loading=\"lazy\" decoding=\"async\" width=\"431\" height=\"455\" src=\"https:\/\/integratek.es\/wp-content\/uploads\/2019\/09\/Jon-Andoni-Dunabeitia-1.jpg\" class=\"attachment- size-\" alt=\"Jon-Andoni-Dun\u0303abeitia\" \/>                         <\/div>\n          <\/div>\n         \n          <div class=\"box-text text-center\" >\n                <div class=\"box-text-inner\">\n                  <h4 class=\"uppercase\">\n                    <span class=\"person-name\">andoni DU\u00d1ABEITIA<\/span><br\/>\n                    <span class=\"person-title is-small thin-font op-7\">\n                      Professor. expert en ci\u00e8ncia cognitiva i psicoling\u00fc\u00edstica                    <\/span>\n                  <\/h4>\n\t\t\t\t\t\n\n<a href=\"https:\/\/integratek.es\/ca\/curriculum-jon-andoni-dunabeitia\/\" target=\"_blank\" class=\"button primary\" rel=\"noopener\" style=\"border-radius:99px;\">\n\t\t<span>Coneix Jon Andoni<\/span>\n\t<\/a>\n\n\n\n                <\/div>\n          <\/div>\n    <\/div>\n\n\t\n    \n\n\t\t<\/div>\n\t\t\t\t\t<\/div>\n\n\t\n\n\t<div id=\"col-1857983419\" class=\"col medium-4 small-12 large-4\"  >\n\t\t\t\t<div class=\"col-inner\"  >\n\t\t\t\n\t\t\t\n\n    <div class=\"box has-hover has-hover box-text-bottom\" >\n\n                  <div class=\"box-image \" style=\"width:60%;\">\n           <div class=\"box-image-inner image-cover\" style=\"border-radius:100%;padding-top:100%;\">\n              <img loading=\"lazy\" decoding=\"async\" width=\"906\" height=\"796\" src=\"https:\/\/integratek.es\/wp-content\/uploads\/2019\/10\/Cristina-Garcia-SF_2.png\" class=\"attachment- size-\" alt=\"Cristina-Garcia-UTAE\" srcset=\"https:\/\/integratek.es\/wp-content\/uploads\/2019\/10\/Cristina-Garcia-SF_2.png 906w, https:\/\/integratek.es\/wp-content\/uploads\/2019\/10\/Cristina-Garcia-SF_2-510x448.png 510w, https:\/\/integratek.es\/wp-content\/uploads\/2019\/10\/Cristina-Garcia-SF_2-455x400.png 455w, https:\/\/integratek.es\/wp-content\/uploads\/2019\/10\/Cristina-Garcia-SF_2-768x675.png 768w\" sizes=\"auto, (max-width: 906px) 100vw, 906px\" \/>                         <\/div>\n          <\/div>\n         \n          <div class=\"box-text text-center\" >\n                <div class=\"box-text-inner\">\n                  <h4 class=\"uppercase\">\n                    <span class=\"person-name\">Cristina garcia<\/span><br\/>\n                    <span class=\"person-title is-small thin-font op-7\">\n                      Doctora en Psicologia. Especialista en Trastorns de l\u00b4Espectre de l\u00b4Autisme                    <\/span>\n                  <\/h4>\n\t\t\t\t\t\n\n<a href=\"https:\/\/integratek.es\/ca\/curriculum-cristina-garcia\/\" target=\"_blank\" class=\"button primary\" rel=\"noopener\" style=\"border-radius:99px;\">\n\t\t<span>Coneix Cristina<\/span>\n\t<\/a>\n\n\n\n                <\/div>\n          <\/div>\n    <\/div>\n\n\t\n    \n\n\t\t<\/div>\n\t\t\t\t\t<\/div>\n\n\t\n\n<\/div>\n<div class=\"row\"  id=\"row-428204771\">\n\n\n\t<div id=\"col-1697040794\" class=\"col medium-4 small-12 large-4\"  >\n\t\t\t\t<div class=\"col-inner\"  >\n\t\t\t\n\t\t\t\n\n\n\t\t<\/div>\n\t\t\t\t\t<\/div>\n\n\t\n\n\t<div id=\"col-2097341959\" class=\"col medium-4 small-12 large-4\"  >\n\t\t\t\t<div class=\"col-inner\"  >\n\t\t\t\n\t\t\t\n\n    <div class=\"box has-hover has-hover box-text-bottom\" >\n\n                  <div class=\"box-image \" style=\"width:60%;\">\n           <div class=\"box-image-inner image-cover\" style=\"border-radius:100%;padding-top:100%;\">\n              <img loading=\"lazy\" decoding=\"async\" width=\"512\" height=\"488\" src=\"https:\/\/integratek.es\/wp-content\/uploads\/2020\/02\/Ana-Quijada-1.jpg\" class=\"attachment- size-\" alt=\"\" \/>                         <\/div>\n          <\/div>\n         \n          <div class=\"box-text text-center\" >\n                <div class=\"box-text-inner\">\n                  <h4 class=\"uppercase\">\n                    <span class=\"person-name\">Ana quijada<\/span><br\/>\n                    <span class=\"person-title is-small thin-font op-7\">\n                      Mestra, Especialista en CONVIV\u00c8NCIA ESCOLAR I IGUALTAT                    <\/span>\n                  <\/h4>\n\t\t\t\t\t\n\n<a href=\"https:\/\/integratek.es\/ca\/curriculum-ana-quijada\/\" target=\"_blank\" class=\"button primary\" rel=\"noopener\" style=\"border-radius:99px;\">\n\t\t<span>Coneix Ana<\/span>\n\t<\/a>\n\n\n\n                <\/div>\n          <\/div>\n    <\/div>\n\n\t\n    \n\n\t\t<\/div>\n\t\t\t\t\t<\/div>\n\n\t\n\n\t<div id=\"col-73035389\" class=\"col medium-4 small-12 large-4\"  >\n\t\t\t\t<div class=\"col-inner\"  >\n\t\t\t\n\t\t\t\n\n\n\t\t<\/div>\n\t\t\t\t\t<\/div>\n\n\t\n\n<\/div>\n<div class=\"row\"  id=\"row-393327930\">\n\n\n\t<div id=\"col-575563770\" class=\"col small-12 large-12\"  >\n\t\t\t\t<div class=\"col-inner\"  >\n\t\t\t\n\t\t\t\n\n<div class=\"is-divider divider clearfix\" style=\"max-width:1500px;background-color:rgb(234, 234, 234);\"><\/div>\n\n<p style=\"text-align: center\"><span style=\"font-size: 120%\">T&#8217;agradaria veure&#8217;ls en directe? Punxa al bot\u00f3 i inscriu-te a la formaci\u00f3 que m\u00e9s t&#8217;interessi. T&#8217;esperem!<\/span><\/p>\n\n\n\t\t<\/div>\n\t\t\t\t\t<\/div>\n\n\t\n\n<\/div>\n<div class=\"row\"  id=\"row-1714522681\">\n\n\n\t<div id=\"col-136953208\" class=\"col medium-4 small-12 large-4\"  >\n\t\t\t\t<div class=\"col-inner\"  >\n\t\t\t\n\t\t\t\n\n\n\t\t<\/div>\n\t\t\t\t\t<\/div>\n\n\t\n\n\t<div id=\"col-2130682493\" class=\"col medium-4 small-12 large-4\"  >\n\t\t\t\t<div class=\"col-inner text-center\"  >\n\t\t\t\n\t\t\t\n\n<a href=\"https:\/\/integratek.es\/ca\/cursos-online-homologats\/\" target=\"_blank\" class=\"button primary lowercase\" rel=\"noopener\" style=\"border-radius:99px;\">\n\t\t<span>Descobreix totes les formacions<\/span>\n\t<\/a>\n\n\n\n\t\t<\/div>\n\t\t\t\t\t<\/div>\n\n\t\n\n\t<div id=\"col-1569499162\" class=\"col medium-4 small-12 large-4\"  >\n\t\t\t\t<div class=\"col-inner\"  >\n\t\t\t\n\t\t\t\n\n\n\t\t<\/div>\n\t\t\t\t\t<\/div>\n\n\t\n\n<\/div>\n\n","protected":false},"excerpt":{"rendered":"","protected":false},"author":1,"featured_media":0,"parent":0,"menu_order":0,"comment_status":"closed","ping_status":"closed","template":"page-blank-title-center.php","meta":{"_acf_changed":false,"productId":0,"footnotes":""},"class_list":["post-203278","page","type-page","status-publish","hentry"],"acf":[],"_links":{"self":[{"href":"https:\/\/integratek.es\/ca\/wp-json\/wp\/v2\/pages\/203278","targetHints":{"allow":["GET"]}}],"collection":[{"href":"https:\/\/integratek.es\/ca\/wp-json\/wp\/v2\/pages"}],"about":[{"href":"https:\/\/integratek.es\/ca\/wp-json\/wp\/v2\/types\/page"}],"author":[{"embeddable":true,"href":"https:\/\/integratek.es\/ca\/wp-json\/wp\/v2\/users\/1"}],"replies":[{"embeddable":true,"href":"https:\/\/integratek.es\/ca\/wp-json\/wp\/v2\/comments?post=203278"}],"version-history":[{"count":5,"href":"https:\/\/integratek.es\/ca\/wp-json\/wp\/v2\/pages\/203278\/revisions"}],"predecessor-version":[{"id":207376,"href":"https:\/\/integratek.es\/ca\/wp-json\/wp\/v2\/pages\/203278\/revisions\/207376"}],"wp:attachment":[{"href":"https:\/\/integratek.es\/ca\/wp-json\/wp\/v2\/media?parent=203278"}],"curies":[{"name":"wp","href":"https:\/\/api.w.org\/{rel}","templated":true}]}}