{"id":203252,"date":"2017-11-29T13:27:51","date_gmt":"2017-11-29T12:27:51","guid":{"rendered":"https:\/\/integratek.es\/?page_id=203252"},"modified":"2025-08-27T10:23:32","modified_gmt":"2025-08-27T08:23:32","slug":"qui-som","status":"publish","type":"page","link":"https:\/\/integratek.es\/ca\/qui-som\/","title":{"rendered":"Qui som?"},"content":{"rendered":"\n<div class=\"row\"  id=\"row-2092131731\">\n\n\n\t<div id=\"col-481521328\" class=\"col small-12 large-12\"  >\n\t\t\t\t<div class=\"col-inner\"  >\n\t\t\t\n\t\t\t\n\n<div class=\"row row-collapse\"  id=\"row-1886977673\">\n\n\n\t<div id=\"col-2114728271\" class=\"col small-12 large-12\"  >\n\t\t\t\t<div class=\"col-inner\"  >\n\t\t\t\n\t\t\t\n\n<div class=\"row row-collapse\"  id=\"row-922928308\">\n\n\n\t<div id=\"col-1236083279\" class=\"col medium-6 small-12 large-6\"  >\n\t\t\t\t<div class=\"col-inner\"  >\n\t\t\t\n\t\t\t\n\n<div class=\"row row-collapse\"  id=\"row-335087172\">\n\n\n\t<div id=\"col-131860994\" class=\"col medium-11 small-12 large-11\"  >\n\t\t\t\t<div class=\"col-inner\"  >\n\t\t\t\n\t\t\t\n\n\t<div id=\"text-2436602482\" class=\"text\">\n\t\t\n\n<p><a href=\"https:\/\/integratek.es\/ca\/\">Integratek<\/a> \u00e9s la comunitat de professionals de l&#8217;educaci\u00f3 que comparteixen la vostra inquietud per proporcionar una educaci\u00f3 m\u00e9s integradora i innovadora.<\/p>\n<p>Preocupats per millorar el rendiment escolar de tots els perfils d&#8217;alumnat, a Integratek oferim cursos en l\u00ednia i presencials, masterclass, llibres i altres recursos pedag\u00f2gics.<\/p>\n<p>De la m\u00e0 dels millors experts en diferents \u00e0rees del neurodesenvolupament, la pedagogia i la psicologia, compartim coneixements i experi\u00e8ncies per tal de proporcionar eines eficaces als educadors i fam\u00edlies. A Integratek produ\u00efm totes les nostres formacions per garantir la qualitat de la nostra l\u00ednia editorial, pedag\u00f2gica i cient\u00edfica. <\/p>\n\t\t\n<style>\n#text-2436602482 {\n  font-size: 2.8rem;\n}\n<\/style>\n\t<\/div>\n\t\n\n\t\t<\/div>\n\t\t\t\t\t<\/div>\n\n\t\n\n<\/div>\n\n\t\t<\/div>\n\t\t\t\t\t<\/div>\n\n\t\n\n\t<div id=\"col-403794809\" class=\"col medium-6 small-12 large-6\"  >\n\t\t\t\t<div class=\"col-inner\"  >\n\t\t\t\n\t\t\t\n\n\t<div class=\"box has-hover   has-hover box-text-bottom\" >\n\n\t\t<div class=\"box-image\" >\n\t\t\t\t\t\t<div class=\"\" >\n\t\t\t\t<img loading=\"lazy\" decoding=\"async\" width=\"1920\" height=\"1280\" src=\"https:\/\/integratek.es\/wp-content\/uploads\/2023\/02\/2017-Sevilla-Mar-Romera.jpg\" class=\"attachment- size-\" alt=\"\" srcset=\"https:\/\/integratek.es\/wp-content\/uploads\/2023\/02\/2017-Sevilla-Mar-Romera.jpg 1920w, https:\/\/integratek.es\/wp-content\/uploads\/2023\/02\/2017-Sevilla-Mar-Romera-600x400.jpg 600w, https:\/\/integratek.es\/wp-content\/uploads\/2023\/02\/2017-Sevilla-Mar-Romera-1200x800.jpg 1200w, https:\/\/integratek.es\/wp-content\/uploads\/2023\/02\/2017-Sevilla-Mar-Romera-768x512.jpg 768w, https:\/\/integratek.es\/wp-content\/uploads\/2023\/02\/2017-Sevilla-Mar-Romera-1536x1024.jpg 1536w, https:\/\/integratek.es\/wp-content\/uploads\/2023\/02\/2017-Sevilla-Mar-Romera-510x340.jpg 510w\" sizes=\"auto, (max-width: 1920px) 100vw, 1920px\" \/>\t\t\t\t\t\t\t\t\t\t\t<\/div>\n\t\t\t\t\t<\/div>\n\n\t\t<div class=\"box-text text-center\" >\n\t\t\t<div class=\"box-text-inner\">\n\t\t\t\t\n\n<h4 align=\"center\">Curs d&#8217;Integratek a Sevilla<\/h4>\n\n\t\t\t<\/div>\n\t\t<\/div>\n\t<\/div>\n\t\n\n\t\t<\/div>\n\t\t\t\t\n<style>\n#col-403794809 > .col-inner {\n  padding: 0px 0px 0px 0px;\n  margin: 0px 0px 0px 0px;\n}\n<\/style>\n\t<\/div>\n\n\t\n\n<\/div>\n\n\t\t<\/div>\n\t\t\t\t\t<\/div>\n\n\t\n\n\t<div id=\"col-1101894910\" class=\"col small-12 large-12\"  >\n\t\t\t\t<div class=\"col-inner\"  >\n\t\t\t\n\t\t\t\n\n<div class=\"row\"  id=\"row-2080334696\">\n\n\n\t<div id=\"col-474501833\" class=\"col small-12 large-12\"  >\n\t\t\t\t<div class=\"col-inner\"  >\n\t\t\t\n\t\t\t\n\n\t<div id=\"text-2364080621\" class=\"text\">\n\t\t\n\n<p>Pots contactar amb nosaltres aqu\u00ed: info@integratek.es Les nostres oficines principals es troben a Carrer Zamora, 45, 6\u00e8, 4a, 08005 Barcelona encara que part del nostre equip est\u00e0 repartit per Espanya.<\/p>\n\n\t\t\n<style>\n#text-2364080621 {\n  font-size: 2.9rem;\n}\n<\/style>\n\t<\/div>\n\t\n\n\t\t<\/div>\n\t\t\t\t\t<\/div>\n\n\t\n\n\t<div id=\"col-1369177217\" class=\"col small-12 large-12\"  >\n\t\t\t\t<div class=\"col-inner\"  >\n\t\t\t\n\t\t\t\n\n<div class=\"row\"  id=\"row-386513069\">\n\n\n\t<div id=\"col-1939005225\" class=\"col medium-6 small-12 large-6\"  >\n\t\t\t\t<div class=\"col-inner\"  >\n\t\t\t\n\t\t\t\n\n\t<div class=\"box has-hover   has-hover box-text-bottom\" >\n\n\t\t<div class=\"box-image\" >\n\t\t\t\t\t\t<div class=\"\" >\n\t\t\t\t<img loading=\"lazy\" decoding=\"async\" width=\"1920\" height=\"1280\" src=\"https:\/\/integratek.es\/wp-content\/uploads\/2023\/02\/Congreso-Mdd-2022-ponentes.jpg\" class=\"attachment- size-\" alt=\"\" srcset=\"https:\/\/integratek.es\/wp-content\/uploads\/2023\/02\/Congreso-Mdd-2022-ponentes.jpg 1920w, https:\/\/integratek.es\/wp-content\/uploads\/2023\/02\/Congreso-Mdd-2022-ponentes-600x400.jpg 600w, https:\/\/integratek.es\/wp-content\/uploads\/2023\/02\/Congreso-Mdd-2022-ponentes-1200x800.jpg 1200w, https:\/\/integratek.es\/wp-content\/uploads\/2023\/02\/Congreso-Mdd-2022-ponentes-768x512.jpg 768w, https:\/\/integratek.es\/wp-content\/uploads\/2023\/02\/Congreso-Mdd-2022-ponentes-1536x1024.jpg 1536w, https:\/\/integratek.es\/wp-content\/uploads\/2023\/02\/Congreso-Mdd-2022-ponentes-510x340.jpg 510w\" sizes=\"auto, (max-width: 1920px) 100vw, 1920px\" \/>\t\t\t\t\t\t\t\t\t\t\t<\/div>\n\t\t\t\t\t<\/div>\n\n\t\t<div class=\"box-text text-center\" >\n\t\t\t<div class=\"box-text-inner\">\n\t\t\t\t\n\n<h4>Congr\u00e9s d&#8217;Integratek a Madrid<\/h4>\n\n\t\t\t<\/div>\n\t\t<\/div>\n\t<\/div>\n\t\n\n\t\t<\/div>\n\t\t\t\t\t<\/div>\n\n\t\n\n\t<div id=\"col-401827877\" class=\"col medium-6 small-12 large-6\"  >\n\t\t\t\t<div class=\"col-inner\"  >\n\t\t\t\n\t\t\t\n\n\t<div id=\"text-2122718318\" class=\"text\">\n\t\t\n\n<h2><b><span style=\"font-size: 100%;\"><span class=\"S1PPyQ\">La nostra hist\u00f2ria<\/span><\/span><\/b><\/h2>\n<p><span style=\"font-size: 100%;\"><span class=\"S1PPyQ\">Integratek neix el 2007 gr\u00e0cies a la uni\u00f3 d\u00b4un grup de pares preocupats per l\u00b4educaci\u00f3 dels seus fills amb trastorns de l&#8217;aprenentatge. Amb un fort sentit d&#8217;inclusi\u00f3, van lluitar per millorar el rendiment d&#8217;aquests estudiants, aconseguint que accedissin a formaci\u00f3 superior i desenvolupessin carreres professionals plenes. <\/span><\/span><\/p>\n<p><span style=\"font-size: 100%;\"><span class=\"S1PPyQ\">Amb l&#8217;objectiu d&#8217;ajudar a promoure un sistema educatiu inclusiu, Integratek es dedica els anys seg\u00fcents a l&#8217;educaci\u00f3 i la sensibilitzaci\u00f3 sobre les necessitats espec\u00edfiques d&#8217;aprenentatge per als professionals de les escoles i institucions. Per aconseguir-ho, comencem a organitzar centenars de cursos presencials a les principals ciutats espanyoles <\/span><\/span><\/p>\n\t\t\n<style>\n#text-2122718318 {\n  font-size: 1rem;\n}\n<\/style>\n\t<\/div>\n\t\n\n\t\t<\/div>\n\t\t\t\t\t<\/div>\n\n\t\n\n<\/div>\n\n\t\t<\/div>\n\t\t\t\t\t<\/div>\n\n\t\n\n<\/div>\n\n\t\t<\/div>\n\t\t\t\t\t<\/div>\n\n\t\n\n\t<div id=\"col-1755547345\" class=\"col small-12 large-12\"  >\n\t\t\t\t<div class=\"col-inner\"  >\n\t\t\t\n\t\t\t\n\n<div class=\"row row-collapse\"  id=\"row-1460341430\">\n\n\n\t<div id=\"col-1496769501\" class=\"col medium-6 small-12 large-6\"  >\n\t\t\t\t<div class=\"col-inner\"  >\n\t\t\t\n\t\t\t\n\n\t<div class=\"box has-hover   has-hover box-text-bottom\" >\n\n\t\t<div class=\"box-image\" style=\"width:93%;\">\n\t\t\t\t\t\t<div class=\"\" >\n\t\t\t\t<img loading=\"lazy\" decoding=\"async\" width=\"1920\" height=\"1440\" src=\"https:\/\/integratek.es\/wp-content\/uploads\/2023\/02\/ITK-Bcn-Guillen-_corral_.jpeg\" class=\"attachment- size-\" alt=\"\" srcset=\"https:\/\/integratek.es\/wp-content\/uploads\/2023\/02\/ITK-Bcn-Guillen-_corral_.jpeg 1920w, https:\/\/integratek.es\/wp-content\/uploads\/2023\/02\/ITK-Bcn-Guillen-_corral_-533x400.jpeg 533w, https:\/\/integratek.es\/wp-content\/uploads\/2023\/02\/ITK-Bcn-Guillen-_corral_-1067x800.jpeg 1067w, https:\/\/integratek.es\/wp-content\/uploads\/2023\/02\/ITK-Bcn-Guillen-_corral_-768x576.jpeg 768w, https:\/\/integratek.es\/wp-content\/uploads\/2023\/02\/ITK-Bcn-Guillen-_corral_-1536x1152.jpeg 1536w, https:\/\/integratek.es\/wp-content\/uploads\/2023\/02\/ITK-Bcn-Guillen-_corral_-510x383.jpeg 510w\" sizes=\"auto, (max-width: 1920px) 100vw, 1920px\" \/>\t\t\t\t\t\t\t\t\t\t\t<\/div>\n\t\t\t\t\t<\/div>\n\n\t\t<div class=\"box-text text-center\" >\n\t\t\t<div class=\"box-text-inner\">\n\t\t\t\t\n\n<h4>Taller d&#8217;Integratek a Barcelona<\/h4>\n\n\t\t\t<\/div>\n\t\t<\/div>\n\t<\/div>\n\t\n\n\t\t<\/div>\n\t\t\t\t\t<\/div>\n\n\t\n\n\t<div id=\"col-1964267663\" class=\"col medium-6 small-12 large-6\"  >\n\t\t\t\t<div class=\"col-inner\"  >\n\t\t\t\n\t\t\t\n\n<p><span style=\"font-size: 100%;\"><span class=\"S1PPyQ\">Amb el sorgiment de la pand\u00e8mia, adaptem la nostra oferta formativa a modalitats en l\u00ednia sobre dificultats d&#8217;aprenentatge, que avui s\u00f3n referents al sector. A m\u00e9s, ampliem les nostres formacions a tem\u00e0tiques relacionades amb la gesti\u00f3 de les emocions, el conflicte, la neuroci\u00e8ncia i el treball en equip, entre d&#8217;altres. <\/span><\/span><\/p>\n<p><span style=\"font-size: 100%;\"><span class=\"S1PPyQ\">L&#8217;objectiu d&#8217;Integratek \u00e9s capacitar docents i professionals per aconseguir una educaci\u00f3 360\u00ba inclusiva i de qualitat. Perqu\u00e8 els alumnes tinguin una vida d&#8217;adults millor, desenvolupin el seu criteri propi i s\u00e0piguen decidir el seu futur pas a pas, aconseguint les metes que es proposin. <\/span><\/span><\/p>\n\n\t\t<\/div>\n\t\t\t\t\n<style>\n#col-1964267663 > .col-inner {\n  padding: 0px 0px 0px 0px;\n}\n@media (min-width:550px) {\n  #col-1964267663 > .col-inner {\n    padding: 0px 0px 0px 15px;\n  }\n}\n<\/style>\n\t<\/div>\n\n\t\n\n<\/div>\n\n\t\t<\/div>\n\t\t\t\t\t<\/div>\n\n\t\n\n\t<div id=\"col-1869720667\" class=\"col small-12 large-12\"  >\n\t\t\t\t<div class=\"col-inner\"  >\n\t\t\t\n\t\t\t\n\n<p><span style=\"font-size: 100%;\"><span class=\"S1PPyQ\">El nostre comprom\u00eds estar\u00e0 sempre amb els professionals de l&#8217;educaci\u00f3. Vosaltres sou el veritable fil conductor que mostra als alumnes el cam\u00ed i els ajuda a construir les seves pr\u00f2pies bases de creixement. <\/span><\/span><\/p>\n<p><span style=\"font-size: 100%;\"><span class=\"S1PPyQ\">Per aix\u00f2 podeu comptar amb tot el nostre suport, cursos i eines pedag\u00f2giques. Junts podem assolir una millor educaci\u00f3 en el futur. <\/span><\/span><\/p>\n\n\t\t<\/div>\n\t\t\t\t\n<style>\n#col-1869720667 > .col-inner {\n  padding: 20px 0px 30px 0px;\n}\n<\/style>\n\t<\/div>\n\n\t\n\n\t<div id=\"col-1267570759\" class=\"col small-12 large-12\"  >\n\t\t\t\t<div class=\"col-inner\"  >\n\t\t\t\n\t\t\t\n\n\t<div id=\"text-2792977732\" class=\"text\">\n\t\t\n\n<h2><b>Els nostres valors<\/b><\/h2>\n\t\t\n<style>\n#text-2792977732 {\n  font-size: 1rem;\n}\n<\/style>\n\t<\/div>\n\t\n\n\t\t<\/div>\n\t\t\t\t\n<style>\n#col-1267570759 > .col-inner {\n  margin: 0px 0px 40px 0px;\n}\n<\/style>\n\t<\/div>\n\n\t\n\n\t<div id=\"col-156999151\" class=\"col small-12 large-12\"  >\n\t\t\t\t<div class=\"col-inner\"  >\n\t\t\t\n\t\t\t\n\n<div class=\"row row-collapse\"  id=\"row-303710798\">\n\n\n\t<div id=\"col-1331455411\" class=\"col medium-4 small-12 large-4\"  >\n\t\t\t\t<div class=\"col-inner\"  >\n\t\t\t\n\t\t\t\n\n<h2><font color=\"#FF9900\">1. Inclusi\u00f3<\/font><\/h2>\n<p><b>Tractem els altres com ens agradaria ser tractats.<\/b>  Protegim el respecte per les persones, celebrant la diversitat i promovent el tracte equitatiu dels drets individuals i socials.&nbsp;<\/p>\n\n\t\t<\/div>\n\t\t\t\t\n<style>\n#col-1331455411 > .col-inner {\n  padding: 0px 20px 0px 20px;\n}\n<\/style>\n\t<\/div>\n\n\t\n\n\t<div id=\"col-1431356870\" class=\"col medium-4 small-12 large-4\"  >\n\t\t\t\t<div class=\"col-inner\"  >\n\t\t\t\n\t\t\t\n\n<h2><font color=\"#f99b1c\">2. L&#8217;alumne primer<\/font><\/h2>\n<p><b>La satisfacci\u00f3 dels nostres alumnes amb les nostres formacions i atenci\u00f3 al client \u00e9s la m\u00e0xima prioritat<\/b> , i prenem decisions i accions enfocades a complir les seves necessitats i expectatives<\/p>\n\n\t\t<\/div>\n\t\t\t\t\n<style>\n#col-1431356870 > .col-inner {\n  padding: 0px 20px 0px 20px;\n}\n<\/style>\n\t<\/div>\n\n\t\n\n\t<div id=\"col-185850549\" class=\"col medium-4 small-12 large-4\"  >\n\t\t\t\t<div class=\"col-inner\"  >\n\t\t\t\n\t\t\t\n\n<h2><font color=\"#f99b1c\">3. Treball en equip<\/font><\/h2>\n<p><b>Units complim els nostres somnis.<\/b>  Impulsem cada dia treballar de col\u00b7laborativa, compromesa i motivats per un objectiu com\u00fa.&nbsp;<\/p>\n\n\t\t<\/div>\n\t\t\t\t\n<style>\n#col-185850549 > .col-inner {\n  padding: 0px 20px 0px 20px;\n}\n<\/style>\n\t<\/div>\n\n\t\n\n<\/div>\n\n\t\t<\/div>\n\t\t\t\t\t<\/div>\n\n\t\n\n<\/div>\n\n\t\t<\/div>\n\t\t\t\t\n<style>\n#col-481521328 > .col-inner {\n  padding: 0px 0 0px 0px;\n}\n<\/style>\n\t<\/div>\n\n\t\n\n<\/div>\n<div class=\"row row-collapse\"  id=\"row-1596122654\">\n\n\n\t<div id=\"col-405109622\" class=\"col medium-4 small-12 large-4\"  >\n\t\t\t\t<div class=\"col-inner\"  >\n\t\t\t\n\t\t\t\n\n<h2><font color=\"#f99b1c\">4. Innovaci\u00f3<\/font><\/h2>\n<p><b>Fomentem les noves idees.<\/b>  A cada projecte promovem la creativitat i les noves idees el que ens permet millorar i enfortir el nostre lideratge competitiu.&nbsp;<\/p>\n\n\t\t<\/div>\n\t\t\t\t\n<style>\n#col-405109622 > .col-inner {\n  padding: 0px 20px 0px 20px;\n}\n<\/style>\n\t<\/div>\n\n\t\n\n\t<div id=\"col-708004359\" class=\"col medium-4 small-12 large-4\"  >\n\t\t\t\t<div class=\"col-inner\"  >\n\t\t\t\n\t\t\t\n\n<h2><font color=\"#f99b1c\">5. Honestedat<\/font><\/h2>\n<p><b>Exercim la transpar\u00e8ncia.  <\/b>Actuem amb rectitud i veracitat , fent transparents tots els processos i usos dels recursos empresarials.&nbsp;<\/p>\n\n\t\t<\/div>\n\t\t\t\t\n<style>\n#col-708004359 > .col-inner {\n  padding: 0px 20px 0px 20px;\n}\n<\/style>\n\t<\/div>\n\n\t\n\n\t<div id=\"col-1305034905\" class=\"col medium-4 small-12 large-4\"  >\n\t\t\t\t<div class=\"col-inner\"  >\n\t\t\t\n\t\t\t\n\n<h2><font color=\"#f99b1c\">6. Sostenibilitat<\/font><\/h2>\n<p><b>Cada acte repercuteix al nostre entorn.  <\/b>Procurem el benestar global de les presents i futures generacions a trav\u00e9s de la cura dels recursos, medi ambient i fomentant el comprom\u00eds social.<\/p>\n\n\t\t<\/div>\n\t\t\t\t\n<style>\n#col-1305034905 > .col-inner {\n  padding: 0px 20px 0px 20px;\n}\n<\/style>\n\t<\/div>\n\n\t\n\n<\/div>\n\t<div class=\"img has-hover x md-x lg-x y md-y lg-y\" id=\"image_1801356135\">\n\t\t\t\t\t\t\t\t<div class=\"img-inner dark\" style=\"margin:40px 0px 0px 0px;\">\n\t\t\t<img loading=\"lazy\" decoding=\"async\" width=\"1020\" height=\"765\" src=\"https:\/\/integratek.es\/wp-content\/uploads\/2023\/02\/IMG_2476-1067x800.jpeg\" class=\"attachment-large size-large\" alt=\"\" srcset=\"https:\/\/integratek.es\/wp-content\/uploads\/2023\/02\/IMG_2476-1067x800.jpeg 1067w, https:\/\/integratek.es\/wp-content\/uploads\/2023\/02\/IMG_2476-533x400.jpeg 533w, https:\/\/integratek.es\/wp-content\/uploads\/2023\/02\/IMG_2476-768x576.jpeg 768w, https:\/\/integratek.es\/wp-content\/uploads\/2023\/02\/IMG_2476-1536x1152.jpeg 1536w, https:\/\/integratek.es\/wp-content\/uploads\/2023\/02\/IMG_2476-510x383.jpeg 510w, https:\/\/integratek.es\/wp-content\/uploads\/2023\/02\/IMG_2476.jpeg 1920w\" sizes=\"auto, (max-width: 1020px) 100vw, 1020px\" \/>\t\t\t\t\t\t\n\t\t\t\t\t<\/div>\n\t\t\t\t\t\t\t\t\n<style>\n#image_1801356135 {\n  width: 100%;\n}\n<\/style>\n\t<\/div>\n\t\n","protected":false},"excerpt":{"rendered":"","protected":false},"author":1,"featured_media":0,"parent":0,"menu_order":0,"comment_status":"closed","ping_status":"closed","template":"page-blank-title-center.php","meta":{"_acf_changed":false,"productId":0,"footnotes":""},"class_list":["post-203252","page","type-page","status-publish","hentry"],"acf":[],"_links":{"self":[{"href":"https:\/\/integratek.es\/ca\/wp-json\/wp\/v2\/pages\/203252","targetHints":{"allow":["GET"]}}],"collection":[{"href":"https:\/\/integratek.es\/ca\/wp-json\/wp\/v2\/pages"}],"about":[{"href":"https:\/\/integratek.es\/ca\/wp-json\/wp\/v2\/types\/page"}],"author":[{"embeddable":true,"href":"https:\/\/integratek.es\/ca\/wp-json\/wp\/v2\/users\/1"}],"replies":[{"embeddable":true,"href":"https:\/\/integratek.es\/ca\/wp-json\/wp\/v2\/comments?post=203252"}],"version-history":[{"count":5,"href":"https:\/\/integratek.es\/ca\/wp-json\/wp\/v2\/pages\/203252\/revisions"}],"predecessor-version":[{"id":207240,"href":"https:\/\/integratek.es\/ca\/wp-json\/wp\/v2\/pages\/203252\/revisions\/207240"}],"wp:attachment":[{"href":"https:\/\/integratek.es\/ca\/wp-json\/wp\/v2\/media?parent=203252"}],"curies":[{"name":"wp","href":"https:\/\/api.w.org\/{rel}","templated":true}]}}