{"id":203247,"date":"2025-07-22T08:28:45","date_gmt":"2025-07-22T06:28:45","guid":{"rendered":"https:\/\/integratek.es\/formacio-bonificada\/"},"modified":"2025-07-25T13:20:09","modified_gmt":"2025-07-25T11:20:09","slug":"formacio-bonificada","status":"publish","type":"page","link":"https:\/\/integratek.es\/ca\/formacio-bonificada\/","title":{"rendered":"Formaci\u00f3 bonificada FUNDAE"},"content":{"rendered":"\n\n\t<section class=\"section\" id=\"section_1782379316\">\n\t\t<div class=\"section-bg fill\" >\n\t\t\t\t\t\t\t\t\t\n\t\t\t\n\n\t\t<\/div>\n\n\t\t\n\n\t\t<div class=\"section-content relative\">\n\t\t\t\n\n<div class=\"row row-collapse align-center\"  id=\"row-1640342746\">\n\n\n\t<div id=\"col-2119561117\" class=\"col small-12 large-12\"  >\n\t\t\t\t<div class=\"col-inner\"  >\n\t\t\t\n\t\t\t\n\n<h1 align=\"center\"><font color=\"#f99b1c\">Cursos bonificables per FUNDAE<\/font><\/h1>\n\n\t\t<\/div>\n\t\t\t\t\t<\/div>\n\n\t\n\n\t<div id=\"col-1078129843\" class=\"col small-12 large-12\"  >\n\t\t\t\t<div class=\"col-inner\"  >\n\t\t\t\n\t\t\t\n\n\t<div id=\"text-3421323563\" class=\"text\">\n\t\t\n\n<h2 class=\"lead\"><b>Forma&#8217;t gratis amb Integratek, empresa adherida a la FUNDAE<\/b><\/h2>\n\t\t\n<style>\n#text-3421323563 {\n  font-size: 0.75rem;\n  text-align: center;\n}\n@media (min-width:550px) {\n  #text-3421323563 {\n    font-size: 0.8rem;\n  }\n}\n<\/style>\n\t<\/div>\n\t\n\n\t\t<\/div>\n\t\t\t\t\t<\/div>\n\n\t\n\n\n<style>\n#row-1640342746 > .col > .col-inner {\n  padding: 0px 50px 0px 50px;\n}\n<\/style>\n<\/div>\n\n\t\t<\/div>\n\n\t\t\n<style>\n#section_1782379316 {\n  padding-top: 30px;\n  padding-bottom: 30px;\n}\n<\/style>\n\t<\/section>\n\t\n<div class=\"row row-collapse\"  id=\"row-1835650423\">\n\n\n\t<div id=\"col-1867737115\" class=\"col small-12 large-12\"  >\n\t\t\t\t<div class=\"col-inner\"  >\n\t\t\t\n\t\t\t\n\n<p>A Integratek ens importa molt la formaci\u00f3 cont\u00ednua dels nostres alumnes i volem assegurar-nos que el cost dels cursos sigui el m\u00e9s accessible per a tothom.<\/p>\n<p>Som conscients que molts de vosaltres compreu els nostres cursos directament i ens encantaria que hi hagu\u00e9s m\u00e9s centres, especialment a trav\u00e9s de la FUNDAE, que col\u00b7laboressin en la formaci\u00f3 cont\u00ednua dels seus treballadors.<\/p>\n<p>Per aix\u00f2, oferim cursos certificats de 10, 30, 60 i 100 hores bonificables per la FUNDAE al 100%, \u00e9s a dir, no tenen cap cost per a l&#8217;alumne ni l&#8217;empresa. Poden beneficiar-se&#8217;n aquelles persones o institucions que cotitzen a la Seguretat Social. <\/p>\n\n\t\t<\/div>\n\t\t\t\t\n<style>\n#col-1867737115 > .col-inner {\n  padding: 0px 20px 0px 20px;\n}\n@media (min-width:550px) {\n  #col-1867737115 > .col-inner {\n    padding: 0px 0px 5px 0px;\n  }\n}\n<\/style>\n\t<\/div>\n\n\t\n\n<\/div>\n<div class=\"row row-collapse align-center\"  id=\"row-1692252707\">\n\n\n\t<div id=\"col-705850912\" class=\"col medium-9 small-12 large-9\"  >\n\t\t\t\t<div class=\"col-inner text-center\"  >\n\t\t\t\n\t<div class=\"is-border\"\n\t\tstyle=\"border-width:0px 0px 0px 0px;margin:0px 0px 0px 0px;\">\n\t<\/div>\n\t\t\t\n\n\t<div class=\"img has-hover x md-x lg-x y md-y lg-y\" id=\"image_732358944\">\n\t\t\t\t\t\t\t\t<div class=\"img-inner image-cover dark\" style=\"padding-top:220px;\">\n\t\t\t<img loading=\"lazy\" decoding=\"async\" width=\"1920\" height=\"1080\" src=\"https:\/\/integratek.es\/wp-content\/uploads\/2023\/02\/Copy-of-Angel-curs-helena-1.png\" class=\"attachment-original size-original\" alt=\"\" srcset=\"https:\/\/integratek.es\/wp-content\/uploads\/2023\/02\/Copy-of-Angel-curs-helena-1.png 1920w, https:\/\/integratek.es\/wp-content\/uploads\/2023\/02\/Copy-of-Angel-curs-helena-1-711x400.png 711w, https:\/\/integratek.es\/wp-content\/uploads\/2023\/02\/Copy-of-Angel-curs-helena-1-1400x788.png 1400w, https:\/\/integratek.es\/wp-content\/uploads\/2023\/02\/Copy-of-Angel-curs-helena-1-768x432.png 768w, https:\/\/integratek.es\/wp-content\/uploads\/2023\/02\/Copy-of-Angel-curs-helena-1-1536x864.png 1536w, https:\/\/integratek.es\/wp-content\/uploads\/2023\/02\/Copy-of-Angel-curs-helena-1-510x287.png 510w\" sizes=\"auto, (max-width: 1920px) 100vw, 1920px\" \/>\t\t\t\t\t\t\n\t\t\t\t\t<\/div>\n\t\t\t\t\t\t\t\t\n<style>\n#image_732358944 {\n  width: 91%;\n}\n@media (min-width:550px) {\n  #image_732358944 {\n    width: 100%;\n  }\n}\n<\/style>\n\t<\/div>\n\t\n\n\n\t\t<\/div>\n\t\t\t\t\n<style>\n#col-705850912 > .col-inner {\n  padding: 0px 0px 0px 0px;\n  margin: 0px 0px 0px 0px;\n}\n<\/style>\n\t<\/div>\n\n\t\n\n<\/div>\n<div class=\"row row-collapse\"  id=\"row-107358500\">\n\n\n\t<div id=\"col-1493147405\" class=\"col small-12 large-12\"  >\n\t\t\t\t<div class=\"col-inner text-center\"  >\n\t\t\t\n\t\t\t\n\n\t<div id=\"text-2816693799\" class=\"text\">\n\t\t\n\n<h3 align=\"left\"><b>Qu\u00e8 \u00e9s la FUNDAE?<\/b><\/h3>\n<p align=\"left\">La FUNDAE \u00e9s una entitat p\u00fablica col\u00b7laboradora de SEPE dedicada a la formaci\u00f3 professional per a la feina. FUNDAE contribueix a fer que empreses i treballadors millorin les seves compet\u00e8ncies laborals. Per aix\u00f2, gestionen els fons de les empreses destinats a formaci\u00f3 i que es faran efectius mitjan\u00e7ant bonificacions.  &nbsp;<\/p>\n<p align=\"left\">Totes les empreses tenen un cr\u00e8dit anual per formar els seus treballadors. Aquest cr\u00e8dit es calcula segons les cotitzacions aportades l&#8217;any anterior a la Seguretat Social. &nbsp;<\/p>\n<p align=\"left\">La formaci\u00f3 cont\u00ednua \u00e9s un factor diferencial a l&#8217;hora de tenir una plantilla compromesa amb la seva formaci\u00f3 i desenvolupament professional, cosa que es tradueix en un valor afegit per a l&#8217;empresa.<\/p>\n\t\t\n<style>\n#text-2816693799 {\n  font-size: 0.75rem;\n}\n<\/style>\n\t<\/div>\n\t\n\t<div id=\"text-556300328\" class=\"text\">\n\t\t\n\n<h3 align=\"left\"><b>Qui pot bonificar la formaci\u00f3 per FUNDAE?<\/b><\/h3>\n<p align=\"left\">Qualsevol empresa i centre concertat o privat es pot beneficiar de la bonificaci\u00f3 per a la formaci\u00f3 dels seus treballadors. Per tant, tots els treballadors d&#8217;una empresa poden sol\u00b7licitar la bonificaci\u00f3 de les nostres formacions a trav\u00e9s de la seva empresa. &nbsp;<\/p>\n\t\t\n<style>\n#text-556300328 {\n  font-size: 0.75rem;\n}\n<\/style>\n\t<\/div>\n\t\n\t<div id=\"text-3181361472\" class=\"text\">\n\t\t\n\n<h3 align=\"left\"><b>Com es tramita la bonificaci\u00f3?<\/b><\/h3>\n<p align=\"left\">Gestionar el tr\u00e0mit de la bonificaci\u00f3 \u00e9s senzill: l&#8217;empresa ho pot fer directament a trav\u00e9s de la seva gestoria de cotitzacions a la seguretat social, o b\u00e9, a Integratek oferim un servei extern de gesti\u00f3 de bonificacions, el cost del qual tamb\u00e9 \u00e9s bonificable. Per a m\u00e9s informaci\u00f3, envieu un correu a <a href=\"mailto:info@integratek.es\">info@integratek.es<\/a> . <\/p>\n\t\t\n<style>\n#text-3181361472 {\n  font-size: 0.75rem;\n}\n<\/style>\n\t<\/div>\n\t\n\n\t\t<\/div>\n\t\t\t\t\n<style>\n#col-1493147405 > .col-inner {\n  padding: 0px 0px 0px 0px;\n  margin: 0px 0px 0px 0px;\n}\n@media (min-width:550px) {\n  #col-1493147405 > .col-inner {\n    padding: 30px 0px 0px 0px;\n  }\n}\n<\/style>\n\t<\/div>\n\n\t\n\n<\/div>\n<div class=\"row\"  id=\"row-1832761229\">\n\n\n\t<div id=\"col-984380178\" class=\"col small-12 large-12\"  >\n\t\t\t\t<div class=\"col-inner text-center\"  >\n\t\t\t\n\t\t\t\n\n<a href=\"https:\/\/integratek.es\/ca\/cursos-online-homologats\/\" class=\"button primary lowercase\" style=\"border-radius:10px;\">\n\t\t<span>Veure tots els cursos bonificables<\/span>\n\t<\/a>\n\n\n\n\t\t<\/div>\n\t\t\t\t\t<\/div>\n\n\t\n\n<\/div>\n<div class=\"row align-middle align-center\" style=\"max-width:\" id=\"row-922021259\">\n\n\n\t<div id=\"col-141018105\" class=\"col medium-9 small-12 large-9\"  >\n\t\t\t\t<div class=\"col-inner text-center\"  >\n\t\t\t\n\t\t\t\n\n\t<div class=\"img has-hover x md-x lg-x y md-y lg-y\" id=\"image_98824602\">\n\t\t\t\t\t\t\t\t<div class=\"img-inner image-cover dark\" style=\"padding-top:200px;\">\n\t\t\t<img loading=\"lazy\" decoding=\"async\" width=\"1920\" height=\"1280\" src=\"https:\/\/integratek.es\/wp-content\/uploads\/2023\/01\/mathematics-1509559_1920.jpg\" class=\"attachment-original size-original\" alt=\"ansietat matem\u00e0tica\" srcset=\"https:\/\/integratek.es\/wp-content\/uploads\/2023\/01\/mathematics-1509559_1920.jpg 1920w, https:\/\/integratek.es\/wp-content\/uploads\/2023\/01\/mathematics-1509559_1920-600x400.jpg 600w, https:\/\/integratek.es\/wp-content\/uploads\/2023\/01\/mathematics-1509559_1920-1200x800.jpg 1200w, https:\/\/integratek.es\/wp-content\/uploads\/2023\/01\/mathematics-1509559_1920-768x512.jpg 768w, https:\/\/integratek.es\/wp-content\/uploads\/2023\/01\/mathematics-1509559_1920-1536x1024.jpg 1536w, https:\/\/integratek.es\/wp-content\/uploads\/2023\/01\/mathematics-1509559_1920-510x340.jpg 510w\" sizes=\"auto, (max-width: 1920px) 100vw, 1920px\" \/>\t\t\t\t\t\t\n\t\t\t\t\t<\/div>\n\t\t\t\t\t\t\t\t\n<style>\n#image_98824602 {\n  width: 100%;\n}\n<\/style>\n\t<\/div>\n\t\n\n\n\t\t<\/div>\n\t\t\t\t\t<\/div>\n\n\t\n\n<\/div>\n<div class=\"row row-collapse\"  id=\"row-1259480115\">\n\n\n\t<div id=\"col-1249755794\" class=\"col small-12 large-12\"  >\n\t\t\t\t<div class=\"col-inner\"  >\n\t\t\t\n\t\t\t\n\n\t<div id=\"text-403716864\" class=\"text\">\n\t\t\n\n<h3><b>Gesti\u00f3 de formaci\u00f3 bonificada a trav\u00e9s del centre<\/b><\/h3>\n<p>Si representeu a l&#8217;empresa o centre i voleu realitzar diverses inscripcions per als vostres treballadors, nosaltres ens encarreguem de les inscripcions i d&#8217;enviar-vos la factura corresponent aix\u00ed com la informaci\u00f3 necess\u00e0ria per tramitar la bonificaci\u00f3 a trav\u00e9s de la vostra gestoria.<\/p>\n<p>Nom\u00e9s ens has de fer arribar les teves dades de facturaci\u00f3 i les dades personals dels participants a <a href=\"mailto:info@integratek.es\">info@integratek.es.<\/a> Podr\u00e0s fer un \u00fanic pagament per transfer\u00e8ncia banc\u00e0ria.&nbsp;<\/p>\n\t\t\n<style>\n#text-403716864 {\n  font-size: 0.75rem;\n}\n<\/style>\n\t<\/div>\n\t\n\t<div id=\"text-4074969278\" class=\"text\">\n\t\t\n\n<h3><b>Gesti\u00f3 de la formaci\u00f3 bonificada a trav\u00e9s de l&#8217;alumne&nbsp;<\/b><\/h3>\n<p>Si est\u00e0s interessat en un curs per a tu, parla amb la teva empresa per assegurar-te que l&#8217;empresa accepta bonificar el teu curs amb FUNDAE. Adquireix el curs online per la nostra web indicant les teves dades personals i sol\u00b7licita la factura a nom de la teva empresa a trav\u00e9s de correu electr\u00f2nic ( <a href=\"mailto:info@integratek.es\">info@integratek.es<\/a> ). Et farem arribar la factura i la informaci\u00f3 necess\u00e0ria perqu\u00e8 la gestoria tramiti la bonificaci\u00f3.  <\/p>\n\t\t\n<style>\n#text-4074969278 {\n  font-size: 0.75rem;\n}\n<\/style>\n\t<\/div>\n\t\n\n\t\t<\/div>\n\t\t\t\t\n<style>\n#col-1249755794 > .col-inner {\n  padding: 0px 20px 0px 20px;\n  margin: 0px 0px 30px 0px;\n}\n<\/style>\n\t<\/div>\n\n\t\n\n<\/div>\n\n\t<section class=\"section\" id=\"section_561352573\">\n\t\t<div class=\"section-bg fill\" >\n\t\t\t\t\t\t\t\t\t\n\t\t\t\n\n\t\t<\/div>\n\n\t\t\n\n\t\t<div class=\"section-content relative\">\n\t\t\t\n\n<div class=\"row\"  id=\"row-1004830531\">\n\n\n\t<div id=\"col-64377949\" class=\"col small-12 large-12\"  >\n\t\t\t\t<div class=\"col-inner\"  >\n\t\t\t\n\t\t\t\n\n<div class=\"row\"  id=\"row-133773060\">\n\n\n\t<div id=\"col-1872702242\" class=\"col small-12 large-12\"  >\n\t\t\t\t<div class=\"col-inner\"  >\n\t\t\t\n\t\t\t\n\n<h3><strong>Altres preguntes freq\u00fcents relacionades amb FUNDAE<\/strong><\/h3>\n\n\t\t<\/div>\n\t\t\t\t\t<\/div>\n\n\t\n\n<\/div>\n<div class=\"accordion\">\n\n\t<div id=\"accordion-1959260146\" class=\"accordion-item\">\n\t\t<a id=\"accordion-1959260146-label\" class=\"accordion-title plain\" href=\"#accordion-item-he-de-finalitzar-el-curs-en-un-termini-de-temps?\" aria-expanded=\"false\" aria-controls=\"accordion-1959260146-content\">\n\t\t\t<button class=\"toggle\" aria-label=\"Toggle\"><i class=\"icon-angle-down\" aria-hidden=\"true\"><\/i><\/button>\n\t\t\t<span>He de finalitzar el curs en un termini de temps?<\/span>\n\t\t<\/a>\n\t\t<div id=\"accordion-1959260146-content\" class=\"accordion-inner\" aria-labelledby=\"accordion-1959260146-label\">\n\t\t\t\n\n<p>S\u00ed, has de completar el curs abans de la data de finalitzaci\u00f3 que s&#8217;hagi indicat a la comunicaci\u00f3 de la bonificaci\u00f3.<\/p>\n\n\t\t<\/div>\n\t<\/div>\n\t\n\t<div id=\"accordion-3253221843\" class=\"accordion-item\">\n\t\t<a id=\"accordion-3253221843-label\" class=\"accordion-title plain\" href=\"#accordion-item-es-pot-acumular-el-cr\u00e8dit-de-bonificaci\u00f3-per-fundae?\" aria-expanded=\"false\" aria-controls=\"accordion-3253221843-content\">\n\t\t\t<button class=\"toggle\" aria-label=\"Toggle\"><i class=\"icon-angle-down\" aria-hidden=\"true\"><\/i><\/button>\n\t\t\t<span>Es pot acumular el cr\u00e8dit de bonificaci\u00f3 per FUNDAE?<\/span>\n\t\t<\/a>\n\t\t<div id=\"accordion-3253221843-content\" class=\"accordion-inner\" aria-labelledby=\"accordion-3253221843-label\">\n\t\t\t\n\n<p>No, el cr\u00e8dit per a formaci\u00f3 \u00e9s anual. Per tant, la formaci\u00f3 s&#8217;ha de completar abans de l&#8217;any vigent per poder beneficiar-se de la bonificaci\u00f3. <\/p>\n<p>\u00danicament les empreses petites de menys de 50 treballadors poden acumular el cr\u00e8dit d&#8217;un any a l&#8217;altre sempre que ho sol\u00b7licitin per escrit a FUNDAE abans de l&#8217;1 de juliol del mateix any.<\/p>\n\n\t\t<\/div>\n\t<\/div>\n\t\n\t<div id=\"accordion-1361774166\" class=\"accordion-item\">\n\t\t<a id=\"accordion-1361774166-label\" class=\"accordion-title plain\" href=\"#accordion-item-es-poden-dividir-les-hores-de-formaci\u00f3-en-dos-anys-diferents?\" aria-expanded=\"false\" aria-controls=\"accordion-1361774166-content\">\n\t\t\t<button class=\"toggle\" aria-label=\"Toggle\"><i class=\"icon-angle-down\" aria-hidden=\"true\"><\/i><\/button>\n\t\t\t<span>Es poden dividir les hores de formaci\u00f3 en dos anys diferents?<\/span>\n\t\t<\/a>\n\t\t<div id=\"accordion-1361774166-content\" class=\"accordion-inner\" aria-labelledby=\"accordion-1361774166-label\">\n\t\t\t\n\n<p>S\u00ed, es pot dividir la formaci\u00f3 i realitzar unes hores l&#8217;any actual i la resta el proper any, utilitzant el cr\u00e8dit de cada any segons les hores bonificades a cadascun.<\/p>\n\n\t\t<\/div>\n\t<\/div>\n\t\n\n<\/div>\n\n\t\t<\/div>\n\t\t\t\t\t<\/div>\n\n\t\n\n<\/div>\n\n\t\t<\/div>\n\n\t\t\n<style>\n#section_561352573 {\n  padding-top: 30px;\n  padding-bottom: 30px;\n  background-color: rgb(255, 255, 255);\n}\n<\/style>\n\t<\/section>\n\t\n\n","protected":false},"excerpt":{"rendered":"","protected":false},"author":170907,"featured_media":0,"parent":0,"menu_order":0,"comment_status":"closed","ping_status":"closed","template":"page-blank.php","meta":{"_acf_changed":false,"productId":0,"footnotes":""},"class_list":["post-203247","page","type-page","status-publish","hentry"],"acf":[],"_links":{"self":[{"href":"https:\/\/integratek.es\/ca\/wp-json\/wp\/v2\/pages\/203247","targetHints":{"allow":["GET"]}}],"collection":[{"href":"https:\/\/integratek.es\/ca\/wp-json\/wp\/v2\/pages"}],"about":[{"href":"https:\/\/integratek.es\/ca\/wp-json\/wp\/v2\/types\/page"}],"author":[{"embeddable":true,"href":"https:\/\/integratek.es\/ca\/wp-json\/wp\/v2\/users\/170907"}],"replies":[{"embeddable":true,"href":"https:\/\/integratek.es\/ca\/wp-json\/wp\/v2\/comments?post=203247"}],"version-history":[{"count":5,"href":"https:\/\/integratek.es\/ca\/wp-json\/wp\/v2\/pages\/203247\/revisions"}],"predecessor-version":[{"id":205131,"href":"https:\/\/integratek.es\/ca\/wp-json\/wp\/v2\/pages\/203247\/revisions\/205131"}],"wp:attachment":[{"href":"https:\/\/integratek.es\/ca\/wp-json\/wp\/v2\/media?parent=203247"}],"curies":[{"name":"wp","href":"https:\/\/api.w.org\/{rel}","templated":true}]}}