{"id":203230,"date":"2018-11-07T13:46:06","date_gmt":"2018-11-07T12:46:06","guid":{"rendered":"https:\/\/integratek.es\/curriculum-elisabet-suades-2\/"},"modified":"2025-08-25T11:02:16","modified_gmt":"2025-08-25T09:02:16","slug":"curriculum-elisabet-suades","status":"publish","type":"page","link":"https:\/\/integratek.es\/ca\/curriculum-elisabet-suades\/","title":{"rendered":"Elisabet Suades | Equip de formadors d&#8217;UTAE"},"content":{"rendered":"\n\t<div id=\"gap-1608119384\" class=\"gap-element clearfix\" style=\"display:block; height:auto;\">\n\t\t\n<style>\n#gap-1608119384 {\n  padding-top: 50px;\n}\n<\/style>\n\t<\/div>\n\t\n\n<div class=\"row\"  id=\"row-259104414\">\n\n\n\t<div id=\"col-1709013137\" class=\"col medium-6 small-12 large-6\"  >\n\t\t\t\t<div class=\"col-inner\"  >\n\t\t\t\n\t\t\t\n\n<h1><span style=\"font-size: 160%;\">ELISABET <span style=\"color: #ff8300;\">SUATS<\/span><\/span><\/h1>\n<ul>\n<li>Cursant doctorat en Biomedicina. Universitat Pompeu Fabra. <\/li>\n<li>M\u00e0ster en Salut P\u00fablica. Universitat Pompeu Fabra. <\/li>\n<li>M\u00e0ster en Neuropsicologia Cl\u00ednica infantil i adults. Universitat Aut\u00f2noma de Barcelona.<\/li>\n<li>Llicenciada en Psicologia. Universitat Aut\u00f2noma de Barcelona.<\/li>\n<\/ul>\n<a href=\"https:\/\/integratek.es\/ca\/equip-formadors-de-utae\/\" target=\"_blank\" class=\"button primary lowercase\" rel=\"noopener\" style=\"border-radius:99px;\">\n\t\t<span>Descobreix m\u00e9s formadors d&#039;UTAE<\/span>\n\t<\/a>\n\n\n\n\t\t<\/div>\n\t\t\t\t\t<\/div>\n\n\t\n\n\t<div id=\"col-2136031155\" class=\"col medium-6 small-12 large-6\"  >\n\t\t\t\t<div class=\"col-inner\"  >\n\t\t\t\n\t\t\t\n\n    <div class=\"box has-hover has-hover box-none box-text-bottom\" >\n\n                  <div class=\"box-image \" style=\"width:80%;\">\n           <div class=\"box-image-inner image-cover\" style=\"border-radius:100%;padding-top:100%;\">\n              <img loading=\"lazy\" decoding=\"async\" width=\"245\" height=\"245\" src=\"https:\/\/integratek.es\/wp-content\/uploads\/2018\/11\/ip_prof_elisabet_suades.jpg\" class=\"attachment- size-\" alt=\"\" srcset=\"https:\/\/integratek.es\/wp-content\/uploads\/2018\/11\/ip_prof_elisabet_suades.jpg 245w, https:\/\/integratek.es\/wp-content\/uploads\/2018\/11\/ip_prof_elisabet_suades-100x100.jpg 100w\" sizes=\"auto, (max-width: 245px) 100vw, 245px\" \/>                         <\/div>\n          <\/div>\n         \n          <div class=\"box-text text-center\" >\n                <div class=\"box-text-inner\">\n                  <h4 class=\"uppercase\">\n                    <span class=\"person-name\">Ola Nordmann<\/span><br\/>\n                    <span class=\"person-title is-small thin-font op-7\">\n                      Customer Support                    <\/span>\n                  <\/h4>\n\t\t\t\t\t\n\n<p> Lorem ipsum.. <\/p>\n\n                <\/div>\n          <\/div>\n    <\/div>\n\n\t\n    \n\n\t\t<\/div>\n\t\t\t\t\t<\/div>\n\n\t\n\n<\/div>\n\n","protected":false},"excerpt":{"rendered":"","protected":false},"author":1,"featured_media":0,"parent":0,"menu_order":0,"comment_status":"closed","ping_status":"closed","template":"","meta":{"_acf_changed":false,"productId":0,"footnotes":""},"class_list":["post-203230","page","type-page","status-publish","hentry"],"acf":[],"_links":{"self":[{"href":"https:\/\/integratek.es\/ca\/wp-json\/wp\/v2\/pages\/203230","targetHints":{"allow":["GET"]}}],"collection":[{"href":"https:\/\/integratek.es\/ca\/wp-json\/wp\/v2\/pages"}],"about":[{"href":"https:\/\/integratek.es\/ca\/wp-json\/wp\/v2\/types\/page"}],"author":[{"embeddable":true,"href":"https:\/\/integratek.es\/ca\/wp-json\/wp\/v2\/users\/1"}],"replies":[{"embeddable":true,"href":"https:\/\/integratek.es\/ca\/wp-json\/wp\/v2\/comments?post=203230"}],"version-history":[{"count":4,"href":"https:\/\/integratek.es\/ca\/wp-json\/wp\/v2\/pages\/203230\/revisions"}],"predecessor-version":[{"id":207114,"href":"https:\/\/integratek.es\/ca\/wp-json\/wp\/v2\/pages\/203230\/revisions\/207114"}],"wp:attachment":[{"href":"https:\/\/integratek.es\/ca\/wp-json\/wp\/v2\/media?parent=203230"}],"curies":[{"name":"wp","href":"https:\/\/api.w.org\/{rel}","templated":true}]}}