{"id":203178,"date":"2019-09-27T09:42:37","date_gmt":"2019-09-27T07:42:37","guid":{"rendered":"https:\/\/integratek.es\/curriculum-jon-andoni-dunabeitia-2\/"},"modified":"2025-08-25T11:07:51","modified_gmt":"2025-08-25T09:07:51","slug":"curriculum-jon-andoni-dunabeitia","status":"publish","type":"page","link":"https:\/\/integratek.es\/ca\/curriculum-jon-andoni-dunabeitia\/","title":{"rendered":"Curr\u00edculum Jon Andoni Du\u00f1abeitia"},"content":{"rendered":"\n\t<div id=\"gap-1947963629\" class=\"gap-element clearfix\" style=\"display:block; height:auto;\">\n\t\t\n<style>\n#gap-1947963629 {\n  padding-top: 50px;\n}\n<\/style>\n\t<\/div>\n\t\n\n<div class=\"row\"  id=\"row-755300834\">\n\n\n\t<div id=\"col-121085413\" class=\"col medium-6 small-12 large-6\"  >\n\t\t\t\t<div class=\"col-inner\"  >\n\t\t\t\n\t\t\t\n\n<h1><span style=\"font-size: 160%;\">JON ANDONI <font color=\"#ef8019\">DU\u00d1ABEITIA<\/font><\/span><\/h1>\n<p>Doctor en Psicologia, Catedr\u00e0tic de la Universitat Nebrija i expert en ci\u00e8ncia cognitiva i psicoling\u00fc\u00edstica.<\/p>\n<p>Despr\u00e9s de finalitzar els estudis com a mestre (Universitat del Pa\u00eds Basc) i psicopedagog (Universitat de Deusto), va comen\u00e7ar una carrera investigadora explorant la relaci\u00f3 entre cervell i llenguatge a la Universitat de Val\u00e8ncia ia la Universitat de La Laguna, usant t\u00e8cniques conductuals i de neuroimatge, i atenent principalment el multiling\u00fcisme i els processos d&#8217;alfabetitzaci\u00f3 en persones de diferents.<\/p>\n<p>Durant anys ha liderat un equip de recerca al Basque Center on Cognition, Brain and Language (BCBL), i ha estat docent a diferents cursos de postgrau internacionals. Les contribucions cient\u00edfiques superen els 100 articles d&#8217;impacte internacional i han dirigit diversos projectes nacionals i auton\u00f2mics sobre aprenentatge de lleng\u00fces i lectura. <\/p>\n<p>Actualment dirigeix el Centre de Ci\u00e8ncia Cognitiva (C3) de la Facultat de Lleng\u00fces i Educaci\u00f3 de la Universitat Nebrija, on tamb\u00e9 lidera un grup de recerca sobre Cognici\u00f3, Emoci\u00f3 i Difer\u00e8ncies Individuals.<\/p>\n\n\t\t<\/div>\n\t\t\t\t\t<\/div>\n\n\t\n\n\t<div id=\"col-1656621128\" class=\"col medium-6 small-12 large-6\"  >\n\t\t\t\t<div class=\"col-inner\"  >\n\t\t\t\n\t\t\t\n\n    <div class=\"box has-hover has-hover box-none box-text-bottom\" >\n\n                  <div class=\"box-image \" style=\"width:65%;\">\n           <div class=\"box-image-inner image-cover\" style=\"border-radius:100%;padding-top:100%;\">\n              <img loading=\"lazy\" decoding=\"async\" width=\"431\" height=\"455\" src=\"https:\/\/integratek.es\/wp-content\/uploads\/2019\/09\/Jon-Andoni-Dunabeitia-1.jpg\" class=\"attachment- size-\" alt=\"Jon-Andoni-Dun\u0303abeitia\" \/>                         <\/div>\n          <\/div>\n         \n          <div class=\"box-text text-center\" >\n                <div class=\"box-text-inner\">\n                  <h4 class=\"uppercase\">\n                    <span class=\"person-name\">Ola Nordmann<\/span><br\/>\n                    <span class=\"person-title is-small thin-font op-7\">\n                      Customer Support                    <\/span>\n                  <\/h4>\n\t\t\t\t\t\n\n<p>Lorem ipsum..<\/p>\n\n                <\/div>\n          <\/div>\n    <\/div>\n\n\t\n    \n\n\t\t<\/div>\n\t\t\t\t\t<\/div>\n\n\t\n\n<\/div>\n<div class=\"row\"  id=\"row-1301034712\">\n\n\n\t<div id=\"col-1018590327\" class=\"col medium-6 small-12 large-6\"  >\n\t\t\t\t<div class=\"col-inner\"  >\n\t\t\t\n\t\t\t\n\n<a href=\"https:\/\/integratek.es\/ca\/equip-formadors-integratek\/\" target=\"_blank\" class=\"button primary lowercase expand\" rel=\"noopener\" style=\"border-radius:99px;\">\n\t\t<span>Descobreix m\u00e9s formadors d&#039;Integratek<\/span>\n\t<\/a>\n\n\n\n\t\t<\/div>\n\t\t\t\t\t<\/div>\n\n\t\n\n\t<div id=\"col-549355381\" class=\"col medium-6 small-12 large-6\"  >\n\t\t\t\t<div class=\"col-inner\"  >\n\t\t\t\n\t\t\t\n\n\n\t\t<\/div>\n\t\t\t\t\t<\/div>\n\n\t\n\n<\/div>\n\n","protected":false},"excerpt":{"rendered":"","protected":false},"author":2524,"featured_media":0,"parent":0,"menu_order":0,"comment_status":"closed","ping_status":"closed","template":"","meta":{"_acf_changed":false,"productId":0,"footnotes":""},"class_list":["post-203178","page","type-page","status-publish","hentry"],"acf":[],"_links":{"self":[{"href":"https:\/\/integratek.es\/ca\/wp-json\/wp\/v2\/pages\/203178","targetHints":{"allow":["GET"]}}],"collection":[{"href":"https:\/\/integratek.es\/ca\/wp-json\/wp\/v2\/pages"}],"about":[{"href":"https:\/\/integratek.es\/ca\/wp-json\/wp\/v2\/types\/page"}],"author":[{"embeddable":true,"href":"https:\/\/integratek.es\/ca\/wp-json\/wp\/v2\/users\/2524"}],"replies":[{"embeddable":true,"href":"https:\/\/integratek.es\/ca\/wp-json\/wp\/v2\/comments?post=203178"}],"version-history":[{"count":5,"href":"https:\/\/integratek.es\/ca\/wp-json\/wp\/v2\/pages\/203178\/revisions"}],"predecessor-version":[{"id":207131,"href":"https:\/\/integratek.es\/ca\/wp-json\/wp\/v2\/pages\/203178\/revisions\/207131"}],"wp:attachment":[{"href":"https:\/\/integratek.es\/ca\/wp-json\/wp\/v2\/media?parent=203178"}],"curies":[{"name":"wp","href":"https:\/\/api.w.org\/{rel}","templated":true}]}}