{"id":203169,"date":"2020-02-11T16:57:35","date_gmt":"2020-02-11T15:57:35","guid":{"rendered":"https:\/\/integratek.es\/curriculum-ana-quijada\/"},"modified":"2025-08-25T10:24:58","modified_gmt":"2025-08-25T08:24:58","slug":"curriculum-ana-quijada","status":"publish","type":"page","link":"https:\/\/integratek.es\/ca\/curriculum-ana-quijada\/","title":{"rendered":"Curr\u00edculum Ana Quijada"},"content":{"rendered":"\n\t<div id=\"gap-931390309\" class=\"gap-element clearfix\" style=\"display:block; height:auto;\">\n\t\t\n<style>\n#gap-931390309 {\n  padding-top: 50px;\n}\n<\/style>\n\t<\/div>\n\t\n\n<div class=\"row\"  id=\"row-90751739\">\n\n\n\t<div id=\"col-429937423\" class=\"col medium-6 small-12 large-6\"  >\n\t\t\t\t<div class=\"col-inner\"  >\n\t\t\t\n\t\t\t\n\n<h1><span style=\"font-size: 160%;\">ANA <font color=\"#ef8019\">QUIJADA<\/font><\/span><\/h1>\n\n\t\t<\/div>\n\t\t\t\t\t<\/div>\n\n\t\n\n\t<div id=\"col-671137178\" class=\"col medium-6 small-12 large-6\"  >\n\t\t\t\t<div class=\"col-inner\"  >\n\t\t\t\n\t\t\t\n\n\n\t\t<\/div>\n\t\t\t\t\t<\/div>\n\n\t\n\n<\/div>\n<div class=\"row\"  id=\"row-1400912294\">\n\n\n\t<div id=\"col-1843884740\" class=\"col medium-6 small-12 large-6\"  >\n\t\t\t\t<div class=\"col-inner\"  >\n\t\t\t\n\t\t\t\n\n<p>S\u00f3c activa i inquieta professionalment all\u00f2 que m&#8217;ha perm\u00e8s con\u00e8ixer des de diferents perfils la realitat social, educativa i cultural en qu\u00e8 estem immersos. M&#8217;agraden els reptes i els assumeixo amb responsabilitat i il\u00b7lusi\u00f3. <\/p>\n<p>L&#8217;any 2001-2002 vaig treballar a l&#8217;Institut Nacional d&#8217;Estad\u00edstica de Ja\u00e9n com a encarregada al Cens Municipal, en principi, aquest perfil tenia poc a veure amb la meva formaci\u00f3 acad\u00e8mica per\u00f2 va suposar un gran aprenentatge personal i professional per a mi.<\/p>\n<p>Entre el 2002-2003, vaig treballar com a pedagoga en un centre concertat, el Cardenal Sp\u00ednola que em va aportar entre altres coses una visi\u00f3 sobre la inclusi\u00f3 diferent de la que tenia fins ara ja que aquest centre comptava amb alumnat d&#8217;\u00e8tnia gitana, pakistanesa i amb greus problemes d&#8217;integraci\u00f3 social, cultural i econ\u00f2mica.<\/p>\n<p>L&#8217;any 2004, fuinombrada Funcion\u00e0ria de Carrera del cos de mestres i mestres, aix\u00f2 va suposar a la meva vida la tranquil\u00b7litat de poder tenir un futur estable professionalment per\u00f2 no per aix\u00f2 vaig deixar de proposar-me reptes.<\/p>\n<p>He treballat en diferents etapes educatives (infantil, prim\u00e0ria i secund\u00e0ria) he assumit coordinacions de diferents plans i programes educatius (pau, igualtat, compensat\u00f2ria, h\u00e0bits de vida saludable,&#8230;).<\/p>\n<p>He sol\u00b7licitat llocs que em traguessin de la meva zona de confort.<\/p>\n<p>L&#8217;any 2008 com a membre del Gabinet Provincial de Conviv\u00e8ncia i Igualtat de Ja\u00e9n, a finals de l&#8217;any 2013 vaig presentar un projecte per a l&#8217;Assessoria d&#8217;Infantil del Centre del Professorat de Linares-And\u00fajar, obtenint la pla\u00e7a el 2014 i desenvolupant aquesta tasca fins a l&#8217;agost del 2019.<\/p>\n<p>El 2016 em vaig presentar a les oposicions d&#8217;Orientaci\u00f3 de Secund\u00e0ria, vaig obtenir la pla\u00e7a i vaig ser nomenada Funcion\u00e0ria Carrera del Cos de Professorat d&#8217;Ensenyament Secundari l&#8217;any 2017.<\/p>\n<p>El setembre del 2019, m&#8217;he incorporat novament al Gabinet Provincial d&#8217;Assessorament a la Conviv\u00e8ncia Escolar i Igualtat que \u00e9s el lloc que exerceixo actualment. Des de tots aquests perfils, he pogut cr\u00e9ixer personalment i professionalment i aix\u00f2 \u00e9s el que pretenc continuar fent. <\/p>\n\n\t\t<\/div>\n\t\t\t\t\t<\/div>\n\n\t\n\n\t<div id=\"col-612785372\" class=\"col medium-6 small-12 large-6\"  >\n\t\t\t\t<div class=\"col-inner\"  >\n\t\t\t\n\t\t\t\n\n    <div class=\"box has-hover has-hover box-none box-text-bottom\" >\n\n                  <div class=\"box-image \" style=\"width:65%;\">\n           <div class=\"box-image-inner image-cover\" style=\"border-radius:100%;padding-top:100%;\">\n              <img loading=\"lazy\" decoding=\"async\" width=\"512\" height=\"488\" src=\"https:\/\/integratek.es\/wp-content\/uploads\/2020\/02\/Ana-Quijada-1.jpg\" class=\"attachment- size-\" alt=\"\" \/>                         <\/div>\n          <\/div>\n         \n          <div class=\"box-text text-center\" >\n                <div class=\"box-text-inner\">\n                  <h4 class=\"uppercase\">\n                    <span class=\"person-name\">Ola Nordmann<\/span><br\/>\n                    <span class=\"person-title is-small thin-font op-7\">\n                      Customer Support                    <\/span>\n                  <\/h4>\n\t\t\t\t\t\n\n<p>Lorem ipsum..<\/p>\n\n                <\/div>\n          <\/div>\n    <\/div>\n\n\t\n    \n\n\t\t<\/div>\n\t\t\t\t\t<\/div>\n\n\t\n\n<\/div>\n<div class=\"row\"  id=\"row-1862175158\">\n\n\n\t<div id=\"col-1323088623\" class=\"col small-12 large-12\"  >\n\t\t\t\t<div class=\"col-inner text-center\"  >\n\t\t\t\n\t\t\t\n\n<a href=\"https:\/\/integratek.es\/ca\/equip-formadors-integratek\/\" target=\"_blank\" class=\"button primary lowercase\" rel=\"noopener\" style=\"border-radius:99px;\">\n\t\t<span>Descobreix m\u00e9s formadors d&#039;Integratek<\/span>\n\t<\/a>\n\n\n\n\t\t<\/div>\n\t\t\t\t\t<\/div>\n\n\t\n\n<\/div>\n\n","protected":false},"excerpt":{"rendered":"","protected":false},"author":5845,"featured_media":0,"parent":0,"menu_order":0,"comment_status":"closed","ping_status":"closed","template":"","meta":{"_acf_changed":false,"productId":0,"footnotes":""},"class_list":["post-203169","page","type-page","status-publish","hentry"],"acf":[],"_links":{"self":[{"href":"https:\/\/integratek.es\/ca\/wp-json\/wp\/v2\/pages\/203169","targetHints":{"allow":["GET"]}}],"collection":[{"href":"https:\/\/integratek.es\/ca\/wp-json\/wp\/v2\/pages"}],"about":[{"href":"https:\/\/integratek.es\/ca\/wp-json\/wp\/v2\/types\/page"}],"author":[{"embeddable":true,"href":"https:\/\/integratek.es\/ca\/wp-json\/wp\/v2\/users\/5845"}],"replies":[{"embeddable":true,"href":"https:\/\/integratek.es\/ca\/wp-json\/wp\/v2\/comments?post=203169"}],"version-history":[{"count":4,"href":"https:\/\/integratek.es\/ca\/wp-json\/wp\/v2\/pages\/203169\/revisions"}],"predecessor-version":[{"id":207067,"href":"https:\/\/integratek.es\/ca\/wp-json\/wp\/v2\/pages\/203169\/revisions\/207067"}],"wp:attachment":[{"href":"https:\/\/integratek.es\/ca\/wp-json\/wp\/v2\/media?parent=203169"}],"curies":[{"name":"wp","href":"https:\/\/api.w.org\/{rel}","templated":true}]}}